{"id":268,"date":"2015-10-07T09:22:50","date_gmt":"2015-10-07T08:22:50","guid":{"rendered":"http:\/\/giovannatantini.it\/?page_id=268"},"modified":"2025-07-31T07:27:34","modified_gmt":"2025-07-31T06:27:34","slug":"home","status":"publish","type":"page","link":"https:\/\/giovannatantini.it\/en\/","title":{"rendered":"Home"},"content":{"rendered":"<p>[vc_row full_width=&#8221;stretch_row&#8221; css=&#8221;.vc_custom_1444297304566{margin-top: -60px !important;background-color: #ffffff !important;}&#8221;][vc_column][vc_empty_space height=&#8221;50px&#8221;][vc_column_text css=&#8221;.vc_custom_1753943250846{padding-bottom: 20px !important;}&#8221;]<\/p>\n<h4 style=\"text-align: center;\">OUR TOP WINES<\/h4>\n<p>[\/vc_column_text][vc_btn title=&#8221;DISCOVER AND BUY WINES&#8221; style=&#8221;classic&#8221; shape=&#8221;square&#8221; color=&#8221;juicy-pink&#8221; size=&#8221;lg&#8221; align=&#8221;center&#8221; link=&#8221;url:https%3A%2F%2Ftravino.it%2Fregioni-italiane%2Fveneto%2Fgiovanna-tantini|title:Accomodations&#8221;][vc_row_inner][vc_column_inner width=&#8221;1\/2&#8243;][vc_empty_space height=&#8221;30px&#8221;][vc_hoverbox image=&#8221;4485&#8243; primary_title=&#8221;DOC WINES&#8221; primary_align=&#8221;right&#8221; primary_title_font_container=&#8221;font_size:40px|color:%23edd504&#8243; primary_title_google_fonts=&#8221;font_family:Roboto%3A100%2C100italic%2C300%2C300italic%2Cregular%2Citalic%2C500%2C500italic%2C700%2C700italic%2C900%2C900italic|font_style:400%20regular%3A400%3Anormal&#8221; hover_title=&#8221;DOC WINES&#8221; hover_title_font_container=&#8221;font_size:30PX|color:%23110000&#8243; hover_title_google_fonts=&#8221;font_family:Roboto%3A100%2C100italic%2C300%2C300italic%2Cregular%2Citalic%2C500%2C500italic%2C700%2C700italic%2C900%2C900italic|font_style:400%20regular%3A400%3Anormal&#8221; shape=&#8221;square&#8221; hover_btn_title=&#8221;DISCOVER DOC WINES&#8221; hover_btn_shape=&#8221;square&#8221; hover_btn_color=&#8221;juicy-pink&#8221; use_custom_fonts_primary_title=&#8221;true&#8221; use_custom_fonts_hover_title=&#8221;true&#8221; hover_add_button=&#8221;true&#8221; primary_title_link=&#8221;url:%2Fen%2Fshop%2Fd-o-c-wine%2F&#8221; hover_btn_link=&#8221;url:https%3A%2F%2Fgiovannatantini.it%2Fen%2Fdoc-wines%2F|title:DOC%20Wines&#8221; hover_title_link=&#8221;url:https%3A%2F%2Fgiovannatantini.it%2Fen%2Fdoc-wines%2F|title:DOC%20Wines&#8221;]Giovanna Tantini makes five DOC wines: Bardolino DOC, Chiaretto di Bardolino DOC, Custoza DOC, \u201cMa.Gi.Co\u201d Garda Corvina DOC e \u201cLa Rocca\u201d Bardolino DOC.[\/vc_hoverbox][vc_empty_space height=&#8221;30px&#8221;][\/vc_column_inner][vc_column_inner width=&#8221;1\/2&#8243;][vc_empty_space height=&#8221;30px&#8221;][vc_hoverbox image=&#8221;4489&#8243; primary_title=&#8221;IGT WINES&#8221; primary_align=&#8221;right&#8221; primary_title_font_container=&#8221;font_size:40px|color:%23edd504&#8243; primary_title_google_fonts=&#8221;font_family:Roboto%3A100%2C100italic%2C300%2C300italic%2Cregular%2Citalic%2C500%2C500italic%2C700%2C700italic%2C900%2C900italic|font_style:400%20regular%3A400%3Anormal&#8221; hover_title=&#8221;IGT WINES&#8221; hover_title_font_container=&#8221;font_size:30PX|color:%23110000&#8243; hover_title_google_fonts=&#8221;font_family:Roboto%3A100%2C100italic%2C300%2C300italic%2Cregular%2Citalic%2C500%2C500italic%2C700%2C700italic%2C900%2C900italic|font_style:400%20regular%3A400%3Anormal&#8221; shape=&#8221;square&#8221; hover_btn_title=&#8221;DISCOVER IGT WINES&#8221; hover_btn_shape=&#8221;square&#8221; hover_btn_color=&#8221;juicy-pink&#8221; use_custom_fonts_primary_title=&#8221;true&#8221; use_custom_fonts_hover_title=&#8221;true&#8221; hover_add_button=&#8221;true&#8221; primary_title_link=&#8221;url:%2Fen%2Fshop%2Fi-g-t-wine%2F&#8221; hover_btn_link=&#8221;url:https%3A%2F%2Fgiovannatantini.it%2Fen%2Figt-wines%2F|title:IGT%20Wines&#8221; hover_title_link=&#8221;url:https%3A%2F%2Fgiovannatantini.it%2Fen%2Figt-wines%2F|title:IGT%20Wines&#8221;]Two IGT wines are produced from single vineyards: Greta IGT and Ettore IGT.[\/vc_hoverbox][vc_empty_space height=&#8221;30px&#8221;][\/vc_column_inner][\/vc_row_inner][\/vc_column][\/vc_row][vc_row][vc_column][vc_empty_space height=&#8221;30px&#8221;][vc_row_inner][vc_column_inner width=&#8221;1\/2&#8243;][vc_empty_space height=&#8221;30px&#8221;][vc_column_text css_animation=&#8221;bounceInLeft&#8221;]<\/p>\n<h4>ROOMS AND APARTMENT<\/h4>\n<p>Farmhouse a few steps from Lake Garda, surrounded by vineyards, for your relaxing holiday, where you can experience a tour of the vineyards and tasting of our wines.[\/vc_column_text][vc_empty_space height=&#8221;30px&#8221;][\/vc_column_inner][vc_column_inner width=&#8221;1\/2&#8243;][vc_empty_space height=&#8221;30px&#8221;][vc_btn title=&#8221;DISCOVER MORE&#8221; style=&#8221;classic&#8221; shape=&#8221;square&#8221; color=&#8221;juicy-pink&#8221; size=&#8221;lg&#8221; align=&#8221;center&#8221; button_block=&#8221;true&#8221; link=&#8221;url:https%3A%2F%2Fgiovannatantini.it%2Fen%2Faccomodations%2F|title:Accomodations&#8221;][vc_empty_space height=&#8221;30px&#8221;][\/vc_column_inner][\/vc_row_inner][\/vc_column][\/vc_row][vc_row full_width=&#8221;stretch_row&#8221; scheme=&#8221;dark&#8221; css=&#8221;.vc_custom_1444302369880{background-color: #b3ba66 !important;}&#8221;][vc_column width=&#8221;1\/2&#8243;][vc_empty_space height=&#8221;48px&#8221;][vc_single_image image=&#8221;3276&#8243; img_size=&#8221;570&#215;324&#8243; onclick=&#8221;custom_link&#8221; link=&#8221;https:\/\/giovannatantini.it\/en\/video\/&#8221;][vc_empty_space height=&#8221;48px&#8221;][\/vc_column][vc_column width=&#8221;1\/2&#8243;][vc_empty_space height=&#8221;48px&#8221;][vc_single_image image=&#8221;3282&#8243; img_size=&#8221;570&#215;324&#8243; onclick=&#8221;custom_link&#8221; link=&#8221;https:\/\/giovannatantini.it\/en\/video\/&#8221;][vc_empty_space height=&#8221;48px&#8221;][\/vc_column][vc_column][vc_btn title=&#8221;LOOK AT THE VIDEOS&#8221; style=&#8221;classic&#8221; shape=&#8221;square&#8221; color=&#8221;juicy-pink&#8221; size=&#8221;lg&#8221; align=&#8221;center&#8221; button_block=&#8221;true&#8221; link=&#8221;url:https%3A%2F%2Fgiovannatantini.it%2Fen%2Fvideo%2F|title:Accomodations&#8221;][\/vc_column][\/vc_row][vc_row][vc_column][vc_empty_space height=&#8221;50px&#8221;][\/vc_column][\/vc_row][vc_row][vc_column width=&#8221;1\/2&#8243;][vc_empty_space height=&#8221;15px&#8221;][vc_single_image image=&#8221;2973&#8243; img_size=&#8221;570&#215;380&#8243; onclick=&#8221;custom_link&#8221; link=&#8221;https:\/\/giovannatantini.it\/en\/wine-tour-and-tasting\/&#8221;][\/vc_column][vc_column width=&#8221;1\/2&#8243;][vc_empty_space height=&#8221;15px&#8221;][vc_single_image image=&#8221;3316&#8243; img_size=&#8221;570&#215;380&#8243; onclick=&#8221;custom_link&#8221; link=&#8221;https:\/\/giovannatantini.it\/en\/wine-tour-and-tasting\/&#8221;][\/vc_column][\/vc_row][vc_row][vc_column][vc_empty_space height=&#8221;15px&#8221;][vc_btn title=&#8221;LOOK AND BOOK OUR WINE EXPERIENCES&#8221; style=&#8221;classic&#8221; shape=&#8221;square&#8221; color=&#8221;juicy-pink&#8221; size=&#8221;lg&#8221; align=&#8221;center&#8221; button_block=&#8221;true&#8221; link=&#8221;url:https%3A%2F%2Fgiovannatantini.it%2Fen%2Fwine-tour-and-tasting%2F|title:Accomodations&#8221;]<div id=\"sc_testimonials_1634657205\" class=\"sc_testimonials sc_testimonials_style_testimonials-1  sc_slider_swiper swiper-slider-container sc_slider_nopagination sc_slider_controls sc_slider_controls_side sc_slider_height_auto aligncenter\" data-old-width=\"840px\" data-interval=\"9280\" style=\"margin-top:70px;margin-bottom:12px;width:840px;\"><h2 class=\"sc_testimonials_title sc_item_title\">REVIEWS<\/h2><div class=\"sc_testimonials_descr sc_item_descr\"><a href=https:\/\/g.page\/r\/CWImMlupEMYUEAg\/review>Leave a review on Google<\/a><\/div><div class=\"slides swiper-wrapper\"><div class=\"swiper-slide\" data-style=\"width:840px;\" style=\"width:840px;\">\t\t\t<div id=\"sc_testimonials_1634657205_1\" class=\"sc_testimonial_item\">\n\t\t\t\t<div class=\"sc_testimonial_avatar\"><img loading=\"lazy\" decoding=\"async\" class=\"wp-post-image\" width=\"75\" height=\"75\" alt=\"Wir werden sicherlich nochmal hinfahren.\" src=\"https:\/\/giovannatantini.it\/wp-content\/uploads\/2018\/04\/bandiera-germania-75x75.png\"><\/div>\n\t\t\t\t<div class=\"sc_testimonial_content\"><p>Fr\u00fchst\u00fcch war reichhaltig, Bett war bequem, nicht zu weich, wir hatten das Gl\u00fcck dass wir in dieser Woche ganz alleine im G\u00e4stehaus waren, so dass wir v\u00f6llig ungest\u00f6rt waren. Die Inhaberin Giovanna gab uns eine Liste mit guten Lokalen f\u00fcr das Abendessen bei denen wir hervorragend gegessen haben. (<a href=\"https:\/\/www.booking.com\/hotel\/it\/agriturismo-i-mischi.it.html#tab-reviews\">other review<\/a>)<\/p>\n<\/div>\n\t\t\t\t\t\t\t\t\n\t\t\t\t\t\t\t\t\t\t\t\t<div class=\"sc_testimonial_author\"><span class=\"sc_testimonial_author_name\">Dietmar from German<\/span><\/div>\n\t\t\t\t\t\t\t<\/div>\n\t\t<\/div><div class=\"swiper-slide\" data-style=\"width:840px;\" style=\"width:840px;\">\t\t\t<div id=\"sc_testimonials_1634657205_2\" class=\"sc_testimonial_item\">\n\t\t\t\t<div class=\"sc_testimonial_avatar\"><img loading=\"lazy\" decoding=\"async\" class=\"wp-post-image\" width=\"75\" height=\"75\" alt=\"Outstanding accomodation in a beautiful setting!\" src=\"https:\/\/giovannatantini.it\/wp-content\/uploads\/2018\/04\/bandiera-svizzera-75x75.png\"><\/div>\n\t\t\t\t<div class=\"sc_testimonial_content\"><p class=\"review_pos \">Wonderful accomodation in a beautiful setting, the accomodation is clean, comfortable &amp; has everything you could need &amp; more. Giovanna was a wonderful host &amp; spent time showing us her range of wines which was really interesting. The breakfast was outstanding. We would definitely stay here again &amp; highly recommend it! (<a href=\"https:\/\/www.booking.com\/hotel\/it\/agriturismo-i-mischi.it.html#tab-reviews\">other review<\/a>)<\/p>\n<\/div>\n\t\t\t\t\t\t\t\t\n\t\t\t\t\t\t\t\t\t\t\t\t<div class=\"sc_testimonial_author\"><span class=\"sc_testimonial_author_name\">Sarah from Switzerland<\/span><\/div>\n\t\t\t\t\t\t\t<\/div>\n\t\t<\/div><div class=\"swiper-slide\" data-style=\"width:840px;\" style=\"width:840px;\">\t\t\t<div id=\"sc_testimonials_1634657205_3\" class=\"sc_testimonial_item\">\n\t\t\t\t<div class=\"sc_testimonial_avatar\"><img loading=\"lazy\" decoding=\"async\" class=\"wp-post-image\" width=\"75\" height=\"75\" alt=\"Excelent\" src=\"https:\/\/giovannatantini.it\/wp-content\/uploads\/2018\/04\/bandiera_georgiana-75x75.png\"><\/div>\n\t\t\t\t<div class=\"sc_testimonial_content\"><p>During our holiday in Italy it was the best stay. Giovanna was very kind and helpful, and this make our stay more comfortable. Everything was clean and the breakfast was fantastic. The location of property is good to explore surroundings by car. We'll definitely stay here again in our next trip to this region. (<a href=\"https:\/\/www.booking.com\/hotel\/it\/agriturismo-i-mischi.it.html#tab-reviews\">other review<\/a>)<\/p>\n<\/div>\n\t\t\t\t\t\t\t\t\n\t\t\t\t\t\t\t\t\t\t\t\t<div class=\"sc_testimonial_author\"><span class=\"sc_testimonial_author_name\">Vladimer from Georgia<\/span><\/div>\n\t\t\t\t\t\t\t<\/div>\n\t\t<\/div><div class=\"swiper-slide\" data-style=\"width:840px;\" style=\"width:840px;\">\t\t\t<div id=\"sc_testimonials_1634657205_4\" class=\"sc_testimonial_item\">\n\t\t\t\t<div class=\"sc_testimonial_avatar\"><img loading=\"lazy\" decoding=\"async\" class=\"wp-post-image\" width=\"75\" height=\"75\" alt=\"Ottimo per rilassarsi e vicino ai parchi divertimento\" src=\"https:\/\/giovannatantini.it\/wp-content\/uploads\/2015\/08\/bandiera-italia.jpg\"><\/div>\n\t\t\t\t<div class=\"sc_testimonial_content\"><p>Tutto perfetto, signora Giovanna gentilissima. Ottimo il vino lasciato sul tavolo ogni giorno da degustare e la bottiglia offerta dalla proprietaria. Zona tranquilla e isolata.. (<a href=\"https:\/\/www.booking.com\/hotel\/it\/agriturismo-i-mischi.it.html#tab-reviews\">other review<\/a>)<\/p>\n<\/div>\n\t\t\t\t\t\t\t\t\n\t\t\t\t\t\t\t\t\t\t\t\t<div class=\"sc_testimonial_author\"><span class=\"sc_testimonial_author_name\">Andreas from Italy<\/span><\/div>\n\t\t\t\t\t\t\t<\/div>\n\t\t<\/div><\/div><div class=\"sc_slider_controls_wrap\"><a class=\"sc_slider_prev\" href=\"#\"><\/a><a class=\"sc_slider_next\" href=\"#\"><\/a><\/div><div class=\"sc_slider_pagination_wrap\"><\/div><\/div>[\/vc_column][\/vc_row]<\/p>\n","protected":false},"excerpt":{"rendered":"<p>[vc_row full_width=&#8221;stretch_row&#8221; css=&#8221;.vc_custom_1444297304566{margin-top: -60px !important;background-color: #ffffff !important;}&#8221;][vc_column][vc_empty_space height=&#8221;50px&#8221;][vc_column_text css=&#8221;.vc_custom_1753943250846{padding-bottom: 20px !important;}&#8221;] OUR TOP WINES [\/vc_column_text][vc_btn title=&#8221;DISCOVER AND BUY WINES&#8221; style=&#8221;classic&#8221; shape=&#8221;square&#8221; color=&#8221;juicy-pink&#8221; size=&#8221;lg&#8221; align=&#8221;center&#8221; link=&#8221;url:https%3A%2F%2Ftravino.it%2Fregioni-italiane%2Fveneto%2Fgiovanna-tantini|title:Accomodations&#8221;][vc_row_inner][vc_column_inner width=&#8221;1\/2&#8243;][vc_empty_space height=&#8221;30px&#8221;][vc_hoverbox image=&#8221;4485&#8243; primary_title=&#8221;DOC WINES&#8221; primary_align=&#8221;right&#8221; primary_title_font_container=&#8221;font_size:40px|color:%23edd504&#8243; primary_title_google_fonts=&#8221;font_family:Roboto%3A100%2C100italic%2C300%2C300italic%2Cregular%2Citalic%2C500%2C500italic%2C700%2C700italic%2C900%2C900italic|font_style:400%20regular%3A400%3Anormal&#8221; hover_title=&#8221;DOC WINES&#8221; hover_title_font_container=&#8221;font_size:30PX|color:%23110000&#8243; hover_title_google_fonts=&#8221;font_family:Roboto%3A100%2C100italic%2C300%2C300italic%2Cregular%2Citalic%2C500%2C500italic%2C700%2C700italic%2C900%2C900italic|font_style:400%20regular%3A400%3Anormal&#8221; shape=&#8221;square&#8221; hover_btn_title=&#8221;DISCOVER DOC WINES&#8221; hover_btn_shape=&#8221;square&#8221; hover_btn_color=&#8221;juicy-pink&#8221; use_custom_fonts_primary_title=&#8221;true&#8221; use_custom_fonts_hover_title=&#8221;true&#8221; hover_add_button=&#8221;true&#8221; primary_title_link=&#8221;url:%2Fen%2Fshop%2Fd-o-c-wine%2F&#8221; hover_btn_link=&#8221;url:https%3A%2F%2Fgiovannatantini.it%2Fen%2Fdoc-wines%2F|title:DOC%20Wines&#8221; hover_title_link=&#8221;url:https%3A%2F%2Fgiovannatantini.it%2Fen%2Fdoc-wines%2F|title:DOC%20Wines&#8221;]Giovanna Tantini makes five DOC wines: Bardolino [&hellip;]<\/p>\n","protected":false},"author":16,"featured_media":0,"parent":0,"menu_order":0,"comment_status":"closed","ping_status":"closed","template":"","meta":{"footnotes":""},"class_list":["post-268","page","type-page","status-publish","hentry"],"yoast_head":"<!-- This site is optimized with the Yoast SEO plugin v26.8 - https:\/\/yoast.com\/product\/yoast-seo-wordpress\/ -->\n<title>Home - Giovanna Tantini<\/title>\n<meta name=\"description\" content=\"Wine Shop and Wine Tasting on Garda Lake: Giovanna Tantini&#039;s estate is in Castelnuovo del Garda, we produce Bardolino, Chiaretto and Custoza..\" \/>\n<meta name=\"robots\" content=\"index, follow, max-snippet:-1, max-image-preview:large, max-video-preview:-1\" \/>\n<link rel=\"canonical\" href=\"https:\/\/giovannatantini.it\/en\/\" \/>\n<meta property=\"og:locale\" content=\"en_US\" \/>\n<meta property=\"og:type\" content=\"article\" \/>\n<meta property=\"og:title\" content=\"Home - Giovanna Tantini\" \/>\n<meta property=\"og:description\" content=\"Wine Shop and Wine Tasting on Garda Lake: Giovanna Tantini&#039;s estate is in Castelnuovo del Garda, we produce Bardolino, Chiaretto and Custoza..\" \/>\n<meta property=\"og:url\" content=\"https:\/\/giovannatantini.it\/en\/\" \/>\n<meta property=\"og:site_name\" content=\"Giovanna Tantini\" \/>\n<meta property=\"article:modified_time\" content=\"2025-07-31T06:27:34+00:00\" \/>\n<meta name=\"twitter:card\" content=\"summary_large_image\" \/>\n<meta name=\"twitter:label1\" content=\"Est. reading time\" \/>\n\t<meta name=\"twitter:data1\" content=\"3 minutes\" \/>\n<script type=\"application\/ld+json\" class=\"yoast-schema-graph\">{\"@context\":\"https:\/\/schema.org\",\"@graph\":[{\"@type\":\"WebPage\",\"@id\":\"https:\/\/giovannatantini.it\/en\/\",\"url\":\"https:\/\/giovannatantini.it\/en\/\",\"name\":\"Home - Giovanna Tantini\",\"isPartOf\":{\"@id\":\"https:\/\/giovannatantini.it\/#website\"},\"datePublished\":\"2015-10-07T08:22:50+00:00\",\"dateModified\":\"2025-07-31T06:27:34+00:00\",\"description\":\"Wine Shop and Wine Tasting on Garda Lake: Giovanna Tantini's estate is in Castelnuovo del Garda, we produce Bardolino, Chiaretto and Custoza..\",\"breadcrumb\":{\"@id\":\"https:\/\/giovannatantini.it\/en\/#breadcrumb\"},\"inLanguage\":\"en-US\",\"potentialAction\":[{\"@type\":\"ReadAction\",\"target\":[\"https:\/\/giovannatantini.it\/en\/\"]}]},{\"@type\":\"BreadcrumbList\",\"@id\":\"https:\/\/giovannatantini.it\/en\/#breadcrumb\",\"itemListElement\":[{\"@type\":\"ListItem\",\"position\":1,\"name\":\"Home\",\"item\":\"https:\/\/giovannatantini.it\/en\/\"},{\"@type\":\"ListItem\",\"position\":2,\"name\":\"Home\"}]},{\"@type\":\"WebSite\",\"@id\":\"https:\/\/giovannatantini.it\/#website\",\"url\":\"https:\/\/giovannatantini.it\/\",\"name\":\"Giovanna Tantini\",\"description\":\"Vini DOC e IGT - Agriturismo B&amp;B - Vendita\",\"potentialAction\":[{\"@type\":\"SearchAction\",\"target\":{\"@type\":\"EntryPoint\",\"urlTemplate\":\"https:\/\/giovannatantini.it\/?s={search_term_string}\"},\"query-input\":{\"@type\":\"PropertyValueSpecification\",\"valueRequired\":true,\"valueName\":\"search_term_string\"}}],\"inLanguage\":\"en-US\"}]}<\/script>\n<!-- \/ Yoast SEO plugin. -->","yoast_head_json":{"title":"Home - Giovanna Tantini","description":"Wine Shop and Wine Tasting on Garda Lake: Giovanna Tantini's estate is in Castelnuovo del Garda, we produce Bardolino, Chiaretto and Custoza..","robots":{"index":"index","follow":"follow","max-snippet":"max-snippet:-1","max-image-preview":"max-image-preview:large","max-video-preview":"max-video-preview:-1"},"canonical":"https:\/\/giovannatantini.it\/en\/","og_locale":"en_US","og_type":"article","og_title":"Home - Giovanna Tantini","og_description":"Wine Shop and Wine Tasting on Garda Lake: Giovanna Tantini's estate is in Castelnuovo del Garda, we produce Bardolino, Chiaretto and Custoza..","og_url":"https:\/\/giovannatantini.it\/en\/","og_site_name":"Giovanna Tantini","article_modified_time":"2025-07-31T06:27:34+00:00","twitter_card":"summary_large_image","twitter_misc":{"Est. reading time":"3 minutes"},"schema":{"@context":"https:\/\/schema.org","@graph":[{"@type":"WebPage","@id":"https:\/\/giovannatantini.it\/en\/","url":"https:\/\/giovannatantini.it\/en\/","name":"Home - Giovanna Tantini","isPartOf":{"@id":"https:\/\/giovannatantini.it\/#website"},"datePublished":"2015-10-07T08:22:50+00:00","dateModified":"2025-07-31T06:27:34+00:00","description":"Wine Shop and Wine Tasting on Garda Lake: Giovanna Tantini's estate is in Castelnuovo del Garda, we produce Bardolino, Chiaretto and Custoza..","breadcrumb":{"@id":"https:\/\/giovannatantini.it\/en\/#breadcrumb"},"inLanguage":"en-US","potentialAction":[{"@type":"ReadAction","target":["https:\/\/giovannatantini.it\/en\/"]}]},{"@type":"BreadcrumbList","@id":"https:\/\/giovannatantini.it\/en\/#breadcrumb","itemListElement":[{"@type":"ListItem","position":1,"name":"Home","item":"https:\/\/giovannatantini.it\/en\/"},{"@type":"ListItem","position":2,"name":"Home"}]},{"@type":"WebSite","@id":"https:\/\/giovannatantini.it\/#website","url":"https:\/\/giovannatantini.it\/","name":"Giovanna Tantini","description":"Vini DOC e IGT - Agriturismo B&amp;B - Vendita","potentialAction":[{"@type":"SearchAction","target":{"@type":"EntryPoint","urlTemplate":"https:\/\/giovannatantini.it\/?s={search_term_string}"},"query-input":{"@type":"PropertyValueSpecification","valueRequired":true,"valueName":"search_term_string"}}],"inLanguage":"en-US"}]}},"_links":{"self":[{"href":"https:\/\/giovannatantini.it\/en\/wp-json\/wp\/v2\/pages\/268","targetHints":{"allow":["GET"]}}],"collection":[{"href":"https:\/\/giovannatantini.it\/en\/wp-json\/wp\/v2\/pages"}],"about":[{"href":"https:\/\/giovannatantini.it\/en\/wp-json\/wp\/v2\/types\/page"}],"author":[{"embeddable":true,"href":"https:\/\/giovannatantini.it\/en\/wp-json\/wp\/v2\/users\/16"}],"replies":[{"embeddable":true,"href":"https:\/\/giovannatantini.it\/en\/wp-json\/wp\/v2\/comments?post=268"}],"version-history":[{"count":61,"href":"https:\/\/giovannatantini.it\/en\/wp-json\/wp\/v2\/pages\/268\/revisions"}],"predecessor-version":[{"id":4699,"href":"https:\/\/giovannatantini.it\/en\/wp-json\/wp\/v2\/pages\/268\/revisions\/4699"}],"wp:attachment":[{"href":"https:\/\/giovannatantini.it\/en\/wp-json\/wp\/v2\/media?parent=268"}],"curies":[{"name":"wp","href":"https:\/\/api.w.org\/{rel}","templated":true}]}}