{"id":3747,"date":"2022-12-19T11:53:59","date_gmt":"2022-12-19T10:53:59","guid":{"rendered":"https:\/\/giovannatantini.it\/wohnzimmer\/"},"modified":"2025-03-01T11:43:27","modified_gmt":"2025-03-01T10:43:27","slug":"wohnzimmer","status":"publish","type":"page","link":"https:\/\/giovannatantini.it\/de\/wohnzimmer\/","title":{"rendered":"Wohnzimmer"},"content":{"rendered":"<p>[vc_row full_width=&#8220;stretch_row&#8220; css=&#8220;.vc_custom_1648302370184{background-color: rgba(255,255,255,0.3) !important;*background-color: rgb(255,255,255) !important;}&#8220;][vc_column]<div class=\"columns_wrap sc_columns columns_fluid sc_columns_count_2\"><\/div>[vc_row_inner equal_height=&#8220;yes&#8220; content_placement=&#8220;middle&#8220;][vc_column_inner width=&#8220;1\/2&#8243;][vc_column_text]<strong>Bauernhaus und Zimmer<\/strong><\/p>\n<p>2011 wurde die Renovierung des rustikalen Weinkelleranbaus mit der Schaffung von zwei Schlafzimmern und einer Wohnung abgeschlossen. Wenige Kilometer von allen Attraktionen der &#8222;Garda-Parks&#8220; entfernt, liegt es mitten im Gr\u00fcnen der Firmenlandschaft und wurde unter Ber\u00fccksichtigung der rustikalen Struktur des sp\u00e4ten 19. Jahrhunderts mit Wasserbrunnen im Inneren des Hauses, aber mit gro\u00dfer Funktionalit\u00e4t gebaut und hervorragende Benutzerfreundlichkeit, so sehr, dass es im Laufe der Jahre in den Bewertungen der wichtigsten Analysen der Branche \u00fcber 9,5 geblieben ist. Die gesamte Struktur ist mit unabh\u00e4ngigen Badezimmern, Fernseher, Wi-Fi, Minibar, Klimaanlage und anderen modernen Annehmlichkeiten ausgestattet. Die Wohnung, die auch mit einer kompletten unabh\u00e4ngigen K\u00fcche ausgestattet ist, besteht aus zwei Schlafzimmern und einem Wohnzimmer, das Platz f\u00fcr 4\/5 Personen bietet. Die Gastfreundschaft umfasst den direkt vom Eigent\u00fcmer gef\u00fchrten Fr\u00fchst\u00fccksservice mit einem kompletten Buffet, um den Erwartungen der Gewohnheiten von Menschen aus den unterschiedlichsten Nationen gerecht zu werden.[\/vc_column_text][vc_column_text]Kontaktieren Sie uns unter <a href=\"mailto:info@giovannatantini.it\">info@giovannatantini.it<\/a> oder Tel: +39 348 871 7577[\/vc_column_text][vc_empty_space][vc_btn title=&#8220;JETZT BUCHEN&#8220; color=&#8220;danger&#8220; link=&#8220;url:https%3A%2F%2Fwww.booking.com%2Fhotel%2Fit%2Fagriturismo-i-mischi.it.html%3Faid%3D304142%26label%3Dgen173nr-1FCAEoggI46AdIM1gEaHGIAQGYARS4ARjIAQzYAQHoAQH4AQyIAgGoAgS4Ao7Gi74GwAIB0gIkNTcyMTI2OGUtNThmZC00ZDdhLTgxODEtNGRjNGVmYTc3MmUy2AIG4AIB%26sid%3Dbb26d051439e50175bd9bf9b40540ac3%26all_sr_blocks%3D84353704_279966336_4_0_0%26checkin%3D2025-04-08%26checkout%3D2025-04-11%26dist%3D0%26group_adults%3D2%26group_children%3D0%26hapos%3D1%26highlighted_blocks%3D84353704_279966336_4_0_0%26hpos%3D1%26matching_block_id%3D84353704_279966336_4_0_0%26no_rooms%3D1%26req_adults%3D2%26req_children%3D0%26room1%3DA%252CA%26sb_price_type%3Dtotal%26sr_order%3Ddistance_from_search%26sr_pri_blocks%3D84353704_279966336_4_0_0__51500%26srepoch%3D1740825388%26srpvid%3D5ac14a94234005bc%26type%3Dtotal%26ucfs%3D1%26|target:_blank&#8220;][\/vc_column_inner][vc_column_inner width=&#8220;1\/2&#8243;][vc_images_carousel images=&#8220;4133,1672,1684,4146,1683&#8243; img_size=&#8220;full&#8220; speed=&#8220;3000&#8243; autoplay=&#8220;yes&#8220; wrap=&#8220;yes&#8220; css_animation=&#8220;fadeInRight&#8220;][\/vc_column_inner][\/vc_row_inner][\/vc_column][\/vc_row][vc_row][vc_column css=&#8220;.vc_custom_1649250022374{padding-bottom: 20px !important;}&#8220;][vc_row_inner][vc_column_inner][vc_empty_space][\/vc_column_inner][\/vc_row_inner][\/vc_column][\/vc_row][vc_row gap=&#8220;20&#8243; content_placement=&#8220;middle&#8220;][vc_column width=&#8220;1\/2&#8243;][vc_empty_space][vc_column_text css=&#8220;.vc_custom_1677252163432{padding-bottom: 20px !important;}&#8220;]<\/p>\n<h4 style=\"text-align: left;\">2 Doppelzimmer Rondinella e Molinara<\/h4>\n<p>[\/vc_column_text][vc_gallery type=&#8220;image_grid&#8220; images=&#8220;4264,4270,4273,4267,4276,4279,4303,4291,4294,4319&#8243; el_class=&#8220;align= center&#8220;][\/vc_column][vc_column width=&#8220;1\/2&#8243;][vc_empty_space][vc_column_text css=&#8220;.vc_custom_1677252146593{padding-bottom: 20px !important;}&#8220;]<\/p>\n<h4 style=\"text-align: left;\">Wohnung Corvina<\/h4>\n<p>[\/vc_column_text][vc_gallery type=&#8220;image_grid&#8220; images=&#8220;3466,3463,3460,3457,3451,3454,3475,3422&#8243;][\/vc_column][\/vc_row]<\/p>\n","protected":false},"excerpt":{"rendered":"<p>[vc_row full_width=&#8220;stretch_row&#8220; css=&#8220;.vc_custom_1648302370184{background-color: rgba(255,255,255,0.3) !important;*background-color: rgb(255,255,255) !important;}&#8220;][vc_column][vc_row_inner equal_height=&#8220;yes&#8220; content_placement=&#8220;middle&#8220;][vc_column_inner width=&#8220;1\/2&#8243;][vc_column_text]Bauernhaus und Zimmer 2011 wurde die Renovierung des rustikalen Weinkelleranbaus mit der Schaffung von zwei Schlafzimmern und einer Wohnung abgeschlossen. Wenige Kilometer von allen Attraktionen der &#8222;Garda-Parks&#8220; entfernt, liegt es mitten im Gr\u00fcnen der Firmenlandschaft und wurde unter Ber\u00fccksichtigung der rustikalen Struktur des sp\u00e4ten 19. Jahrhunderts [&hellip;]<\/p>\n","protected":false},"author":16,"featured_media":0,"parent":0,"menu_order":0,"comment_status":"closed","ping_status":"closed","template":"","meta":{"footnotes":""},"class_list":["post-3747","page","type-page","status-publish","hentry"],"yoast_head":"<!-- This site is optimized with the Yoast SEO plugin v26.8 - https:\/\/yoast.com\/product\/yoast-seo-wordpress\/ -->\n<title>Bauernhaus und Zimmer in Castelnuovo am Gardasee<\/title>\n<meta name=\"description\" content=\"Bauernhaus und Zimmer f\u00fcr Ihren Urlaub inmitten von Weinbergen, nur wenige Schritte vom Gardasee entfernt.\" \/>\n<meta name=\"robots\" content=\"index, follow, max-snippet:-1, max-image-preview:large, max-video-preview:-1\" \/>\n<link rel=\"canonical\" href=\"https:\/\/giovannatantini.it\/de\/wohnzimmer\/\" \/>\n<meta property=\"og:locale\" content=\"de_DE\" \/>\n<meta property=\"og:type\" content=\"article\" \/>\n<meta property=\"og:title\" content=\"Bauernhaus und Zimmer in Castelnuovo am Gardasee\" \/>\n<meta property=\"og:description\" content=\"Bauernhaus und Zimmer f\u00fcr Ihren Urlaub inmitten von Weinbergen, nur wenige Schritte vom Gardasee entfernt.\" \/>\n<meta property=\"og:url\" content=\"https:\/\/giovannatantini.it\/de\/wohnzimmer\/\" \/>\n<meta property=\"og:site_name\" content=\"Azienda Agricola Giovanna Tantini\" \/>\n<meta property=\"article:modified_time\" content=\"2025-03-01T10:43:27+00:00\" \/>\n<meta name=\"twitter:card\" content=\"summary_large_image\" \/>\n<meta name=\"twitter:label1\" content=\"Gesch\u00e4tzte Lesezeit\" \/>\n\t<meta name=\"twitter:data1\" content=\"4\u00a0Minuten\" \/>\n<script type=\"application\/ld+json\" class=\"yoast-schema-graph\">{\"@context\":\"https:\/\/schema.org\",\"@graph\":[{\"@type\":\"WebPage\",\"@id\":\"https:\/\/giovannatantini.it\/de\/wohnzimmer\/\",\"url\":\"https:\/\/giovannatantini.it\/de\/wohnzimmer\/\",\"name\":\"Bauernhaus und Zimmer in Castelnuovo am Gardasee\",\"isPartOf\":{\"@id\":\"https:\/\/giovannatantini.it\/#website\"},\"datePublished\":\"2022-12-19T10:53:59+00:00\",\"dateModified\":\"2025-03-01T10:43:27+00:00\",\"description\":\"Bauernhaus und Zimmer f\u00fcr Ihren Urlaub inmitten von Weinbergen, nur wenige Schritte vom Gardasee entfernt.\",\"breadcrumb\":{\"@id\":\"https:\/\/giovannatantini.it\/de\/wohnzimmer\/#breadcrumb\"},\"inLanguage\":\"de\",\"potentialAction\":[{\"@type\":\"ReadAction\",\"target\":[\"https:\/\/giovannatantini.it\/de\/wohnzimmer\/\"]}]},{\"@type\":\"BreadcrumbList\",\"@id\":\"https:\/\/giovannatantini.it\/de\/wohnzimmer\/#breadcrumb\",\"itemListElement\":[{\"@type\":\"ListItem\",\"position\":1,\"name\":\"Home\",\"item\":\"https:\/\/giovannatantini.it\/de\/\"},{\"@type\":\"ListItem\",\"position\":2,\"name\":\"Wohnzimmer\"}]},{\"@type\":\"WebSite\",\"@id\":\"https:\/\/giovannatantini.it\/#website\",\"url\":\"https:\/\/giovannatantini.it\/\",\"name\":\"Azienda Agricola Giovanna Tantini\",\"description\":\"Vini DOC e IGT - Agriturismo B&amp;B - Vendita\",\"potentialAction\":[{\"@type\":\"SearchAction\",\"target\":{\"@type\":\"EntryPoint\",\"urlTemplate\":\"https:\/\/giovannatantini.it\/?s={search_term_string}\"},\"query-input\":{\"@type\":\"PropertyValueSpecification\",\"valueRequired\":true,\"valueName\":\"search_term_string\"}}],\"inLanguage\":\"de\"}]}<\/script>\n<!-- \/ Yoast SEO plugin. -->","yoast_head_json":{"title":"Bauernhaus und Zimmer in Castelnuovo am Gardasee","description":"Bauernhaus und Zimmer f\u00fcr Ihren Urlaub inmitten von Weinbergen, nur wenige Schritte vom Gardasee entfernt.","robots":{"index":"index","follow":"follow","max-snippet":"max-snippet:-1","max-image-preview":"max-image-preview:large","max-video-preview":"max-video-preview:-1"},"canonical":"https:\/\/giovannatantini.it\/de\/wohnzimmer\/","og_locale":"de_DE","og_type":"article","og_title":"Bauernhaus und Zimmer in Castelnuovo am Gardasee","og_description":"Bauernhaus und Zimmer f\u00fcr Ihren Urlaub inmitten von Weinbergen, nur wenige Schritte vom Gardasee entfernt.","og_url":"https:\/\/giovannatantini.it\/de\/wohnzimmer\/","og_site_name":"Azienda Agricola Giovanna Tantini","article_modified_time":"2025-03-01T10:43:27+00:00","twitter_card":"summary_large_image","twitter_misc":{"Gesch\u00e4tzte Lesezeit":"4\u00a0Minuten"},"schema":{"@context":"https:\/\/schema.org","@graph":[{"@type":"WebPage","@id":"https:\/\/giovannatantini.it\/de\/wohnzimmer\/","url":"https:\/\/giovannatantini.it\/de\/wohnzimmer\/","name":"Bauernhaus und Zimmer in Castelnuovo am Gardasee","isPartOf":{"@id":"https:\/\/giovannatantini.it\/#website"},"datePublished":"2022-12-19T10:53:59+00:00","dateModified":"2025-03-01T10:43:27+00:00","description":"Bauernhaus und Zimmer f\u00fcr Ihren Urlaub inmitten von Weinbergen, nur wenige Schritte vom Gardasee entfernt.","breadcrumb":{"@id":"https:\/\/giovannatantini.it\/de\/wohnzimmer\/#breadcrumb"},"inLanguage":"de","potentialAction":[{"@type":"ReadAction","target":["https:\/\/giovannatantini.it\/de\/wohnzimmer\/"]}]},{"@type":"BreadcrumbList","@id":"https:\/\/giovannatantini.it\/de\/wohnzimmer\/#breadcrumb","itemListElement":[{"@type":"ListItem","position":1,"name":"Home","item":"https:\/\/giovannatantini.it\/de\/"},{"@type":"ListItem","position":2,"name":"Wohnzimmer"}]},{"@type":"WebSite","@id":"https:\/\/giovannatantini.it\/#website","url":"https:\/\/giovannatantini.it\/","name":"Azienda Agricola Giovanna Tantini","description":"Vini DOC e IGT - Agriturismo B&amp;B - Vendita","potentialAction":[{"@type":"SearchAction","target":{"@type":"EntryPoint","urlTemplate":"https:\/\/giovannatantini.it\/?s={search_term_string}"},"query-input":{"@type":"PropertyValueSpecification","valueRequired":true,"valueName":"search_term_string"}}],"inLanguage":"de"}]}},"_links":{"self":[{"href":"https:\/\/giovannatantini.it\/de\/wp-json\/wp\/v2\/pages\/3747","targetHints":{"allow":["GET"]}}],"collection":[{"href":"https:\/\/giovannatantini.it\/de\/wp-json\/wp\/v2\/pages"}],"about":[{"href":"https:\/\/giovannatantini.it\/de\/wp-json\/wp\/v2\/types\/page"}],"author":[{"embeddable":true,"href":"https:\/\/giovannatantini.it\/de\/wp-json\/wp\/v2\/users\/16"}],"replies":[{"embeddable":true,"href":"https:\/\/giovannatantini.it\/de\/wp-json\/wp\/v2\/comments?post=3747"}],"version-history":[{"count":26,"href":"https:\/\/giovannatantini.it\/de\/wp-json\/wp\/v2\/pages\/3747\/revisions"}],"predecessor-version":[{"id":4508,"href":"https:\/\/giovannatantini.it\/de\/wp-json\/wp\/v2\/pages\/3747\/revisions\/4508"}],"wp:attachment":[{"href":"https:\/\/giovannatantini.it\/de\/wp-json\/wp\/v2\/media?parent=3747"}],"curies":[{"name":"wp","href":"https:\/\/api.w.org\/{rel}","templated":true}]}}