{"id":3576,"date":"2022-05-15T08:29:35","date_gmt":"2022-05-15T07:29:35","guid":{"rendered":"https:\/\/giovannatantini.it\/?page_id=3576"},"modified":"2025-04-04T10:31:45","modified_gmt":"2025-04-04T09:31:45","slug":"la-rocca-bardolino-doc","status":"publish","type":"page","link":"https:\/\/giovannatantini.it\/de\/la-rocca-bardolino-doc\/","title":{"rendered":"\u201cLa Rocca\u201d Bardolino DOC"},"content":{"rendered":"<p>[vc_row][vc_column width=&#8220;1\/2&#8243;][vc_column_text css_animation=&#8220;none&#8220;]<\/p>\n<div class=\"page\" title=\"Page 8\">\n<div class=\"layoutArea\">\n<div class=\"column\">\n<h4>&#8222;LA ROCCA&#8220; BARDOLINO DOC<\/h4>\n<div class=\"page\" title=\"Page 10\">\n<div class=\"layoutArea\">\n<div class=\"column\">\n<div class=\"page\" title=\"Page 10\">\n<div class=\"layoutArea\">\n<div class=\"column\">\n<p>Er ist der Protagonist des Unternehmens. Seit 2002 erzeugt, wird er von jeher fr\u00fchestens 18 Monate nach der Lese auf den Markt gebracht, damit ein angemessener Ausbau gew\u00e4hrleistet wird, zuerst in Edelstahl, dann in der Flasche. Er konnte im Laufe der Zeit eine zunehmend gute Haltbarkeit garantieren, wobei er seine Originalmerkmale beh\u00e4lt und weiterentwickelt \u2013 und dies so gut, dass er mittlerweile in 2 oder auch 3 verschiedenen Jahrg\u00e4ngen gleichzeitig auf dem Markt ist. Mit ihm entstanden auch in den letzten Jahren die sogenannten \u201eVertikalen des Bardolino\u201c.<\/p>\n<\/div>\n<\/div>\n<\/div>\n<\/div>\n<\/div>\n<\/div>\n<\/div>\n<\/div>\n<\/div>\n<p>[\/vc_column_text][vc_empty_space height=&#8220;75px&#8220;][vc_single_image image=&#8220;3540&#8243; img_size=&#8220;large&#8220; alignment=&#8220;center&#8220; onclick=&#8220;link_image&#8220; css_animation=&#8220;fadeInUp&#8220;][vc_empty_space height=&#8220;75px&#8220;][\/vc_column][vc_column width=&#8220;1\/2&#8243;]<div class=\"sc_table\" style=\"width:100%;\"><\/p>\n<table border=\"0\" summary=\"Bardolino Chiaretto\" cellspacing=\"2\" cellpadding=\"10\">\n<tbody>\n<tr>\n<td align=\"right\">\n<div class=\"page\" title=\"Page 9\">\n<div class=\"layoutArea\">\n<div class=\"column\">\n<p>Rebsorten<\/p>\n<\/div>\n<\/div>\n<\/div>\n<\/td>\n<td>Corvina, Rondinella<\/td>\n<\/tr>\n<tr>\n<td align=\"right\" bgcolor=\"#EFEFEF\">\n<div class=\"page\" title=\"Page 9\">\n<div class=\"layoutArea\">\n<div class=\"column\">\n<p>Boden<\/p>\n<\/div>\n<\/div>\n<\/div>\n<\/td>\n<td bgcolor=\"#EFEFEF\">\n<div class=\"page\" title=\"Page 9\">\n<div class=\"layoutArea\">\n<div class=\"column\">\n<p>Eiszeitlicher Ursprung (Mor\u00e4nenboden), kieshaltiger, kalkhaltiger und Schwemmboden<\/p>\n<\/div>\n<\/div>\n<\/div>\n<\/td>\n<\/tr>\n<tr>\n<td align=\"right\">\n<div class=\"page\" title=\"Page 9\">\n<div class=\"layoutArea\">\n<div class=\"column\">\n<p>H\u00f6he<\/p>\n<\/div>\n<\/div>\n<\/div>\n<\/td>\n<td>\n<div class=\"page\" title=\"Page 9\">\n<div class=\"layoutArea\">\n<div class=\"column\">\n<p>100 m \u00fc.d.M.<\/p>\n<\/div>\n<\/div>\n<\/div>\n<\/td>\n<\/tr>\n<tr>\n<td align=\"right\" bgcolor=\"#EFEFEF\">\n<div class=\"page\" title=\"Page 9\">\n<div class=\"layoutArea\">\n<div class=\"column\">\n<p>Erziehungsmethode<\/p>\n<\/div>\n<\/div>\n<\/div>\n<\/td>\n<td bgcolor=\"#EFEFEF\">Guyot<\/td>\n<\/tr>\n<tr>\n<td align=\"right\">\n<div class=\"page\" title=\"Page 9\">\n<div class=\"layoutArea\">\n<div class=\"column\">\n<p>Ausrichtung<\/p>\n<\/div>\n<\/div>\n<\/div>\n<\/td>\n<td>\n<div class=\"page\" title=\"Page 9\">\n<div class=\"layoutArea\">\n<div class=\"column\">\n<p>S\u00fcden<\/p>\n<\/div>\n<\/div>\n<\/div>\n<\/td>\n<\/tr>\n<tr>\n<td align=\"right\" bgcolor=\"#EFEFEF\">\n<div class=\"page\" title=\"Page 9\">\n<div class=\"layoutArea\">\n<div class=\"column\">\n<p>Hektarertrag<\/p>\n<\/div>\n<\/div>\n<\/div>\n<\/td>\n<td bgcolor=\"#EFEFEF\">90 ql\/ha<\/td>\n<\/tr>\n<tr>\n<td align=\"right\">\n<div class=\"page\" title=\"Page 9\">\n<div class=\"layoutArea\">\n<div class=\"column\">\n<p>Arbeiten im Weinberg<\/p>\n<\/div>\n<\/div>\n<\/div>\n<\/td>\n<td>\n<div class=\"page\" title=\"Page 10\">\n<div class=\"layoutArea\">\n<div class=\"column\">\n<div class=\"page\" title=\"Page 9\">\n<div class=\"layoutArea\">\n<div class=\"column\">\n<p>Viel Aufmerksamkeit gilt der Pflege der Pflanzen in den Monaten vor Beginn des Farbumschlags. Einsch\u00e4tzung der Ertr\u00e4ge kurz vor der Lese. Auswahl des Weingartens und der Trauben unter Ber\u00fccksichtigung der Reifungsparameter<\/p>\n<\/div>\n<\/div>\n<\/div>\n<\/div>\n<\/div>\n<\/div>\n<\/td>\n<\/tr>\n<tr>\n<td align=\"right\" bgcolor=\"#EFEFEF\">\n<div class=\"page\" title=\"Page 9\">\n<div class=\"layoutArea\">\n<div class=\"column\">\n<p>Zeit der Lese<\/p>\n<\/div>\n<\/div>\n<\/div>\n<\/td>\n<td bgcolor=\"#EFEFEF\">\n<div class=\"page\" title=\"Page 10\">\n<div class=\"layoutArea\">\n<div class=\"column\">\n<div class=\"page\" title=\"Page 9\">\n<div class=\"layoutArea\">\n<div class=\"column\">\n<p>Ende September\/Anfang Oktober, erste Wahl<\/p>\n<\/div>\n<\/div>\n<\/div>\n<\/div>\n<\/div>\n<\/div>\n<\/td>\n<\/tr>\n<tr>\n<td align=\"right\">\n<div class=\"page\" title=\"Page 9\">\n<div class=\"layoutArea\">\n<div class=\"column\">\n<div class=\"page\" title=\"Page 9\">\n<div class=\"layoutArea\">\n<div class=\"column\">\n<p>Ernte<\/p>\n<\/div>\n<\/div>\n<\/div>\n<\/div>\n<\/div>\n<\/div>\n<\/td>\n<td>\n<div class=\"page\" title=\"Page 10\">\n<div class=\"layoutArea\">\n<div class=\"column\">\n<div class=\"page\" title=\"Page 9\">\n<div class=\"layoutArea\">\n<div class=\"column\">\n<div class=\"page\" title=\"Page 9\">\n<div class=\"layoutArea\">\n<div class=\"column\">\n<p>Mit der Hand, in Stiegen<\/p>\n<\/div>\n<\/div>\n<\/div>\n<\/div>\n<\/div>\n<\/div>\n<\/div>\n<\/div>\n<\/div>\n<\/td>\n<\/tr>\n<tr>\n<td align=\"right\" bgcolor=\"#EFEFEF\">\n<div class=\"page\" title=\"Page 9\">\n<div class=\"layoutArea\">\n<div class=\"column\">\n<div class=\"page\" title=\"Page 9\">\n<div class=\"layoutArea\">\n<div class=\"column\">\n<p>Weinbereitung<\/p>\n<\/div>\n<\/div>\n<\/div>\n<\/div>\n<\/div>\n<\/div>\n<\/td>\n<td bgcolor=\"#EFEFEF\">\n<div class=\"page\" title=\"Page 10\">\n<div class=\"layoutArea\">\n<div class=\"column\">\n<div class=\"page\" title=\"Page 9\">\n<div class=\"layoutArea\">\n<div class=\"column\">\n<p>Separate Weinbereitung f\u00fcr jede, bei phenolischer Reife geerntete Rebsorte. G\u00e4rung bei kontrollierter Temperatur von 26 \u00b0C, gefolgt von einer kurzen Mazeration. Spontane malolaktische G\u00e4rung. Zusammenstellung der Weine aus den einzelnen Rebsorten in Einhaltung der Prozentanteile gem\u00e4\u00df Herstellungsregeln<\/p>\n<\/div>\n<\/div>\n<\/div>\n<\/div>\n<\/div>\n<\/div>\n<\/td>\n<\/tr>\n<tr>\n<td align=\"right\">\n<div class=\"page\" title=\"Page 9\">\n<div class=\"layoutArea\">\n<div class=\"column\">\n<p>Ausbau<\/p>\n<\/div>\n<\/div>\n<\/div>\n<\/td>\n<td>\n<div class=\"page\" title=\"Page 10\">\n<div class=\"layoutArea\">\n<div class=\"column\">\n<div class=\"page\" title=\"Page 9\">\n<div class=\"layoutArea\">\n<div class=\"column\">\n<p>15 Monate in Edelstahltanks, 3 Monate in der Flasche<\/p>\n<\/div>\n<\/div>\n<\/div>\n<\/div>\n<\/div>\n<\/div>\n<\/td>\n<\/tr>\n<tr>\n<td align=\"right\" bgcolor=\"#EFEFEF\">\n<div class=\"page\" title=\"Page 9\">\n<div class=\"layoutArea\">\n<div class=\"column\">\n<p>Verkostungsmerkmale<\/p>\n<\/div>\n<\/div>\n<\/div>\n<\/td>\n<td bgcolor=\"#EFEFEF\">\n<div class=\"page\" title=\"Page 10\">\n<div class=\"layoutArea\">\n<div class=\"column\">\n<div class=\"page\" title=\"Page 9\">\n<div class=\"layoutArea\">\n<div class=\"column\">\n<p>Farbe: Rubinrot mit guter Intensit\u00e4t<br \/>\nNase: Noten von Kirschen und Waldbeeren<br \/>\nGaumen: anhaltend, weich, ausgewogen<\/p>\n<\/div>\n<\/div>\n<\/div>\n<\/div>\n<\/div>\n<\/div>\n<\/td>\n<\/tr>\n<tr>\n<td align=\"right\">\n<div class=\"page\" title=\"Page 9\">\n<div class=\"layoutArea\">\n<div class=\"column\">\n<p>Speiseempfehlung<\/p>\n<\/div>\n<\/div>\n<\/div>\n<\/td>\n<td>\n<div class=\"page\" title=\"Page 10\">\n<div class=\"layoutArea\">\n<div class=\"column\">\n<div class=\"page\" title=\"Page 9\">\n<div class=\"layoutArea\">\n<div class=\"column\">\n<p>Risotto, Fleisch, Tortellini, K\u00e4se, Ravioli, Fisch, Kastanien und Pilze<\/p>\n<\/div>\n<\/div>\n<\/div>\n<\/div>\n<\/div>\n<\/div>\n<\/td>\n<\/tr>\n<\/tbody>\n<\/table>\n<p><\/div>[\/vc_column][\/vc_row][vc_row align=&#8220;none&#8220; id=&#8220;&#8220; class=&#8220;&#8220; animation=&#8220;none&#8220; width=&#8220;&#8220; top=&#8220;inherit&#8220; bottom=&#8220;inherit&#8220; left=&#8220;inherit&#8220; right=&#8220;inherit&#8220;][vc_column][\/vc_column][\/vc_row]<\/p>\n","protected":false},"excerpt":{"rendered":"<p>[vc_row][vc_column width=&#8220;1\/2&#8243;][vc_column_text css_animation=&#8220;none&#8220;] &#8222;LA ROCCA&#8220; BARDOLINO DOC Er ist der Protagonist des Unternehmens. Seit 2002 erzeugt, wird er von jeher fr\u00fchestens 18 Monate nach der Lese auf den Markt gebracht, damit ein angemessener Ausbau gew\u00e4hrleistet wird, zuerst in Edelstahl, dann in der Flasche. Er konnte im Laufe der Zeit eine zunehmend gute Haltbarkeit garantieren, wobei [&hellip;]<\/p>\n","protected":false},"author":16,"featured_media":0,"parent":0,"menu_order":0,"comment_status":"closed","ping_status":"closed","template":"","meta":{"footnotes":""},"class_list":["post-3576","page","type-page","status-publish","hentry"],"yoast_head":"<!-- This site is optimized with the Yoast SEO plugin v26.8 - https:\/\/yoast.com\/product\/yoast-seo-wordpress\/ -->\n<title>\u201cLa Rocca\u201d Bardolino DOC - Azienda Agricola Giovanna Tantini<\/title>\n<meta name=\"description\" content=\"Bardolino La Rocca ist der Protagonist des Untern\u201cLa Rocca\u201d Bardolino DOC.ehmens. Seit 2002 erzeugt, wird er von jeher fr\u00fchestens 18 Monate\u201cLa Rocca\u201d Bardolino DOC.\" \/>\n<meta name=\"robots\" content=\"index, follow, max-snippet:-1, max-image-preview:large, max-video-preview:-1\" \/>\n<link rel=\"canonical\" href=\"https:\/\/giovannatantini.it\/de\/la-rocca-bardolino-doc\/\" \/>\n<meta property=\"og:locale\" content=\"de_DE\" \/>\n<meta property=\"og:type\" content=\"article\" \/>\n<meta property=\"og:title\" content=\"\u201cLa Rocca\u201d Bardolino DOC - Azienda Agricola Giovanna Tantini\" \/>\n<meta property=\"og:description\" content=\"Bardolino La Rocca ist der Protagonist des Untern\u201cLa Rocca\u201d Bardolino DOC.ehmens. Seit 2002 erzeugt, wird er von jeher fr\u00fchestens 18 Monate\u201cLa Rocca\u201d Bardolino DOC.\" \/>\n<meta property=\"og:url\" content=\"https:\/\/giovannatantini.it\/de\/la-rocca-bardolino-doc\/\" \/>\n<meta property=\"og:site_name\" content=\"Azienda Agricola Giovanna Tantini\" \/>\n<meta property=\"article:modified_time\" content=\"2025-04-04T09:31:45+00:00\" \/>\n<meta name=\"twitter:card\" content=\"summary_large_image\" \/>\n<meta name=\"twitter:label1\" content=\"Gesch\u00e4tzte Lesezeit\" \/>\n\t<meta name=\"twitter:data1\" content=\"2\u00a0Minuten\" \/>\n<script type=\"application\/ld+json\" class=\"yoast-schema-graph\">{\"@context\":\"https:\/\/schema.org\",\"@graph\":[{\"@type\":\"WebPage\",\"@id\":\"https:\/\/giovannatantini.it\/de\/la-rocca-bardolino-doc\/\",\"url\":\"https:\/\/giovannatantini.it\/de\/la-rocca-bardolino-doc\/\",\"name\":\"\u201cLa Rocca\u201d Bardolino DOC - Azienda Agricola Giovanna Tantini\",\"isPartOf\":{\"@id\":\"https:\/\/giovannatantini.it\/#website\"},\"datePublished\":\"2022-05-15T07:29:35+00:00\",\"dateModified\":\"2025-04-04T09:31:45+00:00\",\"description\":\"Bardolino La Rocca ist der Protagonist des Untern\u201cLa Rocca\u201d Bardolino DOC.ehmens. Seit 2002 erzeugt, wird er von jeher fr\u00fchestens 18 Monate\u201cLa Rocca\u201d Bardolino DOC.\",\"breadcrumb\":{\"@id\":\"https:\/\/giovannatantini.it\/de\/la-rocca-bardolino-doc\/#breadcrumb\"},\"inLanguage\":\"de\",\"potentialAction\":[{\"@type\":\"ReadAction\",\"target\":[\"https:\/\/giovannatantini.it\/de\/la-rocca-bardolino-doc\/\"]}]},{\"@type\":\"BreadcrumbList\",\"@id\":\"https:\/\/giovannatantini.it\/de\/la-rocca-bardolino-doc\/#breadcrumb\",\"itemListElement\":[{\"@type\":\"ListItem\",\"position\":1,\"name\":\"Home\",\"item\":\"https:\/\/giovannatantini.it\/de\/\"},{\"@type\":\"ListItem\",\"position\":2,\"name\":\"\u201cLa Rocca\u201d Bardolino DOC\"}]},{\"@type\":\"WebSite\",\"@id\":\"https:\/\/giovannatantini.it\/#website\",\"url\":\"https:\/\/giovannatantini.it\/\",\"name\":\"Azienda Agricola Giovanna Tantini\",\"description\":\"Vini DOC e IGT - Agriturismo B&amp;B - Vendita\",\"potentialAction\":[{\"@type\":\"SearchAction\",\"target\":{\"@type\":\"EntryPoint\",\"urlTemplate\":\"https:\/\/giovannatantini.it\/?s={search_term_string}\"},\"query-input\":{\"@type\":\"PropertyValueSpecification\",\"valueRequired\":true,\"valueName\":\"search_term_string\"}}],\"inLanguage\":\"de\"}]}<\/script>\n<!-- \/ Yoast SEO plugin. -->","yoast_head_json":{"title":"\u201cLa Rocca\u201d Bardolino DOC - Azienda Agricola Giovanna Tantini","description":"Bardolino La Rocca ist der Protagonist des Untern\u201cLa Rocca\u201d Bardolino DOC.ehmens. Seit 2002 erzeugt, wird er von jeher fr\u00fchestens 18 Monate\u201cLa Rocca\u201d Bardolino DOC.","robots":{"index":"index","follow":"follow","max-snippet":"max-snippet:-1","max-image-preview":"max-image-preview:large","max-video-preview":"max-video-preview:-1"},"canonical":"https:\/\/giovannatantini.it\/de\/la-rocca-bardolino-doc\/","og_locale":"de_DE","og_type":"article","og_title":"\u201cLa Rocca\u201d Bardolino DOC - Azienda Agricola Giovanna Tantini","og_description":"Bardolino La Rocca ist der Protagonist des Untern\u201cLa Rocca\u201d Bardolino DOC.ehmens. Seit 2002 erzeugt, wird er von jeher fr\u00fchestens 18 Monate\u201cLa Rocca\u201d Bardolino DOC.","og_url":"https:\/\/giovannatantini.it\/de\/la-rocca-bardolino-doc\/","og_site_name":"Azienda Agricola Giovanna Tantini","article_modified_time":"2025-04-04T09:31:45+00:00","twitter_card":"summary_large_image","twitter_misc":{"Gesch\u00e4tzte Lesezeit":"2\u00a0Minuten"},"schema":{"@context":"https:\/\/schema.org","@graph":[{"@type":"WebPage","@id":"https:\/\/giovannatantini.it\/de\/la-rocca-bardolino-doc\/","url":"https:\/\/giovannatantini.it\/de\/la-rocca-bardolino-doc\/","name":"\u201cLa Rocca\u201d Bardolino DOC - Azienda Agricola Giovanna Tantini","isPartOf":{"@id":"https:\/\/giovannatantini.it\/#website"},"datePublished":"2022-05-15T07:29:35+00:00","dateModified":"2025-04-04T09:31:45+00:00","description":"Bardolino La Rocca ist der Protagonist des Untern\u201cLa Rocca\u201d Bardolino DOC.ehmens. Seit 2002 erzeugt, wird er von jeher fr\u00fchestens 18 Monate\u201cLa Rocca\u201d Bardolino DOC.","breadcrumb":{"@id":"https:\/\/giovannatantini.it\/de\/la-rocca-bardolino-doc\/#breadcrumb"},"inLanguage":"de","potentialAction":[{"@type":"ReadAction","target":["https:\/\/giovannatantini.it\/de\/la-rocca-bardolino-doc\/"]}]},{"@type":"BreadcrumbList","@id":"https:\/\/giovannatantini.it\/de\/la-rocca-bardolino-doc\/#breadcrumb","itemListElement":[{"@type":"ListItem","position":1,"name":"Home","item":"https:\/\/giovannatantini.it\/de\/"},{"@type":"ListItem","position":2,"name":"\u201cLa Rocca\u201d Bardolino DOC"}]},{"@type":"WebSite","@id":"https:\/\/giovannatantini.it\/#website","url":"https:\/\/giovannatantini.it\/","name":"Azienda Agricola Giovanna Tantini","description":"Vini DOC e IGT - Agriturismo B&amp;B - Vendita","potentialAction":[{"@type":"SearchAction","target":{"@type":"EntryPoint","urlTemplate":"https:\/\/giovannatantini.it\/?s={search_term_string}"},"query-input":{"@type":"PropertyValueSpecification","valueRequired":true,"valueName":"search_term_string"}}],"inLanguage":"de"}]}},"_links":{"self":[{"href":"https:\/\/giovannatantini.it\/de\/wp-json\/wp\/v2\/pages\/3576","targetHints":{"allow":["GET"]}}],"collection":[{"href":"https:\/\/giovannatantini.it\/de\/wp-json\/wp\/v2\/pages"}],"about":[{"href":"https:\/\/giovannatantini.it\/de\/wp-json\/wp\/v2\/types\/page"}],"author":[{"embeddable":true,"href":"https:\/\/giovannatantini.it\/de\/wp-json\/wp\/v2\/users\/16"}],"replies":[{"embeddable":true,"href":"https:\/\/giovannatantini.it\/de\/wp-json\/wp\/v2\/comments?post=3576"}],"version-history":[{"count":7,"href":"https:\/\/giovannatantini.it\/de\/wp-json\/wp\/v2\/pages\/3576\/revisions"}],"predecessor-version":[{"id":4606,"href":"https:\/\/giovannatantini.it\/de\/wp-json\/wp\/v2\/pages\/3576\/revisions\/4606"}],"wp:attachment":[{"href":"https:\/\/giovannatantini.it\/de\/wp-json\/wp\/v2\/media?parent=3576"}],"curies":[{"name":"wp","href":"https:\/\/api.w.org\/{rel}","templated":true}]}}