{"id":2574,"date":"2021-02-09T20:58:30","date_gmt":"2021-02-09T19:58:30","guid":{"rendered":"http:\/\/giovannatantini.it\/tour-und-weinverkostung\/"},"modified":"2026-04-14T11:31:38","modified_gmt":"2026-04-14T10:31:38","slug":"weinproben","status":"publish","type":"page","link":"https:\/\/giovannatantini.it\/de\/weinproben\/","title":{"rendered":"Weinproben"},"content":{"rendered":"<p>[vc_row][vc_column][vc_column_text]Entdecken Sie die Arbeit, die Leidenschaft und die Geheimnisse hinter der Herstellung der ber\u00fchmtesten Weine von Giovanna Tantini, bei denen die Qualit\u00e4t die erste und einzige \u00dcberlegung ist, und jede Entscheidung erst nach der Frage getroffen wird: &#8222;Wird der Wein dadurch besser?&#8220;<\/p>\n<p><strong>Buchen Sie Ihre Weinverkostung mit Giovanna<\/strong> \u00fcber unsere Website oder kontaktieren Sie uns f\u00fcr eine individuelle L\u00f6sung.[\/vc_column_text][vc_empty_space][\/vc_column][\/vc_row][vc_row][vc_column width=&#8220;1\/3&#8243;][vc_single_image image=&#8220;4428&#8243; img_size=&#8220;full&#8220; onclick=&#8220;custom_link&#8220; link=&#8220;https:\/\/giovannatantini.it\/de\/verkostung-von-6-weinen-von-giovanna-tantini\/&#8220;][vc_cta h2=&#8220;&#8220; h4=&#8220;Besichtigung und Verkostung der 6 Weine&#8220; color=&#8220;juicy-pink&#8220; add_button=&#8220;bottom&#8220; btn_title=&#8220;BUCHEN SIE JETZT&#8220; btn_style=&#8220;classic&#8220; btn_shape=&#8220;square&#8220; btn_color=&#8220;juicy-pink&#8220; btn_size=&#8220;lg&#8220; btn_align=&#8220;center&#8220; btn_button_block=&#8220;true&#8220; btn_link=&#8220;url:https%3A%2F%2Fgiovannatantini.it%2Fde%2Fverkostung-von-6-weinen-von-giovanna-tantini%2F|title:Verkostung%20von%206%20Weinen%20von%20Giovanna%20Tantini&#8220;]Ein Erlebnis zwischen den Reben, um die authentische Philosophie des Weinguts zu entdecken. Gef\u00fchrte Verkostung der 4 typischen DOC-Weine des Gardasees und der 2 IGT-Weine, die den Kindern Ettore und Greta gewidmet sind. Weine, die durch jahrelange Forschung und Hingabe die Identit\u00e4t des Weinguts widerspiegeln \u2013 mit Liebe zum Detail, vom Weinberg bis zur Flasche, tief verwurzelt im Gardasee-Terroir.[\/vc_cta][\/vc_column][vc_column width=&#8220;1\/3&#8243;][vc_single_image image=&#8220;3618&#8243; img_size=&#8220;full&#8220;][vc_cta h2=&#8220;&#8220; h4=&#8220;2013-2020 Bardolino in Verticale&#8220; color=&#8220;juicy-pink&#8220; add_button=&#8220;bottom&#8220; btn_title=&#8220;FINDE MEHR HERAUS&#8220; btn_style=&#8220;classic&#8220; btn_shape=&#8220;square&#8220; btn_color=&#8220;juicy-pink&#8220; btn_size=&#8220;lg&#8220; btn_align=&#8220;center&#8220; btn_button_block=&#8220;true&#8220; btn_link=&#8220;url:https%3A%2F%2Fgiovannatantini.it%2Fbardolino-in-verticale%2F|title:2013-2020%20Bardolino%20in%20verticale|&#8220;]<\/p>\n<p data-start=\"679\" data-end=\"1100\">Eine exklusive Vertikalverkostung mit 8 Jahrg\u00e4ngen des Bardolino, gekr\u00f6nt vom Cru \u201eLa Rocca\u201c 2020 \u2013 das Aush\u00e4ngeschild des Weinguts. Jeder Wein erz\u00e4hlt von den sorgf\u00e4ltigen Entscheidungen zur Erntezeit, die das Jahr und Klima widerspiegeln. Eine seltene Gelegenheit, die Entwicklung, Reife und Eleganz des Bardolino zu erleben \u2013 ein Wein, der Jahr f\u00fcr Jahr sein Terroir auf einzigartige Weise erz\u00e4hlt.<\/p>\n<p>[\/vc_cta][\/vc_column][vc_column width=&#8220;1\/3&#8243;][vc_single_image image=&#8220;4431&#8243; img_size=&#8220;full&#8220; onclick=&#8220;custom_link&#8220; link=&#8220;https:\/\/giovannatantini.it\/de\/4&#215;4-weinberg-erfahrung-und-weinverkostung\/&#8220;][vc_cta h2=&#8220;&#8220; h4=&#8220;4&#215;4 weinberg erfahrung mit weinprobe&#8220; color=&#8220;juicy-pink&#8220; add_button=&#8220;bottom&#8220; btn_title=&#8220;BUCHEN SIE JETZT&#8220; btn_style=&#8220;classic&#8220; btn_shape=&#8220;square&#8220; btn_color=&#8220;juicy-pink&#8220; btn_size=&#8220;lg&#8220; btn_align=&#8220;center&#8220; btn_button_block=&#8220;true&#8220; btn_link=&#8220;url:https%3A%2F%2Fgiovannatantini.it%2Fde%2F4x4-weinberg-erfahrung-und-weinverkostung%2F&#8220;]Entdecke die Weinberge zwischen Castelnuovo del Garda und Sona bei einer 4\u00d74-Tour durch die mor\u00e4nischen H\u00fcgel bei Verona. Genie\u00dfe den Blick auf den Gardasee und erfahre mehr \u00fcber ein vom Gletscher geformtes Gebiet. Ein besonderes Erlebnis zwischen Reben, Natur und Weinbautradition \u2013 nah an der Landschaft, echt und unvergesslich.[\/vc_cta][\/vc_column][\/vc_row][vc_row][vc_column width=&#8220;1\/2&#8243;][vc_single_image image=&#8220;4425&#8243; img_size=&#8220;full&#8220; onclick=&#8220;custom_link&#8220; link=&#8220;https:\/\/giovannatantini.it\/de\/picknick-im-weinberg\/&#8220;][vc_cta h2=&#8220;&#8220; h4=&#8220;Picknick im weinberg&#8220; color=&#8220;juicy-pink&#8220; add_button=&#8220;bottom&#8220; btn_title=&#8220;BUCHEN SIE JETZT&#8220; btn_style=&#8220;classic&#8220; btn_shape=&#8220;square&#8220; btn_color=&#8220;juicy-pink&#8220; btn_size=&#8220;lg&#8220; btn_align=&#8220;center&#8220; btn_button_block=&#8220;true&#8220; btn_link=&#8220;url:https%3A%2F%2Fgiovannatantini.it%2Fde%2Fpicknick-im-weinberg%2F|title:Picknick%20im%20weinberg&#8220;]<\/p>\n<p data-start=\"2095\" data-end=\"2482\">Nach einer F\u00fchrung durch Weinberg und Keller, bei der wir dir die Geschichte und Philosophie unseres Weinguts erz\u00e4hlen, erwartet dich ein Moment echter Entspannung zwischen den Reben. Ein Picknick im Schatten der Weinberge \u2013 umgeben von Natur, begleitet von Wein und lokalen K\u00f6stlichkeiten \u2013 f\u00fcr alle, die ein einfaches, aber emotionales Erlebnis mit der Erde suchen.<\/p>\n<p>[\/vc_cta][\/vc_column][vc_column width=&#8220;1\/2&#8243;][vc_single_image image=&#8220;4645&#8243; img_size=&#8220;full&#8220; onclick=&#8220;custom_link&#8220; link=&#8220;https:\/\/giovannatantini.it\/de\/die-verschiedenen-schattierungen-von-corvina\/&#8220;][vc_cta h2=&#8220;&#8220; h4=&#8220;Corvina-Erlebnis &amp; Verkostung&#8220; color=&#8220;juicy-pink&#8220; add_button=&#8220;bottom&#8220; btn_title=&#8220;BUCHEN SIE JETZT&#8220; btn_style=&#8220;classic&#8220; btn_shape=&#8220;square&#8220; btn_color=&#8220;juicy-pink&#8220; btn_size=&#8220;lg&#8220; btn_align=&#8220;center&#8220; btn_button_block=&#8220;true&#8220; btn_link=&#8220;url:https%3A%2F%2Fgiovannatantini.it%2Fde%2Fdie-verschiedenen-schattierungen-von-corvina%2F&#8220;]<\/p>\n<p data-start=\"1661\" data-end=\"2048\">Du beginnst mit einem Spaziergang durch die Weinberge, wo wir dir zeigen, wie wir unsere Reben pflegen, welche Entscheidungen wir im Jahresverlauf treffen und warum die Corvina f\u00fcr uns so besonders ist. Danach erlebst du in unserem Verkostungsraum eine gef\u00fchrte Weinprobe, bei der jede Flasche eine andere Facette der Corvina und unseres Terroirs zum Ausdruck bringt.<\/p>\n<p>[\/vc_cta][\/vc_column][\/vc_row]<\/p>\n","protected":false},"excerpt":{"rendered":"<p>[vc_row][vc_column][vc_column_text]Entdecken Sie die Arbeit, die Leidenschaft und die Geheimnisse hinter der Herstellung der ber\u00fchmtesten Weine von Giovanna Tantini, bei denen die Qualit\u00e4t die erste und einzige \u00dcberlegung ist, und jede Entscheidung erst nach der Frage getroffen wird: &#8222;Wird der Wein dadurch besser?&#8220; Buchen Sie Ihre Weinverkostung mit Giovanna \u00fcber unsere Website oder kontaktieren Sie uns [&hellip;]<\/p>\n","protected":false},"author":16,"featured_media":0,"parent":0,"menu_order":0,"comment_status":"closed","ping_status":"closed","template":"","meta":{"footnotes":""},"class_list":["post-2574","page","type-page","status-publish","hentry"],"yoast_head":"<!-- This site is optimized with the Yoast SEO plugin v26.8 - https:\/\/yoast.com\/product\/yoast-seo-wordpress\/ -->\n<title>Weinproben am Gardasee: - Azienda Agricola Giovanna Tantini<\/title>\n<meta name=\"description\" content=\"Weinproben am Gardasee: Besichtigung der Weinberge und Verkostung von Giovanna Tantini, Bardolino, Custoza, Chiaretto und den DOC-Weinen..\" \/>\n<meta name=\"robots\" content=\"index, follow, max-snippet:-1, max-image-preview:large, max-video-preview:-1\" \/>\n<link rel=\"canonical\" href=\"https:\/\/giovannatantini.it\/de\/weinproben\/\" \/>\n<meta property=\"og:locale\" content=\"de_DE\" \/>\n<meta property=\"og:type\" content=\"article\" \/>\n<meta property=\"og:title\" content=\"Weinproben am Gardasee: - Azienda Agricola Giovanna Tantini\" \/>\n<meta property=\"og:description\" content=\"Weinproben am Gardasee: Besichtigung der Weinberge und Verkostung von Giovanna Tantini, Bardolino, Custoza, Chiaretto und den DOC-Weinen..\" \/>\n<meta property=\"og:url\" content=\"https:\/\/giovannatantini.it\/de\/weinproben\/\" \/>\n<meta property=\"og:site_name\" content=\"Azienda Agricola Giovanna Tantini\" \/>\n<meta property=\"article:modified_time\" content=\"2026-04-14T10:31:38+00:00\" \/>\n<meta name=\"twitter:card\" content=\"summary_large_image\" \/>\n<meta name=\"twitter:label1\" content=\"Gesch\u00e4tzte Lesezeit\" \/>\n\t<meta name=\"twitter:data1\" content=\"4\u00a0Minuten\" \/>\n<script type=\"application\/ld+json\" class=\"yoast-schema-graph\">{\"@context\":\"https:\/\/schema.org\",\"@graph\":[{\"@type\":\"WebPage\",\"@id\":\"https:\/\/giovannatantini.it\/de\/weinproben\/\",\"url\":\"https:\/\/giovannatantini.it\/de\/weinproben\/\",\"name\":\"Weinproben am Gardasee: - Azienda Agricola Giovanna Tantini\",\"isPartOf\":{\"@id\":\"https:\/\/giovannatantini.it\/#website\"},\"datePublished\":\"2021-02-09T19:58:30+00:00\",\"dateModified\":\"2026-04-14T10:31:38+00:00\",\"description\":\"Weinproben am Gardasee: Besichtigung der Weinberge und Verkostung von Giovanna Tantini, Bardolino, Custoza, Chiaretto und den DOC-Weinen..\",\"breadcrumb\":{\"@id\":\"https:\/\/giovannatantini.it\/de\/weinproben\/#breadcrumb\"},\"inLanguage\":\"de\",\"potentialAction\":[{\"@type\":\"ReadAction\",\"target\":[\"https:\/\/giovannatantini.it\/de\/weinproben\/\"]}]},{\"@type\":\"BreadcrumbList\",\"@id\":\"https:\/\/giovannatantini.it\/de\/weinproben\/#breadcrumb\",\"itemListElement\":[{\"@type\":\"ListItem\",\"position\":1,\"name\":\"Home\",\"item\":\"https:\/\/giovannatantini.it\/de\/\"},{\"@type\":\"ListItem\",\"position\":2,\"name\":\"Weinproben\"}]},{\"@type\":\"WebSite\",\"@id\":\"https:\/\/giovannatantini.it\/#website\",\"url\":\"https:\/\/giovannatantini.it\/\",\"name\":\"Azienda Agricola Giovanna Tantini\",\"description\":\"Vini DOC e IGT - Agriturismo B&amp;B - Vendita\",\"potentialAction\":[{\"@type\":\"SearchAction\",\"target\":{\"@type\":\"EntryPoint\",\"urlTemplate\":\"https:\/\/giovannatantini.it\/?s={search_term_string}\"},\"query-input\":{\"@type\":\"PropertyValueSpecification\",\"valueRequired\":true,\"valueName\":\"search_term_string\"}}],\"inLanguage\":\"de\"}]}<\/script>\n<!-- \/ Yoast SEO plugin. -->","yoast_head_json":{"title":"Weinproben am Gardasee: - Azienda Agricola Giovanna Tantini","description":"Weinproben am Gardasee: Besichtigung der Weinberge und Verkostung von Giovanna Tantini, Bardolino, Custoza, Chiaretto und den DOC-Weinen..","robots":{"index":"index","follow":"follow","max-snippet":"max-snippet:-1","max-image-preview":"max-image-preview:large","max-video-preview":"max-video-preview:-1"},"canonical":"https:\/\/giovannatantini.it\/de\/weinproben\/","og_locale":"de_DE","og_type":"article","og_title":"Weinproben am Gardasee: - Azienda Agricola Giovanna Tantini","og_description":"Weinproben am Gardasee: Besichtigung der Weinberge und Verkostung von Giovanna Tantini, Bardolino, Custoza, Chiaretto und den DOC-Weinen..","og_url":"https:\/\/giovannatantini.it\/de\/weinproben\/","og_site_name":"Azienda Agricola Giovanna Tantini","article_modified_time":"2026-04-14T10:31:38+00:00","twitter_card":"summary_large_image","twitter_misc":{"Gesch\u00e4tzte Lesezeit":"4\u00a0Minuten"},"schema":{"@context":"https:\/\/schema.org","@graph":[{"@type":"WebPage","@id":"https:\/\/giovannatantini.it\/de\/weinproben\/","url":"https:\/\/giovannatantini.it\/de\/weinproben\/","name":"Weinproben am Gardasee: - Azienda Agricola Giovanna Tantini","isPartOf":{"@id":"https:\/\/giovannatantini.it\/#website"},"datePublished":"2021-02-09T19:58:30+00:00","dateModified":"2026-04-14T10:31:38+00:00","description":"Weinproben am Gardasee: Besichtigung der Weinberge und Verkostung von Giovanna Tantini, Bardolino, Custoza, Chiaretto und den DOC-Weinen..","breadcrumb":{"@id":"https:\/\/giovannatantini.it\/de\/weinproben\/#breadcrumb"},"inLanguage":"de","potentialAction":[{"@type":"ReadAction","target":["https:\/\/giovannatantini.it\/de\/weinproben\/"]}]},{"@type":"BreadcrumbList","@id":"https:\/\/giovannatantini.it\/de\/weinproben\/#breadcrumb","itemListElement":[{"@type":"ListItem","position":1,"name":"Home","item":"https:\/\/giovannatantini.it\/de\/"},{"@type":"ListItem","position":2,"name":"Weinproben"}]},{"@type":"WebSite","@id":"https:\/\/giovannatantini.it\/#website","url":"https:\/\/giovannatantini.it\/","name":"Azienda Agricola Giovanna Tantini","description":"Vini DOC e IGT - Agriturismo B&amp;B - Vendita","potentialAction":[{"@type":"SearchAction","target":{"@type":"EntryPoint","urlTemplate":"https:\/\/giovannatantini.it\/?s={search_term_string}"},"query-input":{"@type":"PropertyValueSpecification","valueRequired":true,"valueName":"search_term_string"}}],"inLanguage":"de"}]}},"_links":{"self":[{"href":"https:\/\/giovannatantini.it\/de\/wp-json\/wp\/v2\/pages\/2574","targetHints":{"allow":["GET"]}}],"collection":[{"href":"https:\/\/giovannatantini.it\/de\/wp-json\/wp\/v2\/pages"}],"about":[{"href":"https:\/\/giovannatantini.it\/de\/wp-json\/wp\/v2\/types\/page"}],"author":[{"embeddable":true,"href":"https:\/\/giovannatantini.it\/de\/wp-json\/wp\/v2\/users\/16"}],"replies":[{"embeddable":true,"href":"https:\/\/giovannatantini.it\/de\/wp-json\/wp\/v2\/comments?post=2574"}],"version-history":[{"count":30,"href":"https:\/\/giovannatantini.it\/de\/wp-json\/wp\/v2\/pages\/2574\/revisions"}],"predecessor-version":[{"id":4794,"href":"https:\/\/giovannatantini.it\/de\/wp-json\/wp\/v2\/pages\/2574\/revisions\/4794"}],"wp:attachment":[{"href":"https:\/\/giovannatantini.it\/de\/wp-json\/wp\/v2\/media?parent=2574"}],"curies":[{"name":"wp","href":"https:\/\/api.w.org\/{rel}","templated":true}]}}