{"id":2074,"date":"2019-02-11T17:19:53","date_gmt":"2019-02-11T16:19:53","guid":{"rendered":"http:\/\/giovannatantini.it\/bardolino-chiaretto-d-o-c\/"},"modified":"2025-04-04T10:29:51","modified_gmt":"2025-04-04T09:29:51","slug":"chiaretto-di-bardolino-d-o-c","status":"publish","type":"page","link":"https:\/\/giovannatantini.it\/de\/chiaretto-di-bardolino-d-o-c\/","title":{"rendered":"Chiaretto di Bardolino D.O.C."},"content":{"rendered":"<p>[vc_row][vc_column width=&#8220;1\/2&#8243;][vc_column_text css_animation=&#8220;none&#8220;]<\/p>\n<div class=\"page\" title=\"Page 8\">\n<div class=\"layoutArea\">\n<div class=\"column\">\n<h4>CHIARETTO DI BARDOLINO\u00a0 D.O.C.<\/h4>\n<div class=\"page\" title=\"Page 10\">\n<div class=\"layoutArea\">\n<div class=\"column\">\n<div class=\"page\" title=\"Page 8\">\n<div class=\"layoutArea\">\n<div class=\"column\">\n<div class=\"page\" title=\"Page 7\">\n<div class=\"layoutArea\">\n<div class=\"column\">\n<p>Er ist die Ros\u00e9-Variante des Weins Nummer 1 und seit 2002 das Produkt, das auch am internationalen Markt besonders gesch\u00e4tzt wird. Die kontinuierliche Arbeit an der Abstimmung der Variablen \u2013 Zeiten der Lese \u2013 Temperatur \u2013 Dauer des Ruhens auf den Schalen \u2013 hat die Entstehung eines Chiaretto erm\u00f6glicht, der es heute auch mit seinem Farbton mit den besten internationa- len Vertretern dieser Kategorie von Weinen aufnehmen kann.<\/p>\n<\/div>\n<\/div>\n<\/div>\n<\/div>\n<\/div>\n<\/div>\n<\/div>\n<\/div>\n<\/div>\n<\/div>\n<\/div>\n<\/div>\n<p>[\/vc_column_text][vc_empty_space height=&#8220;75px&#8220;][vc_single_image image=&#8220;3654&#8243; img_size=&#8220;large&#8220; alignment=&#8220;center&#8220; onclick=&#8220;link_image&#8220; css_animation=&#8220;fadeInUp&#8220;][vc_empty_space height=&#8220;75px&#8220;][\/vc_column][vc_column width=&#8220;1\/2&#8243;]<div class=\"sc_table\" style=\"width:100%;\"><\/p>\n<table border=\"0\" summary=\"Bardolino Chiaretto\" cellspacing=\"2\" cellpadding=\"10\">\n<tbody>\n<tr>\n<td align=\"right\">\n<div class=\"page\" title=\"Page 7\">\n<div class=\"layoutArea\">\n<div class=\"column\">\n<p>Rebsorten<\/p>\n<\/div>\n<\/div>\n<\/div>\n<\/td>\n<td>Corvina, Rondinella, Molinara<\/td>\n<\/tr>\n<tr>\n<td align=\"right\" bgcolor=\"#EFEFEF\">\n<div class=\"page\" title=\"Page 7\">\n<div class=\"layoutArea\">\n<div class=\"column\">\n<p>Boden<\/p>\n<\/div>\n<\/div>\n<\/div>\n<\/td>\n<td bgcolor=\"#EFEFEF\">\n<div class=\"page\" title=\"Page 7\">\n<div class=\"layoutArea\">\n<div class=\"column\">\n<p>Eiszeitlicher Ursprung (Mor\u00e4nenboden), kieshaltiger, kalkhaltiger und Schwemmboden<\/p>\n<\/div>\n<\/div>\n<\/div>\n<\/td>\n<\/tr>\n<tr>\n<td align=\"right\">\n<div class=\"page\" title=\"Page 7\">\n<div class=\"layoutArea\">\n<div class=\"column\">\n<p>H\u00f6he<\/p>\n<\/div>\n<\/div>\n<\/div>\n<\/td>\n<td>\n<div class=\"page\" title=\"Page 7\">\n<div class=\"layoutArea\">\n<div class=\"column\">\n<p>100 m \u00fc.d.M.<\/p>\n<\/div>\n<\/div>\n<\/div>\n<\/td>\n<\/tr>\n<tr>\n<td align=\"right\" bgcolor=\"#EFEFEF\">\n<div class=\"page\" title=\"Page 7\">\n<div class=\"layoutArea\">\n<div class=\"column\">\n<p>Erziehungsmethode<\/p>\n<\/div>\n<\/div>\n<\/div>\n<\/td>\n<td bgcolor=\"#EFEFEF\">Guyot<\/td>\n<\/tr>\n<tr>\n<td align=\"right\">\n<div class=\"page\" title=\"Page 7\">\n<div class=\"layoutArea\">\n<div class=\"column\">\n<p>Ausrichtung<\/p>\n<\/div>\n<\/div>\n<\/div>\n<\/td>\n<td>South<\/td>\n<\/tr>\n<tr>\n<td align=\"right\" bgcolor=\"#EFEFEF\">\n<div class=\"page\" title=\"Page 7\">\n<div class=\"layoutArea\">\n<div class=\"column\">\n<p>Hektarertrag<\/p>\n<\/div>\n<\/div>\n<\/div>\n<\/td>\n<td bgcolor=\"#EFEFEF\">90 ql\/ha<\/td>\n<\/tr>\n<tr>\n<td align=\"right\">\n<div class=\"page\" title=\"Page 7\">\n<div class=\"layoutArea\">\n<div class=\"column\">\n<p>Arbeiten im Weinberg<\/p>\n<\/div>\n<\/div>\n<\/div>\n<\/td>\n<td>\n<div class=\"page\" title=\"Page 10\">\n<div class=\"layoutArea\">\n<div class=\"column\">\n<div class=\"page\" title=\"Page 7\">\n<div class=\"layoutArea\">\n<div class=\"column\">\n<p>Viel Aufmerksamkeit gilt der Pflege der Pflanzen\u00a0in den Monaten vor Beginn des Farbumschlags. Einsch\u00e4tzung der Ertr\u00e4ge kurz vor der Lese. Auswahl des Weingartens und der Trauben unter Ber\u00fccksichtigung der Reifungsparameter, insbesondere S\u00e4ure und Zuckergrad.<\/p>\n<\/div>\n<\/div>\n<\/div>\n<\/div>\n<\/div>\n<\/div>\n<\/td>\n<\/tr>\n<tr>\n<td align=\"right\" bgcolor=\"#EFEFEF\">\n<div class=\"page\" title=\"Page 7\">\n<div class=\"layoutArea\">\n<div class=\"column\">\n<p>Zeit der Lese<\/p>\n<\/div>\n<\/div>\n<\/div>\n<\/td>\n<td bgcolor=\"#EFEFEF\">\n<div class=\"page\" title=\"Page 10\">\n<div class=\"layoutArea\">\n<div class=\"column\">\n<div class=\"page\" title=\"Page 7\">\n<div class=\"layoutArea\">\n<div class=\"column\">\n<p>Mitte September<\/p>\n<\/div>\n<\/div>\n<\/div>\n<\/div>\n<\/div>\n<\/div>\n<\/td>\n<\/tr>\n<tr>\n<td align=\"right\">\n<div class=\"page\" title=\"Page 7\">\n<div class=\"layoutArea\">\n<div class=\"column\">\n<p>Ernte<\/p>\n<\/div>\n<\/div>\n<\/div>\n<\/td>\n<td>\n<div class=\"page\" title=\"Page 10\">\n<div class=\"layoutArea\">\n<div class=\"column\">\n<div class=\"page\" title=\"Page 7\">\n<div class=\"layoutArea\">\n<div class=\"column\">\n<p>Mit der Hand, in Stiegen<\/p>\n<\/div>\n<\/div>\n<\/div>\n<\/div>\n<\/div>\n<\/div>\n<\/td>\n<\/tr>\n<tr>\n<td align=\"right\" bgcolor=\"#EFEFEF\">\n<div class=\"page\" title=\"Page 7\">\n<div class=\"layoutArea\">\n<div class=\"column\">\n<p>Weinbereitung<\/p>\n<\/div>\n<\/div>\n<\/div>\n<\/td>\n<td bgcolor=\"#EFEFEF\">\n<div class=\"page\" title=\"Page 10\">\n<div class=\"layoutArea\">\n<div class=\"column\">\n<div class=\"page\" title=\"Page 8\">\n<div class=\"layoutArea\">\n<div class=\"column\">\n<div class=\"page\" title=\"Page 7\">\n<div class=\"layoutArea\">\n<div class=\"column\">\n<p>F\u00fcr jede Rebsorte erfolgen separat: Lese, Abbeeren und Zerdr\u00fccken, Kaltmazeration bei 5 \u00b0C bis zum Erhalt einer zartrosa Farbe. Sanftes Pressen des Pressguts, gefolgt von der statischen Kl\u00e4rung des Mosts bei 8 \u00b0C. G\u00e4rung mit einer Dauer von 16 Tagen bei kontrollierter Temperatur von 16-18 \u00b0C. Zusammenstellung der Weine aus den einzelnen Rebsorten in Einhaltung der Prozentanteile gem\u00e4\u00df Herstellungsregeln.<\/p>\n<\/div>\n<\/div>\n<\/div>\n<\/div>\n<\/div>\n<\/div>\n<\/div>\n<\/div>\n<\/div>\n<\/td>\n<\/tr>\n<tr>\n<td align=\"right\">\n<div class=\"page\" title=\"Page 7\">\n<div class=\"layoutArea\">\n<div class=\"column\">\n<p>Ausbau<\/p>\n<\/div>\n<\/div>\n<\/div>\n<\/td>\n<td>\n<div class=\"page\" title=\"Page 10\">\n<div class=\"layoutArea\">\n<div class=\"column\">\n<div class=\"page\" title=\"Page 8\">\n<div class=\"layoutArea\">\n<div class=\"column\">\n<div class=\"page\" title=\"Page 7\">\n<div class=\"layoutArea\">\n<div class=\"column\">\n<p>6 Monate in Edelstahltanks bei einer Temperatur von 8 \u00b0C, 2 Monate in der Flasche.<\/p>\n<\/div>\n<\/div>\n<\/div>\n<\/div>\n<\/div>\n<\/div>\n<\/div>\n<\/div>\n<\/div>\n<\/td>\n<\/tr>\n<tr>\n<td align=\"right\" bgcolor=\"#EFEFEF\">\n<div class=\"page\" title=\"Page 7\">\n<div class=\"layoutArea\">\n<div class=\"column\">\n<p>Verkostungsmerkmale<\/p>\n<\/div>\n<\/div>\n<\/div>\n<\/td>\n<td bgcolor=\"#EFEFEF\">\n<div class=\"page\" title=\"Page 10\">\n<div class=\"layoutArea\">\n<div class=\"column\">\n<div class=\"page\" title=\"Page 8\">\n<div class=\"layoutArea\">\n<div class=\"column\">\n<div class=\"page\" title=\"Page 7\">\n<div class=\"layoutArea\">\n<div class=\"column\">\n<p>Farbe: helles Rosa, Rosenblatt<br \/>\nNase: milde Noten von frischen roten Fr\u00fcchten.<br \/>\nGaumen: frisch und lebhaft.<\/p>\n<\/div>\n<\/div>\n<\/div>\n<\/div>\n<\/div>\n<\/div>\n<\/div>\n<\/div>\n<\/div>\n<\/td>\n<\/tr>\n<tr>\n<td align=\"right\">\n<div class=\"page\" title=\"Page 7\">\n<div class=\"layoutArea\">\n<div class=\"column\">\n<p>Speiseempfehlung<\/p>\n<\/div>\n<\/div>\n<\/div>\n<\/td>\n<td>\n<div class=\"page\" title=\"Page 10\">\n<div class=\"layoutArea\">\n<div class=\"column\">\n<div class=\"page\" title=\"Page 8\">\n<div class=\"layoutArea\">\n<div class=\"column\">\n<div class=\"page\" title=\"Page 7\">\n<div class=\"layoutArea\">\n<div class=\"column\">\n<p>Aperitif, Salami, K\u00e4se, Fisch, Sushi, Pizza, Spaghetti, Risotto.<\/p>\n<\/div>\n<\/div>\n<\/div>\n<\/div>\n<\/div>\n<\/div>\n<\/div>\n<\/div>\n<\/div>\n<\/td>\n<\/tr>\n<\/tbody>\n<\/table>\n<p><\/div>[\/vc_column][\/vc_row][vc_row][vc_column][\/vc_column][\/vc_row]<\/p>\n","protected":false},"excerpt":{"rendered":"<p>[vc_row][vc_column width=&#8220;1\/2&#8243;][vc_column_text css_animation=&#8220;none&#8220;] CHIARETTO DI BARDOLINO\u00a0 D.O.C. Er ist die Ros\u00e9-Variante des Weins Nummer 1 und seit 2002 das Produkt, das auch am internationalen Markt besonders gesch\u00e4tzt wird. Die kontinuierliche Arbeit an der Abstimmung der Variablen \u2013 Zeiten der Lese \u2013 Temperatur \u2013 Dauer des Ruhens auf den Schalen \u2013 hat die Entstehung eines Chiaretto [&hellip;]<\/p>\n","protected":false},"author":16,"featured_media":0,"parent":0,"menu_order":0,"comment_status":"closed","ping_status":"closed","template":"","meta":{"footnotes":""},"class_list":["post-2074","page","type-page","status-publish","hentry"],"yoast_head":"<!-- This site is optimized with the Yoast SEO plugin v26.8 - https:\/\/yoast.com\/product\/yoast-seo-wordpress\/ -->\n<title>Chiaretto di Bardolino D.O.C. - Azienda Agricola Giovanna Tantini<\/title>\n<meta name=\"description\" content=\"Chiaretto di Bardolino D.O.C. \u00c8 la declinazione in rosato del vino principale ed \u00e8 il prodotto, ad iniziare dal 2002, che pi\u00f9 \u00e8 stato apprezzato anche nei mercati internazionali. Il progressivo lavoro di sintonizzazione delle variabili:\" \/>\n<meta name=\"robots\" content=\"index, follow, max-snippet:-1, max-image-preview:large, max-video-preview:-1\" \/>\n<link rel=\"canonical\" href=\"https:\/\/giovannatantini.it\/de\/chiaretto-di-bardolino-d-o-c\/\" \/>\n<meta property=\"og:locale\" content=\"de_DE\" \/>\n<meta property=\"og:type\" content=\"article\" \/>\n<meta property=\"og:title\" content=\"Chiaretto di Bardolino D.O.C. - Azienda Agricola Giovanna Tantini\" \/>\n<meta property=\"og:description\" content=\"Chiaretto di Bardolino D.O.C. \u00c8 la declinazione in rosato del vino principale ed \u00e8 il prodotto, ad iniziare dal 2002, che pi\u00f9 \u00e8 stato apprezzato anche nei mercati internazionali. Il progressivo lavoro di sintonizzazione delle variabili:\" \/>\n<meta property=\"og:url\" content=\"https:\/\/giovannatantini.it\/de\/chiaretto-di-bardolino-d-o-c\/\" \/>\n<meta property=\"og:site_name\" content=\"Azienda Agricola Giovanna Tantini\" \/>\n<meta property=\"article:modified_time\" content=\"2025-04-04T09:29:51+00:00\" \/>\n<meta name=\"twitter:card\" content=\"summary_large_image\" \/>\n<meta name=\"twitter:label1\" content=\"Gesch\u00e4tzte Lesezeit\" \/>\n\t<meta name=\"twitter:data1\" content=\"2\u00a0Minuten\" \/>\n<script type=\"application\/ld+json\" class=\"yoast-schema-graph\">{\"@context\":\"https:\/\/schema.org\",\"@graph\":[{\"@type\":\"WebPage\",\"@id\":\"https:\/\/giovannatantini.it\/de\/chiaretto-di-bardolino-d-o-c\/\",\"url\":\"https:\/\/giovannatantini.it\/de\/chiaretto-di-bardolino-d-o-c\/\",\"name\":\"Chiaretto di Bardolino D.O.C. - Azienda Agricola Giovanna Tantini\",\"isPartOf\":{\"@id\":\"https:\/\/giovannatantini.it\/#website\"},\"datePublished\":\"2019-02-11T16:19:53+00:00\",\"dateModified\":\"2025-04-04T09:29:51+00:00\",\"description\":\"Chiaretto di Bardolino D.O.C. \u00c8 la declinazione in rosato del vino principale ed \u00e8 il prodotto, ad iniziare dal 2002, che pi\u00f9 \u00e8 stato apprezzato anche nei mercati internazionali. Il progressivo lavoro di sintonizzazione delle variabili:\",\"breadcrumb\":{\"@id\":\"https:\/\/giovannatantini.it\/de\/chiaretto-di-bardolino-d-o-c\/#breadcrumb\"},\"inLanguage\":\"de\",\"potentialAction\":[{\"@type\":\"ReadAction\",\"target\":[\"https:\/\/giovannatantini.it\/de\/chiaretto-di-bardolino-d-o-c\/\"]}]},{\"@type\":\"BreadcrumbList\",\"@id\":\"https:\/\/giovannatantini.it\/de\/chiaretto-di-bardolino-d-o-c\/#breadcrumb\",\"itemListElement\":[{\"@type\":\"ListItem\",\"position\":1,\"name\":\"Home\",\"item\":\"https:\/\/giovannatantini.it\/de\/\"},{\"@type\":\"ListItem\",\"position\":2,\"name\":\"Chiaretto di Bardolino D.O.C.\"}]},{\"@type\":\"WebSite\",\"@id\":\"https:\/\/giovannatantini.it\/#website\",\"url\":\"https:\/\/giovannatantini.it\/\",\"name\":\"Azienda Agricola Giovanna Tantini\",\"description\":\"Vini DOC e IGT - Agriturismo B&amp;B - Vendita\",\"potentialAction\":[{\"@type\":\"SearchAction\",\"target\":{\"@type\":\"EntryPoint\",\"urlTemplate\":\"https:\/\/giovannatantini.it\/?s={search_term_string}\"},\"query-input\":{\"@type\":\"PropertyValueSpecification\",\"valueRequired\":true,\"valueName\":\"search_term_string\"}}],\"inLanguage\":\"de\"}]}<\/script>\n<!-- \/ Yoast SEO plugin. -->","yoast_head_json":{"title":"Chiaretto di Bardolino D.O.C. - Azienda Agricola Giovanna Tantini","description":"Chiaretto di Bardolino D.O.C. \u00c8 la declinazione in rosato del vino principale ed \u00e8 il prodotto, ad iniziare dal 2002, che pi\u00f9 \u00e8 stato apprezzato anche nei mercati internazionali. Il progressivo lavoro di sintonizzazione delle variabili:","robots":{"index":"index","follow":"follow","max-snippet":"max-snippet:-1","max-image-preview":"max-image-preview:large","max-video-preview":"max-video-preview:-1"},"canonical":"https:\/\/giovannatantini.it\/de\/chiaretto-di-bardolino-d-o-c\/","og_locale":"de_DE","og_type":"article","og_title":"Chiaretto di Bardolino D.O.C. - Azienda Agricola Giovanna Tantini","og_description":"Chiaretto di Bardolino D.O.C. \u00c8 la declinazione in rosato del vino principale ed \u00e8 il prodotto, ad iniziare dal 2002, che pi\u00f9 \u00e8 stato apprezzato anche nei mercati internazionali. Il progressivo lavoro di sintonizzazione delle variabili:","og_url":"https:\/\/giovannatantini.it\/de\/chiaretto-di-bardolino-d-o-c\/","og_site_name":"Azienda Agricola Giovanna Tantini","article_modified_time":"2025-04-04T09:29:51+00:00","twitter_card":"summary_large_image","twitter_misc":{"Gesch\u00e4tzte Lesezeit":"2\u00a0Minuten"},"schema":{"@context":"https:\/\/schema.org","@graph":[{"@type":"WebPage","@id":"https:\/\/giovannatantini.it\/de\/chiaretto-di-bardolino-d-o-c\/","url":"https:\/\/giovannatantini.it\/de\/chiaretto-di-bardolino-d-o-c\/","name":"Chiaretto di Bardolino D.O.C. - Azienda Agricola Giovanna Tantini","isPartOf":{"@id":"https:\/\/giovannatantini.it\/#website"},"datePublished":"2019-02-11T16:19:53+00:00","dateModified":"2025-04-04T09:29:51+00:00","description":"Chiaretto di Bardolino D.O.C. \u00c8 la declinazione in rosato del vino principale ed \u00e8 il prodotto, ad iniziare dal 2002, che pi\u00f9 \u00e8 stato apprezzato anche nei mercati internazionali. Il progressivo lavoro di sintonizzazione delle variabili:","breadcrumb":{"@id":"https:\/\/giovannatantini.it\/de\/chiaretto-di-bardolino-d-o-c\/#breadcrumb"},"inLanguage":"de","potentialAction":[{"@type":"ReadAction","target":["https:\/\/giovannatantini.it\/de\/chiaretto-di-bardolino-d-o-c\/"]}]},{"@type":"BreadcrumbList","@id":"https:\/\/giovannatantini.it\/de\/chiaretto-di-bardolino-d-o-c\/#breadcrumb","itemListElement":[{"@type":"ListItem","position":1,"name":"Home","item":"https:\/\/giovannatantini.it\/de\/"},{"@type":"ListItem","position":2,"name":"Chiaretto di Bardolino D.O.C."}]},{"@type":"WebSite","@id":"https:\/\/giovannatantini.it\/#website","url":"https:\/\/giovannatantini.it\/","name":"Azienda Agricola Giovanna Tantini","description":"Vini DOC e IGT - Agriturismo B&amp;B - Vendita","potentialAction":[{"@type":"SearchAction","target":{"@type":"EntryPoint","urlTemplate":"https:\/\/giovannatantini.it\/?s={search_term_string}"},"query-input":{"@type":"PropertyValueSpecification","valueRequired":true,"valueName":"search_term_string"}}],"inLanguage":"de"}]}},"_links":{"self":[{"href":"https:\/\/giovannatantini.it\/de\/wp-json\/wp\/v2\/pages\/2074","targetHints":{"allow":["GET"]}}],"collection":[{"href":"https:\/\/giovannatantini.it\/de\/wp-json\/wp\/v2\/pages"}],"about":[{"href":"https:\/\/giovannatantini.it\/de\/wp-json\/wp\/v2\/types\/page"}],"author":[{"embeddable":true,"href":"https:\/\/giovannatantini.it\/de\/wp-json\/wp\/v2\/users\/16"}],"replies":[{"embeddable":true,"href":"https:\/\/giovannatantini.it\/de\/wp-json\/wp\/v2\/comments?post=2074"}],"version-history":[{"count":10,"href":"https:\/\/giovannatantini.it\/de\/wp-json\/wp\/v2\/pages\/2074\/revisions"}],"predecessor-version":[{"id":4602,"href":"https:\/\/giovannatantini.it\/de\/wp-json\/wp\/v2\/pages\/2074\/revisions\/4602"}],"wp:attachment":[{"href":"https:\/\/giovannatantini.it\/de\/wp-json\/wp\/v2\/media?parent=2074"}],"curies":[{"name":"wp","href":"https:\/\/api.w.org\/{rel}","templated":true}]}}