{"id":2037,"date":"2019-02-05T11:00:20","date_gmt":"2019-02-05T10:00:20","guid":{"rendered":"http:\/\/giovannatantini.it\/rooms-and-apartment\/"},"modified":"2022-12-05T16:18:38","modified_gmt":"2022-12-05T15:18:38","slug":"unterkuenfte","status":"publish","type":"page","link":"https:\/\/giovannatantini.it\/de\/unterkuenfte\/","title":{"rendered":"Unterk\u00fcnfte"},"content":{"rendered":"<p>[vc_row full_width=&#8220;stretch_row&#8220; equal_height=&#8220;yes&#8220; css=&#8220;.vc_custom_1649250979066{background-color: rgba(255,255,255,0.3) !important;*background-color: rgb(255,255,255) !important;}&#8220;][vc_column]<div class=\"columns_wrap sc_columns columns_fluid sc_columns_count_2\"><div class=\"column-1_2 sc_column_item sc_column_item_1 odd first\">[vc_column_text]<\/p>\n<div class=\"page\" title=\"Page 23\">\n<div class=\"layoutArea\">\n<div class=\"column\">\n<h4>WOHNUNG UND ZIMMER<\/h4>\n<p>Im Jahr 2011 wurde die Renovierung des rustikalen Anbaus des Weinkellers mit dem Bau von zwei Schlafzimmern und einer Wohnung abgeschlossen. Wenige Kilometer von allen Sehensw\u00fcrdigkeiten der &#8222;Garda Parks Area&#8220; entfernt, liegt es inmitten der gr\u00fcnen Landschaft des Unternehmens und wurde in \u00dcbereinstimmung mit der rustikalen Struktur des sp\u00e4ten neunzehnten Jahrhunderts mit dem Wasserbrunnen im Inneren des Hauses gebaut, aber mit gro\u00dfartiger Funktionalit\u00e4t und hervorragender Benutzerfreundlichkeit, so sehr, dass es im Laufe der Jahre \u00fcber den 9,5-Werten der wichtigsten Branchenanalysen geblieben ist. Die gesamte Struktur ist mit unabh\u00e4ngigen Badezimmern, Fernseher, Wi-Fi, Minibar, Klimaanlage und anderen modernen Annehmlichkeiten ausgestattet. Die Wohnung, die auch mit einer kompletten unabh\u00e4ngigen K\u00fcche ausgestattet ist, besteht aus zwei Schlafzimmern und einem Wohnzimmer, das Platz f\u00fcr 4\/5 Personen bietet. Die Gastfreundschaft umfasst einen Fr\u00fchst\u00fccksservice, der direkt vom Eigent\u00fcmer betreut wird, mit einem kompletten Buffet, um den Erwartungen der Gewohnheiten von Menschen aus den unterschiedlichsten L\u00e4ndern gerecht zu werden.<\/p>\n<\/div>\n<\/div>\n<\/div>\n<p>[\/vc_column_text][vc_empty_space]<\/div><div class=\"column-1_2 sc_column_item sc_column_item_2 even\">[vc_empty_space][vc_empty_space][vc_images_carousel images=&#8220;1671,1672,1682,1684,1681,1683&#8243; img_size=&#8220;full&#8220; speed=&#8220;3000&#8243; autoplay=&#8220;yes&#8220; wrap=&#8220;yes&#8220; css_animation=&#8220;fadeInRight&#8220;]<\/div><\/div>[vc_column_text]Kontaktieren Sie uns, um zu buchen<a href=\"mailto:info@giovannatantini.it\"> info@giovannatantini.it<\/a>\u00a0 or Tel: <a href=\"tel:393488717577\">+39 348 871 7577<\/a>[\/vc_column_text]<a href=\"https:\/\/www.booking.com\/hotel\/it\/agriturismo-i-mischi.it.html\" class=\"sc_button sc_button_square sc_button_style_filled sc_button_size_large alignleft  sc_button_iconed icon-key-light sc_popup_link\" style=\"background-color:#dd3333; border-color:#dd3333;\">BUCHEN SIE AUF BOOKING.COM<\/a>[vc_empty_space height=&#8220;150PX&#8220;][vc_row_inner][vc_column_inner width=&#8220;1\/2&#8243;][\/vc_column_inner][vc_column_inner width=&#8220;1\/2&#8243;][\/vc_column_inner][\/vc_row_inner][\/vc_column][\/vc_row][vc_row gap=&#8220;20&#8243; equal_height=&#8220;yes&#8220;][vc_column width=&#8220;1\/2&#8243; css=&#8220;.vc_custom_1649252182844{margin-right: 10px !important;}&#8220;][vc_empty_space height=&#8220;30px&#8220;][vc_column_text]<\/p>\n<h4 style=\"text-align: center;\">Zimmer Rondinella und Molinara<\/h4>\n<p>[\/vc_column_text][vc_images_carousel images=&#8220;3443,3439,3436,3433,3446&#8243; img_size=&#8220;600&#215;400&#8243; onclick=&#8220;link_no&#8220; autoplay=&#8220;yes&#8220;][\/vc_column][vc_column width=&#8220;1\/2&#8243; css=&#8220;.vc_custom_1649252098024{padding-left: 10px !important;}&#8220;][vc_empty_space height=&#8220;30px&#8220;][vc_column_text]<\/p>\n<h4 style=\"text-align: center;\">Wohnung Corvina<\/h4>\n<p>[\/vc_column_text][vc_images_carousel images=&#8220;3459,3468,3465,3462,3456,3453&#8243; img_size=&#8220;600&#215;400&#8243; onclick=&#8220;link_no&#8220; autoplay=&#8220;yes&#8220;][\/vc_column][\/vc_row]<\/p>\n","protected":false},"excerpt":{"rendered":"<p>[vc_row full_width=&#8220;stretch_row&#8220; equal_height=&#8220;yes&#8220; css=&#8220;.vc_custom_1649250979066{background-color: rgba(255,255,255,0.3) !important;*background-color: rgb(255,255,255) !important;}&#8220;][vc_column][vc_column_text]Kontaktieren Sie uns, um zu buchen info@giovannatantini.it\u00a0 or Tel: +39 348 871 7577[\/vc_column_text][vc_empty_space height=&#8220;150PX&#8220;][vc_row_inner][vc_column_inner width=&#8220;1\/2&#8243;][\/vc_column_inner][vc_column_inner width=&#8220;1\/2&#8243;][\/vc_column_inner][\/vc_row_inner][\/vc_column][\/vc_row][vc_row gap=&#8220;20&#8243; equal_height=&#8220;yes&#8220;][vc_column width=&#8220;1\/2&#8243; css=&#8220;.vc_custom_1649252182844{margin-right: 10px !important;}&#8220;][vc_empty_space height=&#8220;30px&#8220;][vc_column_text] Zimmer Rondinella und Molinara [\/vc_column_text][vc_images_carousel images=&#8220;3443,3439,3436,3433,3446&#8243; img_size=&#8220;600&#215;400&#8243; onclick=&#8220;link_no&#8220; autoplay=&#8220;yes&#8220;][\/vc_column][vc_column width=&#8220;1\/2&#8243; css=&#8220;.vc_custom_1649252098024{padding-left: 10px !important;}&#8220;][vc_empty_space height=&#8220;30px&#8220;][vc_column_text] Wohnung Corvina [\/vc_column_text][vc_images_carousel images=&#8220;3459,3468,3465,3462,3456,3453&#8243; img_size=&#8220;600&#215;400&#8243; onclick=&#8220;link_no&#8220; autoplay=&#8220;yes&#8220;][\/vc_column][\/vc_row]<\/p>\n","protected":false},"author":16,"featured_media":0,"parent":0,"menu_order":0,"comment_status":"closed","ping_status":"closed","template":"","meta":{"footnotes":""},"class_list":["post-2037","page","type-page","status-publish","hentry"],"yoast_head":"<!-- This site is optimized with the Yoast SEO plugin v26.8 - https:\/\/yoast.com\/product\/yoast-seo-wordpress\/ -->\n<title>Unterk\u00fcnfte - Azienda Agricola Giovanna Tantini<\/title>\n<meta name=\"robots\" content=\"index, follow, max-snippet:-1, max-image-preview:large, max-video-preview:-1\" \/>\n<link rel=\"canonical\" href=\"https:\/\/giovannatantini.it\/de\/unterkuenfte\/\" \/>\n<meta property=\"og:locale\" content=\"de_DE\" \/>\n<meta property=\"og:type\" content=\"article\" \/>\n<meta property=\"og:title\" content=\"Unterk\u00fcnfte - Azienda Agricola Giovanna Tantini\" \/>\n<meta property=\"og:description\" content=\"[vc_row full_width=&#8220;stretch_row&#8220; equal_height=&#8220;yes&#8220; css=&#8220;.vc_custom_1649250979066{background-color: rgba(255,255,255,0.3) !important;*background-color: rgb(255,255,255) !important;}&#8220;][vc_column][vc_column_text]Kontaktieren Sie uns, um zu buchen info@giovannatantini.it\u00a0 or Tel: +39 348 871 7577[\/vc_column_text][vc_empty_space height=&#8220;150PX&#8220;][vc_row_inner][vc_column_inner width=&#8220;1\/2&#8243;][\/vc_column_inner][vc_column_inner width=&#8220;1\/2&#8243;][\/vc_column_inner][\/vc_row_inner][\/vc_column][\/vc_row][vc_row gap=&#8220;20&#8243; equal_height=&#8220;yes&#8220;][vc_column width=&#8220;1\/2&#8243; css=&#8220;.vc_custom_1649252182844{margin-right: 10px !important;}&#8220;][vc_empty_space height=&#8220;30px&#8220;][vc_column_text] Zimmer Rondinella und Molinara [\/vc_column_text][vc_images_carousel images=&#8220;3443,3439,3436,3433,3446&#8243; img_size=&#8220;600&#215;400&#8243; onclick=&#8220;link_no&#8220; autoplay=&#8220;yes&#8220;][\/vc_column][vc_column width=&#8220;1\/2&#8243; css=&#8220;.vc_custom_1649252098024{padding-left: 10px !important;}&#8220;][vc_empty_space height=&#8220;30px&#8220;][vc_column_text] Wohnung Corvina [\/vc_column_text][vc_images_carousel images=&#8220;3459,3468,3465,3462,3456,3453&#8243; img_size=&#8220;600&#215;400&#8243; onclick=&#8220;link_no&#8220; autoplay=&#8220;yes&#8220;][\/vc_column][\/vc_row]\" \/>\n<meta property=\"og:url\" content=\"https:\/\/giovannatantini.it\/de\/unterkuenfte\/\" \/>\n<meta property=\"og:site_name\" content=\"Azienda Agricola Giovanna Tantini\" \/>\n<meta property=\"article:modified_time\" content=\"2022-12-05T15:18:38+00:00\" \/>\n<meta name=\"twitter:card\" content=\"summary_large_image\" \/>\n<meta name=\"twitter:label1\" content=\"Gesch\u00e4tzte Lesezeit\" \/>\n\t<meta name=\"twitter:data1\" content=\"2\u00a0Minuten\" \/>\n<script type=\"application\/ld+json\" class=\"yoast-schema-graph\">{\"@context\":\"https:\/\/schema.org\",\"@graph\":[{\"@type\":\"WebPage\",\"@id\":\"https:\/\/giovannatantini.it\/de\/unterkuenfte\/\",\"url\":\"https:\/\/giovannatantini.it\/de\/unterkuenfte\/\",\"name\":\"Unterk\u00fcnfte - Azienda Agricola Giovanna Tantini\",\"isPartOf\":{\"@id\":\"https:\/\/giovannatantini.it\/#website\"},\"datePublished\":\"2019-02-05T10:00:20+00:00\",\"dateModified\":\"2022-12-05T15:18:38+00:00\",\"breadcrumb\":{\"@id\":\"https:\/\/giovannatantini.it\/de\/unterkuenfte\/#breadcrumb\"},\"inLanguage\":\"de\",\"potentialAction\":[{\"@type\":\"ReadAction\",\"target\":[\"https:\/\/giovannatantini.it\/de\/unterkuenfte\/\"]}]},{\"@type\":\"BreadcrumbList\",\"@id\":\"https:\/\/giovannatantini.it\/de\/unterkuenfte\/#breadcrumb\",\"itemListElement\":[{\"@type\":\"ListItem\",\"position\":1,\"name\":\"Home\",\"item\":\"https:\/\/giovannatantini.it\/de\/\"},{\"@type\":\"ListItem\",\"position\":2,\"name\":\"Unterk\u00fcnfte\"}]},{\"@type\":\"WebSite\",\"@id\":\"https:\/\/giovannatantini.it\/#website\",\"url\":\"https:\/\/giovannatantini.it\/\",\"name\":\"Azienda Agricola Giovanna Tantini\",\"description\":\"Vini DOC e IGT - Agriturismo B&amp;B - Vendita\",\"potentialAction\":[{\"@type\":\"SearchAction\",\"target\":{\"@type\":\"EntryPoint\",\"urlTemplate\":\"https:\/\/giovannatantini.it\/?s={search_term_string}\"},\"query-input\":{\"@type\":\"PropertyValueSpecification\",\"valueRequired\":true,\"valueName\":\"search_term_string\"}}],\"inLanguage\":\"de\"}]}<\/script>\n<!-- \/ Yoast SEO plugin. -->","yoast_head_json":{"title":"Unterk\u00fcnfte - Azienda Agricola Giovanna Tantini","robots":{"index":"index","follow":"follow","max-snippet":"max-snippet:-1","max-image-preview":"max-image-preview:large","max-video-preview":"max-video-preview:-1"},"canonical":"https:\/\/giovannatantini.it\/de\/unterkuenfte\/","og_locale":"de_DE","og_type":"article","og_title":"Unterk\u00fcnfte - Azienda Agricola Giovanna Tantini","og_description":"[vc_row full_width=&#8220;stretch_row&#8220; equal_height=&#8220;yes&#8220; css=&#8220;.vc_custom_1649250979066{background-color: rgba(255,255,255,0.3) !important;*background-color: rgb(255,255,255) !important;}&#8220;][vc_column][vc_column_text]Kontaktieren Sie uns, um zu buchen info@giovannatantini.it\u00a0 or Tel: +39 348 871 7577[\/vc_column_text][vc_empty_space height=&#8220;150PX&#8220;][vc_row_inner][vc_column_inner width=&#8220;1\/2&#8243;][\/vc_column_inner][vc_column_inner width=&#8220;1\/2&#8243;][\/vc_column_inner][\/vc_row_inner][\/vc_column][\/vc_row][vc_row gap=&#8220;20&#8243; equal_height=&#8220;yes&#8220;][vc_column width=&#8220;1\/2&#8243; css=&#8220;.vc_custom_1649252182844{margin-right: 10px !important;}&#8220;][vc_empty_space height=&#8220;30px&#8220;][vc_column_text] Zimmer Rondinella und Molinara [\/vc_column_text][vc_images_carousel images=&#8220;3443,3439,3436,3433,3446&#8243; img_size=&#8220;600&#215;400&#8243; onclick=&#8220;link_no&#8220; autoplay=&#8220;yes&#8220;][\/vc_column][vc_column width=&#8220;1\/2&#8243; css=&#8220;.vc_custom_1649252098024{padding-left: 10px !important;}&#8220;][vc_empty_space height=&#8220;30px&#8220;][vc_column_text] Wohnung Corvina [\/vc_column_text][vc_images_carousel images=&#8220;3459,3468,3465,3462,3456,3453&#8243; img_size=&#8220;600&#215;400&#8243; onclick=&#8220;link_no&#8220; autoplay=&#8220;yes&#8220;][\/vc_column][\/vc_row]","og_url":"https:\/\/giovannatantini.it\/de\/unterkuenfte\/","og_site_name":"Azienda Agricola Giovanna Tantini","article_modified_time":"2022-12-05T15:18:38+00:00","twitter_card":"summary_large_image","twitter_misc":{"Gesch\u00e4tzte Lesezeit":"2\u00a0Minuten"},"schema":{"@context":"https:\/\/schema.org","@graph":[{"@type":"WebPage","@id":"https:\/\/giovannatantini.it\/de\/unterkuenfte\/","url":"https:\/\/giovannatantini.it\/de\/unterkuenfte\/","name":"Unterk\u00fcnfte - Azienda Agricola Giovanna Tantini","isPartOf":{"@id":"https:\/\/giovannatantini.it\/#website"},"datePublished":"2019-02-05T10:00:20+00:00","dateModified":"2022-12-05T15:18:38+00:00","breadcrumb":{"@id":"https:\/\/giovannatantini.it\/de\/unterkuenfte\/#breadcrumb"},"inLanguage":"de","potentialAction":[{"@type":"ReadAction","target":["https:\/\/giovannatantini.it\/de\/unterkuenfte\/"]}]},{"@type":"BreadcrumbList","@id":"https:\/\/giovannatantini.it\/de\/unterkuenfte\/#breadcrumb","itemListElement":[{"@type":"ListItem","position":1,"name":"Home","item":"https:\/\/giovannatantini.it\/de\/"},{"@type":"ListItem","position":2,"name":"Unterk\u00fcnfte"}]},{"@type":"WebSite","@id":"https:\/\/giovannatantini.it\/#website","url":"https:\/\/giovannatantini.it\/","name":"Azienda Agricola Giovanna Tantini","description":"Vini DOC e IGT - Agriturismo B&amp;B - Vendita","potentialAction":[{"@type":"SearchAction","target":{"@type":"EntryPoint","urlTemplate":"https:\/\/giovannatantini.it\/?s={search_term_string}"},"query-input":{"@type":"PropertyValueSpecification","valueRequired":true,"valueName":"search_term_string"}}],"inLanguage":"de"}]}},"_links":{"self":[{"href":"https:\/\/giovannatantini.it\/de\/wp-json\/wp\/v2\/pages\/2037","targetHints":{"allow":["GET"]}}],"collection":[{"href":"https:\/\/giovannatantini.it\/de\/wp-json\/wp\/v2\/pages"}],"about":[{"href":"https:\/\/giovannatantini.it\/de\/wp-json\/wp\/v2\/types\/page"}],"author":[{"embeddable":true,"href":"https:\/\/giovannatantini.it\/de\/wp-json\/wp\/v2\/users\/16"}],"replies":[{"embeddable":true,"href":"https:\/\/giovannatantini.it\/de\/wp-json\/wp\/v2\/comments?post=2037"}],"version-history":[{"count":18,"href":"https:\/\/giovannatantini.it\/de\/wp-json\/wp\/v2\/pages\/2037\/revisions"}],"predecessor-version":[{"id":3692,"href":"https:\/\/giovannatantini.it\/de\/wp-json\/wp\/v2\/pages\/2037\/revisions\/3692"}],"wp:attachment":[{"href":"https:\/\/giovannatantini.it\/de\/wp-json\/wp\/v2\/media?parent=2037"}],"curies":[{"name":"wp","href":"https:\/\/api.w.org\/{rel}","templated":true}]}}