{"id":2032,"date":"2019-02-05T10:53:19","date_gmt":"2019-02-05T10:53:19","guid":{"rendered":"http:\/\/giovannatantini.it\/ma-gi-co-garda-corvina-d-o-c\/"},"modified":"2025-06-14T09:16:13","modified_gmt":"2025-06-14T08:16:13","slug":"ma-gi-co-garda-corvina-doc","status":"publish","type":"page","link":"https:\/\/giovannatantini.it\/de\/ma-gi-co-garda-corvina-doc\/","title":{"rendered":"MA.GI.CO. Garda Corvina DOC"},"content":{"rendered":"<p>[vc_row][vc_column][vc_column_text css_animation=&#8220;none&#8220;]<\/p>\n<div class=\"page\" title=\"Page 14\">\n<div class=\"layoutArea\">\n<div class=\"column\">\n<h4>MA.GI.CO GARDA CORVINA DOC<\/h4>\n<p>Der Neuank\u00f6mmling unter den Produkten des Unternehmens. Ein in jeder Hinsicht neuer Wein. Hier dr\u00fcckt sich das Potential der Trauben der Rebsorte Corvina Veronese, die aus zwei verschiedenen Zonen (Castelnuovo und Lazise) kommen, in angenehmer Frische und Trinkgenuss aus. Bei der Weinbereitung kommt eine Technik zum Einsatz, die unter Beibehaltung der hellen, f\u00fcr den Corvina Veronese typischen Farbe \u2013 in einer wei\u00dfen Flasche entsprechend zur Geltung gebracht \u2013 einen &#8222;roten Wein&#8220; hervorzubringen wusste, den man bei einer Temperatur trinkt, bei der normalerweise Wei\u00dfwein getrunken wird, um seine Besonderheit, aber auch Schlichtheit in vollen Z\u00fcgen zu genie\u00dfen.<\/p>\n<\/div>\n<\/div>\n<\/div>\n<p>[\/vc_column_text][vc_empty_space height=&#8220;75px&#8220;][vc_single_image image=&#8220;4661&#8243; img_size=&#8220;large&#8220; alignment=&#8220;center&#8220; onclick=&#8220;link_image&#8220; css_animation=&#8220;fadeInUp&#8220;][vc_empty_space height=&#8220;75px&#8220;][\/vc_column][\/vc_row][vc_row][vc_column]<div class=\"sc_table\" style=\"width:100%;\"><\/p>\n<table border=\"0\" summary=\"Bardolino Chiaretto\" cellspacing=\"2\" cellpadding=\"10\">\n<tbody>\n<tr>\n<td align=\"right\">\n<div class=\"page\" title=\"Page 13\">\n<div class=\"layoutArea\">\n<div class=\"column\">\n<p>Rebsorten<\/p>\n<\/div>\n<\/div>\n<\/div>\n<\/td>\n<td>\n<div class=\"page\" title=\"Page 12\">\n<div class=\"layoutArea\">\n<div class=\"column\">\n<div class=\"page\" title=\"Page 14\">\n<div class=\"layoutArea\">\n<div class=\"column\">\n<p>Corvina<\/p>\n<\/div>\n<\/div>\n<\/div>\n<\/div>\n<\/div>\n<\/div>\n<\/td>\n<\/tr>\n<tr>\n<td align=\"right\" bgcolor=\"#EFEFEF\">\n<div class=\"page\" title=\"Page 13\">\n<div class=\"layoutArea\">\n<div class=\"column\">\n<p>Boden<\/p>\n<\/div>\n<\/div>\n<\/div>\n<\/td>\n<td bgcolor=\"#EFEFEF\">\n<div class=\"page\" title=\"Page 14\">\n<div class=\"layoutArea\">\n<div class=\"column\">\n<div class=\"page\" title=\"Page 13\">\n<div class=\"layoutArea\">\n<div class=\"column\">\n<p>Eiszeitlicher Ursprung (Mor\u00e4nenboden), kieshaltiger, kalkhaltiger und Schwemmboden<\/p>\n<\/div>\n<\/div>\n<\/div>\n<\/div>\n<\/div>\n<\/div>\n<\/td>\n<\/tr>\n<tr>\n<td align=\"right\">\n<div class=\"page\" title=\"Page 13\">\n<div class=\"layoutArea\">\n<div class=\"column\">\n<p>H\u00f6he<\/p>\n<\/div>\n<\/div>\n<\/div>\n<\/td>\n<td>\n<div class=\"page\" title=\"Page 13\">\n<div class=\"layoutArea\">\n<div class=\"column\">\n<p>100 m \u00fc.d.M.<\/p>\n<\/div>\n<\/div>\n<\/div>\n<\/td>\n<\/tr>\n<tr>\n<td align=\"right\" bgcolor=\"#EFEFEF\">\n<div class=\"page\" title=\"Page 13\">\n<div class=\"layoutArea\">\n<div class=\"column\">\n<p>Erziehungsmethode<\/p>\n<\/div>\n<\/div>\n<\/div>\n<\/td>\n<td bgcolor=\"#EFEFEF\">\n<div class=\"page\" title=\"Page 12\">\n<div class=\"layoutArea\">\n<div class=\"column\">\n<p>Guyot<\/p>\n<\/div>\n<\/div>\n<\/div>\n<\/td>\n<\/tr>\n<tr>\n<td align=\"right\">\n<div class=\"page\" title=\"Page 13\">\n<div class=\"layoutArea\">\n<div class=\"column\">\n<p>Ausrichtung<\/p>\n<\/div>\n<\/div>\n<\/div>\n<\/td>\n<td>\n<div class=\"page\" title=\"Page 13\">\n<div class=\"layoutArea\">\n<div class=\"column\">\n<p>S\u00fcden<\/p>\n<\/div>\n<\/div>\n<\/div>\n<\/td>\n<\/tr>\n<tr>\n<td align=\"right\" bgcolor=\"#EFEFEF\">\n<div class=\"page\" title=\"Page 13\">\n<div class=\"layoutArea\">\n<div class=\"column\">\n<p>Hektarertrag<\/p>\n<\/div>\n<\/div>\n<\/div>\n<\/td>\n<td bgcolor=\"#EFEFEF\">90 ql\/ha<\/td>\n<\/tr>\n<tr>\n<td align=\"right\">\n<div class=\"page\" title=\"Page 13\">\n<div class=\"layoutArea\">\n<div class=\"column\">\n<p>Arbeiten im Weinberg<\/p>\n<\/div>\n<\/div>\n<\/div>\n<\/td>\n<td>\n<div class=\"page\" title=\"Page 10\">\n<div class=\"layoutArea\">\n<div class=\"column\">\n<div class=\"page\" title=\"Page 12\">\n<div class=\"layoutArea\">\n<div class=\"column\">\n<div class=\"page\" title=\"Page 14\">\n<div class=\"layoutArea\">\n<div class=\"column\">\n<div class=\"page\" title=\"Page 13\">\n<div class=\"layoutArea\">\n<div class=\"column\">\n<p>Viel Aufmerksamkeit gilt der Pflege der Pflanzen in den Monaten vor Beginn der Reife. Einsch\u00e4tzung der Ertr\u00e4ge kurz vor der Lese. Auswahl des Weingartens und der Trauben unter Ber\u00fccksichtigung der Reifungsparameter,<\/p>\n<\/div>\n<\/div>\n<\/div>\n<\/div>\n<\/div>\n<\/div>\n<\/div>\n<\/div>\n<\/div>\n<\/div>\n<\/div>\n<\/div>\n<\/td>\n<\/tr>\n<tr>\n<td align=\"right\" bgcolor=\"#EFEFEF\">\n<div class=\"page\" title=\"Page 13\">\n<div class=\"layoutArea\">\n<div class=\"column\">\n<p>Zeit der Lese<\/p>\n<\/div>\n<\/div>\n<\/div>\n<\/td>\n<td bgcolor=\"#EFEFEF\">\n<div class=\"page\" title=\"Page 10\">\n<div class=\"layoutArea\">\n<div class=\"column\">\n<div class=\"page\" title=\"Page 12\">\n<div class=\"layoutArea\">\n<div class=\"column\">\n<div class=\"page\" title=\"Page 14\">\n<div class=\"layoutArea\">\n<div class=\"column\">\n<div class=\"page\" title=\"Page 13\">\n<div class=\"layoutArea\">\n<div class=\"column\">\n<p>Mitte September<\/p>\n<\/div>\n<\/div>\n<\/div>\n<\/div>\n<\/div>\n<\/div>\n<\/div>\n<\/div>\n<\/div>\n<\/div>\n<\/div>\n<\/div>\n<\/td>\n<\/tr>\n<tr>\n<td align=\"right\">\n<div class=\"page\" title=\"Page 13\">\n<div class=\"layoutArea\">\n<div class=\"column\">\n<p>Ernte<\/p>\n<\/div>\n<\/div>\n<\/div>\n<\/td>\n<td>\n<div class=\"page\" title=\"Page 10\">\n<div class=\"layoutArea\">\n<div class=\"column\">\n<div class=\"page\" title=\"Page 12\">\n<div class=\"layoutArea\">\n<div class=\"column\">\n<div class=\"page\" title=\"Page 14\">\n<div class=\"layoutArea\">\n<div class=\"column\">\n<div class=\"page\" title=\"Page 13\">\n<div class=\"layoutArea\">\n<div class=\"column\">\n<p>Mit der Hand, in Stiegen<\/p>\n<\/div>\n<\/div>\n<\/div>\n<\/div>\n<\/div>\n<\/div>\n<\/div>\n<\/div>\n<\/div>\n<\/div>\n<\/div>\n<\/div>\n<\/td>\n<\/tr>\n<tr>\n<td align=\"right\" bgcolor=\"#EFEFEF\">\n<div class=\"page\" title=\"Page 13\">\n<div class=\"layoutArea\">\n<div class=\"column\">\n<p>Weinbereitung<\/p>\n<\/div>\n<\/div>\n<\/div>\n<\/td>\n<td bgcolor=\"#EFEFEF\">\n<div class=\"page\" title=\"Page 10\">\n<div class=\"layoutArea\">\n<div class=\"column\">\n<div class=\"page\" title=\"Page 12\">\n<div class=\"layoutArea\">\n<div class=\"column\">\n<div class=\"page\" title=\"Page 14\">\n<div class=\"layoutArea\">\n<div class=\"column\">\n<div class=\"page\" title=\"Page 13\">\n<div class=\"layoutArea\">\n<div class=\"column\">\n<p>Kurze Kohlens\u00e4uremaischung,\u00a0Pressung, Abschluss der alkoholischen G\u00e4rung bei 24 \u00b0C in Edelstahl. Malolaktische G\u00e4rung mit ausgew\u00e4hlten Bakterien.<\/p>\n<\/div>\n<\/div>\n<\/div>\n<\/div>\n<\/div>\n<\/div>\n<\/div>\n<\/div>\n<\/div>\n<\/div>\n<\/div>\n<\/div>\n<\/td>\n<\/tr>\n<tr>\n<td align=\"right\">\n<div class=\"page\" title=\"Page 13\">\n<div class=\"layoutArea\">\n<div class=\"column\">\n<p>Ausbau<\/p>\n<\/div>\n<\/div>\n<\/div>\n<\/td>\n<td>\n<div class=\"page\" title=\"Page 10\">\n<div class=\"layoutArea\">\n<div class=\"column\">\n<div class=\"page\" title=\"Page 12\">\n<div class=\"layoutArea\">\n<div class=\"column\">\n<div class=\"page\" title=\"Page 14\">\n<div class=\"layoutArea\">\n<div class=\"column\">\n<div class=\"page\" title=\"Page 13\">\n<div class=\"layoutArea\">\n<div class=\"column\">\n<p>4 Monate in Edelstahltanks, 1 Monat in der Flasche<\/p>\n<\/div>\n<\/div>\n<\/div>\n<\/div>\n<\/div>\n<\/div>\n<\/div>\n<\/div>\n<\/div>\n<\/div>\n<\/div>\n<\/div>\n<\/td>\n<\/tr>\n<tr>\n<td align=\"right\" bgcolor=\"#EFEFEF\">\n<div class=\"page\" title=\"Page 13\">\n<div class=\"layoutArea\">\n<div class=\"column\">\n<p>Verkostungs- merkmale<\/p>\n<\/div>\n<\/div>\n<\/div>\n<\/td>\n<td bgcolor=\"#EFEFEF\">\n<div class=\"page\" title=\"Page 10\">\n<div class=\"layoutArea\">\n<div class=\"column\">\n<div class=\"page\" title=\"Page 12\">\n<div class=\"layoutArea\">\n<div class=\"column\">\n<div class=\"page\" title=\"Page 14\">\n<div class=\"layoutArea\">\n<div class=\"column\">\n<div class=\"page\" title=\"Page 13\">\n<div class=\"layoutArea\">\n<div class=\"column\">\n<p>Farbe: Rubinrot mit violetten Reflexen<br \/>\nNase: Noten von Kirschen und Walderdbeeren<br \/>\nGaumen: ungew\u00f6hnlich, originell, frisch und vollmundig wie ein Wei\u00dfwein und zugleich so anhaltend und mit langem Abgang wie ein junger Rotwein.<\/p>\n<\/div>\n<\/div>\n<\/div>\n<\/div>\n<\/div>\n<\/div>\n<\/div>\n<\/div>\n<\/div>\n<\/div>\n<\/div>\n<\/div>\n<\/td>\n<\/tr>\n<tr>\n<td align=\"right\">\n<div class=\"page\" title=\"Page 13\">\n<div class=\"layoutArea\">\n<div class=\"column\">\n<p>Speiseempfehlung<\/p>\n<\/div>\n<\/div>\n<\/div>\n<\/td>\n<td>\n<div class=\"page\" title=\"Page 10\">\n<div class=\"layoutArea\">\n<div class=\"column\">\n<div class=\"page\" title=\"Page 12\">\n<div class=\"layoutArea\">\n<div class=\"column\">\n<div class=\"page\" title=\"Page 14\">\n<div class=\"layoutArea\">\n<div class=\"column\">\n<div class=\"page\" title=\"Page 13\">\n<div class=\"layoutArea\">\n<div class=\"column\">\n<p>Fisch, frittierter Fisch, Aperitif, Frischk\u00e4se, Pasta<\/p>\n<\/div>\n<\/div>\n<\/div>\n<\/div>\n<\/div>\n<\/div>\n<\/div>\n<\/div>\n<\/div>\n<\/div>\n<\/div>\n<\/div>\n<\/td>\n<\/tr>\n<\/tbody>\n<\/table>\n<p><\/div>[\/vc_column][\/vc_row]<\/p>\n","protected":false},"excerpt":{"rendered":"<p>[vc_row][vc_column][vc_column_text css_animation=&#8220;none&#8220;] MA.GI.CO GARDA CORVINA DOC Der Neuank\u00f6mmling unter den Produkten des Unternehmens. Ein in jeder Hinsicht neuer Wein. Hier dr\u00fcckt sich das Potential der Trauben der Rebsorte Corvina Veronese, die aus zwei verschiedenen Zonen (Castelnuovo und Lazise) kommen, in angenehmer Frische und Trinkgenuss aus. Bei der Weinbereitung kommt eine Technik zum Einsatz, die unter [&hellip;]<\/p>\n","protected":false},"author":16,"featured_media":2279,"parent":0,"menu_order":0,"comment_status":"closed","ping_status":"closed","template":"","meta":{"footnotes":""},"class_list":["post-2032","page","type-page","status-publish","has-post-thumbnail","hentry"],"yoast_head":"<!-- This site is optimized with the Yoast SEO plugin v26.8 - https:\/\/yoast.com\/product\/yoast-seo-wordpress\/ -->\n<title>MA.GI.CO. Garda Corvina DOC - Azienda Agricola Giovanna Tantini<\/title>\n<meta name=\"description\" content=\"MA.GI.CO. Garda Corvina DOC Der Neuank\u00f6mmling unter den Produkten des Unternehmens. Ein in jeder Hinsicht neuer Wein.\" \/>\n<meta name=\"robots\" content=\"index, follow, max-snippet:-1, max-image-preview:large, max-video-preview:-1\" \/>\n<link rel=\"canonical\" href=\"https:\/\/giovannatantini.it\/de\/ma-gi-co-garda-corvina-doc\/\" \/>\n<meta property=\"og:locale\" content=\"de_DE\" \/>\n<meta property=\"og:type\" content=\"article\" \/>\n<meta property=\"og:title\" content=\"MA.GI.CO. Garda Corvina DOC - Azienda Agricola Giovanna Tantini\" \/>\n<meta property=\"og:description\" content=\"MA.GI.CO. Garda Corvina DOC Der Neuank\u00f6mmling unter den Produkten des Unternehmens. Ein in jeder Hinsicht neuer Wein.\" \/>\n<meta property=\"og:url\" content=\"https:\/\/giovannatantini.it\/de\/ma-gi-co-garda-corvina-doc\/\" \/>\n<meta property=\"og:site_name\" content=\"Azienda Agricola Giovanna Tantini\" \/>\n<meta property=\"article:modified_time\" content=\"2025-06-14T08:16:13+00:00\" \/>\n<meta property=\"og:image\" content=\"https:\/\/giovannatantini.it\/wp-content\/uploads\/2018\/04\/bed-and-brekfast-vigneto.jpg\" \/>\n\t<meta property=\"og:image:width\" content=\"1200\" \/>\n\t<meta property=\"og:image:height\" content=\"800\" \/>\n\t<meta property=\"og:image:type\" content=\"image\/jpeg\" \/>\n<meta name=\"twitter:card\" content=\"summary_large_image\" \/>\n<meta name=\"twitter:label1\" content=\"Gesch\u00e4tzte Lesezeit\" \/>\n\t<meta name=\"twitter:data1\" content=\"2\u00a0Minuten\" \/>\n<script type=\"application\/ld+json\" class=\"yoast-schema-graph\">{\"@context\":\"https:\/\/schema.org\",\"@graph\":[{\"@type\":\"WebPage\",\"@id\":\"https:\/\/giovannatantini.it\/de\/ma-gi-co-garda-corvina-doc\/\",\"url\":\"https:\/\/giovannatantini.it\/de\/ma-gi-co-garda-corvina-doc\/\",\"name\":\"MA.GI.CO. Garda Corvina DOC - Azienda Agricola Giovanna Tantini\",\"isPartOf\":{\"@id\":\"https:\/\/giovannatantini.it\/#website\"},\"primaryImageOfPage\":{\"@id\":\"https:\/\/giovannatantini.it\/de\/ma-gi-co-garda-corvina-doc\/#primaryimage\"},\"image\":{\"@id\":\"https:\/\/giovannatantini.it\/de\/ma-gi-co-garda-corvina-doc\/#primaryimage\"},\"thumbnailUrl\":\"https:\/\/giovannatantini.it\/wp-content\/uploads\/2018\/04\/bed-and-brekfast-vigneto.jpg\",\"datePublished\":\"2019-02-05T10:53:19+00:00\",\"dateModified\":\"2025-06-14T08:16:13+00:00\",\"description\":\"MA.GI.CO. Garda Corvina DOC Der Neuank\u00f6mmling unter den Produkten des Unternehmens. Ein in jeder Hinsicht neuer Wein.\",\"breadcrumb\":{\"@id\":\"https:\/\/giovannatantini.it\/de\/ma-gi-co-garda-corvina-doc\/#breadcrumb\"},\"inLanguage\":\"de\",\"potentialAction\":[{\"@type\":\"ReadAction\",\"target\":[\"https:\/\/giovannatantini.it\/de\/ma-gi-co-garda-corvina-doc\/\"]}]},{\"@type\":\"ImageObject\",\"inLanguage\":\"de\",\"@id\":\"https:\/\/giovannatantini.it\/de\/ma-gi-co-garda-corvina-doc\/#primaryimage\",\"url\":\"https:\/\/giovannatantini.it\/wp-content\/uploads\/2018\/04\/bed-and-brekfast-vigneto.jpg\",\"contentUrl\":\"https:\/\/giovannatantini.it\/wp-content\/uploads\/2018\/04\/bed-and-brekfast-vigneto.jpg\",\"width\":1200,\"height\":800,\"caption\":\"MA.GI.CO. Garda Corvina DOC.\"},{\"@type\":\"BreadcrumbList\",\"@id\":\"https:\/\/giovannatantini.it\/de\/ma-gi-co-garda-corvina-doc\/#breadcrumb\",\"itemListElement\":[{\"@type\":\"ListItem\",\"position\":1,\"name\":\"Home\",\"item\":\"https:\/\/giovannatantini.it\/de\/\"},{\"@type\":\"ListItem\",\"position\":2,\"name\":\"MA.GI.CO. Garda Corvina DOC\"}]},{\"@type\":\"WebSite\",\"@id\":\"https:\/\/giovannatantini.it\/#website\",\"url\":\"https:\/\/giovannatantini.it\/\",\"name\":\"Azienda Agricola Giovanna Tantini\",\"description\":\"Vini DOC e IGT - Agriturismo B&amp;B - Vendita\",\"potentialAction\":[{\"@type\":\"SearchAction\",\"target\":{\"@type\":\"EntryPoint\",\"urlTemplate\":\"https:\/\/giovannatantini.it\/?s={search_term_string}\"},\"query-input\":{\"@type\":\"PropertyValueSpecification\",\"valueRequired\":true,\"valueName\":\"search_term_string\"}}],\"inLanguage\":\"de\"}]}<\/script>\n<!-- \/ Yoast SEO plugin. -->","yoast_head_json":{"title":"MA.GI.CO. Garda Corvina DOC - Azienda Agricola Giovanna Tantini","description":"MA.GI.CO. Garda Corvina DOC Der Neuank\u00f6mmling unter den Produkten des Unternehmens. Ein in jeder Hinsicht neuer Wein.","robots":{"index":"index","follow":"follow","max-snippet":"max-snippet:-1","max-image-preview":"max-image-preview:large","max-video-preview":"max-video-preview:-1"},"canonical":"https:\/\/giovannatantini.it\/de\/ma-gi-co-garda-corvina-doc\/","og_locale":"de_DE","og_type":"article","og_title":"MA.GI.CO. Garda Corvina DOC - Azienda Agricola Giovanna Tantini","og_description":"MA.GI.CO. Garda Corvina DOC Der Neuank\u00f6mmling unter den Produkten des Unternehmens. Ein in jeder Hinsicht neuer Wein.","og_url":"https:\/\/giovannatantini.it\/de\/ma-gi-co-garda-corvina-doc\/","og_site_name":"Azienda Agricola Giovanna Tantini","article_modified_time":"2025-06-14T08:16:13+00:00","og_image":[{"width":1200,"height":800,"url":"https:\/\/giovannatantini.it\/wp-content\/uploads\/2018\/04\/bed-and-brekfast-vigneto.jpg","type":"image\/jpeg"}],"twitter_card":"summary_large_image","twitter_misc":{"Gesch\u00e4tzte Lesezeit":"2\u00a0Minuten"},"schema":{"@context":"https:\/\/schema.org","@graph":[{"@type":"WebPage","@id":"https:\/\/giovannatantini.it\/de\/ma-gi-co-garda-corvina-doc\/","url":"https:\/\/giovannatantini.it\/de\/ma-gi-co-garda-corvina-doc\/","name":"MA.GI.CO. Garda Corvina DOC - Azienda Agricola Giovanna Tantini","isPartOf":{"@id":"https:\/\/giovannatantini.it\/#website"},"primaryImageOfPage":{"@id":"https:\/\/giovannatantini.it\/de\/ma-gi-co-garda-corvina-doc\/#primaryimage"},"image":{"@id":"https:\/\/giovannatantini.it\/de\/ma-gi-co-garda-corvina-doc\/#primaryimage"},"thumbnailUrl":"https:\/\/giovannatantini.it\/wp-content\/uploads\/2018\/04\/bed-and-brekfast-vigneto.jpg","datePublished":"2019-02-05T10:53:19+00:00","dateModified":"2025-06-14T08:16:13+00:00","description":"MA.GI.CO. Garda Corvina DOC Der Neuank\u00f6mmling unter den Produkten des Unternehmens. Ein in jeder Hinsicht neuer Wein.","breadcrumb":{"@id":"https:\/\/giovannatantini.it\/de\/ma-gi-co-garda-corvina-doc\/#breadcrumb"},"inLanguage":"de","potentialAction":[{"@type":"ReadAction","target":["https:\/\/giovannatantini.it\/de\/ma-gi-co-garda-corvina-doc\/"]}]},{"@type":"ImageObject","inLanguage":"de","@id":"https:\/\/giovannatantini.it\/de\/ma-gi-co-garda-corvina-doc\/#primaryimage","url":"https:\/\/giovannatantini.it\/wp-content\/uploads\/2018\/04\/bed-and-brekfast-vigneto.jpg","contentUrl":"https:\/\/giovannatantini.it\/wp-content\/uploads\/2018\/04\/bed-and-brekfast-vigneto.jpg","width":1200,"height":800,"caption":"MA.GI.CO. Garda Corvina DOC."},{"@type":"BreadcrumbList","@id":"https:\/\/giovannatantini.it\/de\/ma-gi-co-garda-corvina-doc\/#breadcrumb","itemListElement":[{"@type":"ListItem","position":1,"name":"Home","item":"https:\/\/giovannatantini.it\/de\/"},{"@type":"ListItem","position":2,"name":"MA.GI.CO. Garda Corvina DOC"}]},{"@type":"WebSite","@id":"https:\/\/giovannatantini.it\/#website","url":"https:\/\/giovannatantini.it\/","name":"Azienda Agricola Giovanna Tantini","description":"Vini DOC e IGT - Agriturismo B&amp;B - Vendita","potentialAction":[{"@type":"SearchAction","target":{"@type":"EntryPoint","urlTemplate":"https:\/\/giovannatantini.it\/?s={search_term_string}"},"query-input":{"@type":"PropertyValueSpecification","valueRequired":true,"valueName":"search_term_string"}}],"inLanguage":"de"}]}},"_links":{"self":[{"href":"https:\/\/giovannatantini.it\/de\/wp-json\/wp\/v2\/pages\/2032","targetHints":{"allow":["GET"]}}],"collection":[{"href":"https:\/\/giovannatantini.it\/de\/wp-json\/wp\/v2\/pages"}],"about":[{"href":"https:\/\/giovannatantini.it\/de\/wp-json\/wp\/v2\/types\/page"}],"author":[{"embeddable":true,"href":"https:\/\/giovannatantini.it\/de\/wp-json\/wp\/v2\/users\/16"}],"replies":[{"embeddable":true,"href":"https:\/\/giovannatantini.it\/de\/wp-json\/wp\/v2\/comments?post=2032"}],"version-history":[{"count":8,"href":"https:\/\/giovannatantini.it\/de\/wp-json\/wp\/v2\/pages\/2032\/revisions"}],"predecessor-version":[{"id":4663,"href":"https:\/\/giovannatantini.it\/de\/wp-json\/wp\/v2\/pages\/2032\/revisions\/4663"}],"wp:featuredmedia":[{"embeddable":true,"href":"https:\/\/giovannatantini.it\/de\/wp-json\/wp\/v2\/media\/2279"}],"wp:attachment":[{"href":"https:\/\/giovannatantini.it\/de\/wp-json\/wp\/v2\/media?parent=2032"}],"curies":[{"name":"wp","href":"https:\/\/api.w.org\/{rel}","templated":true}]}}