{"id":2028,"date":"2019-02-05T10:48:12","date_gmt":"2019-02-05T09:48:12","guid":{"rendered":"http:\/\/giovannatantini.it\/home-01\/"},"modified":"2025-07-31T07:30:09","modified_gmt":"2025-07-31T06:30:09","slug":"weingut","status":"publish","type":"page","link":"https:\/\/giovannatantini.it\/de\/","title":{"rendered":"Home"},"content":{"rendered":"<p>[vc_row full_width=&#8220;stretch_row&#8220; css=&#8220;.vc_custom_1444297304566{margin-top: -60px !important;background-color: #ffffff !important;}&#8220;][vc_column][vc_empty_space height=&#8220;50px&#8220;][vc_column_text css=&#8220;.vc_custom_1753943404577{padding-bottom: 20px !important;}&#8220;]<\/p>\n<h4 style=\"text-align: center;\">UNSERE TOP-WEINE<\/h4>\n<p>[\/vc_column_text][vc_btn title=&#8220;Weine entdecken und kaufen&#8220; style=&#8220;classic&#8220; shape=&#8220;square&#8220; color=&#8220;juicy-pink&#8220; size=&#8220;lg&#8220; align=&#8220;center&#8220; link=&#8220;url:https%3A%2F%2Fwirwinzer.de%2Fweinregionen%2Fitalien%2Fvenetien%2Fgiovanna-tantini|title:Wohnzimmer&#8220;][vc_row_inner][vc_column_inner width=&#8220;1\/2&#8243;][vc_empty_space height=&#8220;30px&#8220;][vc_hoverbox image=&#8220;4486&#8243; primary_title=&#8220;DOC WEINE&#8220; primary_align=&#8220;right&#8220; primary_title_font_container=&#8220;font_size:40px|color:%23edd504&#8243; primary_title_google_fonts=&#8220;font_family:Roboto%3A100%2C100italic%2C300%2C300italic%2Cregular%2Citalic%2C500%2C500italic%2C700%2C700italic%2C900%2C900italic|font_style:400%20regular%3A400%3Anormal&#8220; hover_title=&#8220;DOC WEINE&#8220; hover_title_font_container=&#8220;font_size:30PX|color:%23110000&#8243; hover_title_google_fonts=&#8220;font_family:Roboto%3A100%2C100italic%2C300%2C300italic%2Cregular%2Citalic%2C500%2C500italic%2C700%2C700italic%2C900%2C900italic|font_style:400%20regular%3A400%3Anormal&#8220; shape=&#8220;square&#8220; hover_btn_title=&#8220;Weiterlesen&#8220; hover_btn_shape=&#8220;square&#8220; hover_btn_color=&#8220;juicy-pink&#8220; use_custom_fonts_primary_title=&#8220;true&#8220; use_custom_fonts_hover_title=&#8220;true&#8220; hover_add_button=&#8220;true&#8220; primary_title_link=&#8220;url:https%3A%2F%2Fgiovannatantini.it%2Fde%2Fdoc-weine%2F|title:DOC%20Weine&#8220; hover_btn_link=&#8220;url:https%3A%2F%2Fgiovannatantini.it%2Fde%2Fdoc-weine%2F&#8220; hover_title_link=&#8220;url:https%3A%2F%2Fgiovannatantini.it%2Fde%2Fdoc-weine%2F|title:DOC%20Weine&#8220;]Giovanna Tantini produziert f\u00fcnf \u00a0Weine: Bardolino DOC, Chiaretto di Bardolino DOC, Custoza DOC, \u201cMa.Gi.Co\u201d Garda Corvina DOC e \u201cLa Rocca\u201d Bardolino DOC.[\/vc_hoverbox][vc_empty_space height=&#8220;30px&#8220;][\/vc_column_inner][vc_column_inner width=&#8220;1\/2&#8243;][vc_empty_space height=&#8220;30px&#8220;][vc_hoverbox image=&#8220;4515&#8243; primary_title=&#8220;IGT WEINE&#8220; primary_align=&#8220;right&#8220; primary_title_font_container=&#8220;font_size:40px|color:%23edd504&#8243; primary_title_google_fonts=&#8220;font_family:Roboto%3A100%2C100italic%2C300%2C300italic%2Cregular%2Citalic%2C500%2C500italic%2C700%2C700italic%2C900%2C900italic|font_style:400%20regular%3A400%3Anormal&#8220; hover_title=&#8220;IGT WEINE&#8220; hover_title_font_container=&#8220;font_size:30PX|color:%23110000&#8243; hover_title_google_fonts=&#8220;font_family:Roboto%3A100%2C100italic%2C300%2C300italic%2Cregular%2Citalic%2C500%2C500italic%2C700%2C700italic%2C900%2C900italic|font_style:400%20regular%3A400%3Anormal&#8220; shape=&#8220;square&#8220; hover_btn_title=&#8220;Weiterlesen&#8220; hover_btn_shape=&#8220;square&#8220; hover_btn_color=&#8220;juicy-pink&#8220; use_custom_fonts_primary_title=&#8220;true&#8220; use_custom_fonts_hover_title=&#8220;true&#8220; hover_add_button=&#8220;true&#8220; primary_title_link=&#8220;url:https%3A%2F%2Fgiovannatantini.it%2Fde%2Figt-weine%2F|title:IGT%20Weine&#8220; hover_btn_link=&#8220;url:https%3A%2F%2Fgiovannatantini.it%2Fde%2Figt-weine%2F|title:IGT%20Weine&#8220; hover_title_link=&#8220;url:https%3A%2F%2Fgiovannatantini.it%2Fde%2Figt-weine%2F|title:IGT%20Weine&#8220;]Zwei IGT-Weine werden aus einzelnen Weinbergen hergestellt: Greta IGT und Ettore IGT.[\/vc_hoverbox][vc_empty_space height=&#8220;30px&#8220;][\/vc_column_inner][\/vc_row_inner][\/vc_column][\/vc_row][vc_row][vc_column][vc_empty_space height=&#8220;30px&#8220;][vc_row_inner][vc_column_inner width=&#8220;1\/2&#8243;][vc_empty_space height=&#8220;30px&#8220;][vc_column_text css_animation=&#8220;bounceInLeft&#8220;]<\/p>\n<h4>ZIMMER UND WOHNUNG<\/h4>\n<p>Ein Bauernhaus, nur wenige Schritte vom Gardasee entfernt, umgeben von Weinbergen, f\u00fcr Ihren erholsamen Urlaub, wo Sie eine Besichtigung der Weinberge und eine Verkostung unserer Weine erleben k\u00f6nnen[\/vc_column_text][vc_empty_space height=&#8220;30px&#8220;][\/vc_column_inner][vc_column_inner width=&#8220;1\/2&#8243;][vc_empty_space height=&#8220;30px&#8220;][vc_btn title=&#8220;GEHE AUF DIE BAUERNHOF B&amp;B&#8220; style=&#8220;classic&#8220; shape=&#8220;square&#8220; color=&#8220;juicy-pink&#8220; size=&#8220;lg&#8220; align=&#8220;center&#8220; button_block=&#8220;true&#8220; link=&#8220;url:https%3A%2F%2Fgiovannatantini.it%2Fde%2Fwohnzimmer%2F|title:Wohnzimmer&#8220;][vc_empty_space height=&#8220;30px&#8220;][\/vc_column_inner][\/vc_row_inner][\/vc_column][\/vc_row][vc_row full_width=&#8220;stretch_row&#8220; css=&#8220;.vc_custom_1644143284169{background-color: #b3ba66 !important;}&#8220;][vc_column][vc_row_inner][vc_column_inner width=&#8220;1\/2&#8243;][vc_empty_space height=&#8220;48px&#8220;][vc_single_image image=&#8220;3277&#8243; img_size=&#8220;570&#215;321&#8243; add_caption=&#8220;yes&#8220; alignment=&#8220;center&#8220; onclick=&#8220;custom_link&#8220; link=&#8220;https:\/\/giovannatantini.it\/de\/video\/&#8220;][vc_empty_space height=&#8220;48px&#8220;][\/vc_column_inner][vc_column_inner width=&#8220;1\/2&#8243;][vc_empty_space height=&#8220;48px&#8220;][vc_single_image image=&#8220;3283&#8243; img_size=&#8220;570&#215;321&#8243; add_caption=&#8220;yes&#8220; alignment=&#8220;center&#8220; onclick=&#8220;custom_link&#8220; link=&#8220;https:\/\/giovannatantini.it\/de\/video\/&#8220;][vc_empty_space height=&#8220;48px&#8220;][\/vc_column_inner][\/vc_row_inner][\/vc_column][vc_column][vc_btn title=&#8220;VIDEO ANSEHEN&#8220; style=&#8220;classic&#8220; shape=&#8220;square&#8220; color=&#8220;juicy-pink&#8220; size=&#8220;lg&#8220; align=&#8220;center&#8220; button_block=&#8220;true&#8220; link=&#8220;url:https%3A%2F%2Fgiovannatantini.it%2Fde%2Fvideo%2F|title:Wohnzimmer&#8220;][\/vc_column][\/vc_row][vc_row][vc_column][vc_empty_space height=&#8220;50px&#8220;][\/vc_column][\/vc_row][vc_row][vc_column width=&#8220;1\/2&#8243;][vc_single_image image=&#8220;2974&#8243; img_size=&#8220;570&#215;380&#8243; onclick=&#8220;custom_link&#8220; link=&#8220;de\/weinproben\/&#8220;][\/vc_column][vc_column width=&#8220;1\/2&#8243;][vc_single_image image=&#8220;3317&#8243; img_size=&#8220;570&#215;380&#8243; onclick=&#8220;custom_link&#8220; link=&#8220;de\/weinproben\/&#8220;][\/vc_column][\/vc_row][vc_row][vc_column][vc_empty_space height=&#8220;50px&#8220;][vc_btn title=&#8220;SEHEN UND BUCHEN SIE EINE VERKOSTUNG&#8220; style=&#8220;classic&#8220; shape=&#8220;square&#8220; color=&#8220;juicy-pink&#8220; size=&#8220;lg&#8220; align=&#8220;center&#8220; button_block=&#8220;true&#8220; link=&#8220;url:https%3A%2F%2Fgiovannatantini.it%2Fde%2Fweinproben%2F|title:Wohnzimmer&#8220;][\/vc_column][\/vc_row][vc_row][vc_column]<div id=\"sc_testimonials_1232742127\" class=\"sc_testimonials sc_testimonials_style_testimonials-1  sc_slider_swiper swiper-slider-container sc_slider_nopagination sc_slider_controls sc_slider_controls_side sc_slider_height_auto aligncenter\" data-old-width=\"840px\" data-interval=\"7055\" style=\"margin-top:70px;margin-bottom:12px;width:840px;\"><h2 class=\"sc_testimonials_title sc_item_title\">KOMMENTARE<\/h2><div class=\"sc_testimonials_descr sc_item_descr\"><a href=https:\/\/g.page\/r\/CWImMlupEMYUEAg\/review>Schreiben Sie eine Bewertung auf Google<\/a><\/div><div class=\"slides swiper-wrapper\"><div class=\"swiper-slide\" data-style=\"width:840px;\" style=\"width:840px;\">\t\t\t<div id=\"sc_testimonials_1232742127_1\" class=\"sc_testimonial_item\">\n\t\t\t\t<div class=\"sc_testimonial_avatar\"><img loading=\"lazy\" decoding=\"async\" class=\"wp-post-image\" width=\"75\" height=\"75\" alt=\"Wir werden sicherlich nochmal hinfahren.\" src=\"https:\/\/giovannatantini.it\/wp-content\/uploads\/2018\/04\/bandiera-germania-75x75.png\"><\/div>\n\t\t\t\t<div class=\"sc_testimonial_content\"><p>Fr\u00fchst\u00fcch war reichhaltig, Bett war bequem, nicht zu weich, wir hatten das Gl\u00fcck dass wir in dieser Woche ganz alleine im G\u00e4stehaus waren, so dass wir v\u00f6llig ungest\u00f6rt waren. Die Inhaberin Giovanna gab uns eine Liste mit guten Lokalen f\u00fcr das Abendessen bei denen wir hervorragend gegessen haben. (<a href=\"https:\/\/www.booking.com\/hotel\/it\/agriturismo-i-mischi.it.html#tab-reviews\">other review<\/a>)<\/p>\n<\/div>\n\t\t\t\t\t\t\t\t\n\t\t\t\t\t\t\t\t\t\t\t\t<div class=\"sc_testimonial_author\"><span class=\"sc_testimonial_author_name\">Dietmar from German<\/span><\/div>\n\t\t\t\t\t\t\t<\/div>\n\t\t<\/div><div class=\"swiper-slide\" data-style=\"width:840px;\" style=\"width:840px;\">\t\t\t<div id=\"sc_testimonials_1232742127_2\" class=\"sc_testimonial_item\">\n\t\t\t\t<div class=\"sc_testimonial_avatar\"><img loading=\"lazy\" decoding=\"async\" class=\"wp-post-image\" width=\"75\" height=\"75\" alt=\"Outstanding accomodation in a beautiful setting!\" src=\"https:\/\/giovannatantini.it\/wp-content\/uploads\/2018\/04\/bandiera-svizzera-75x75.png\"><\/div>\n\t\t\t\t<div class=\"sc_testimonial_content\"><p class=\"review_pos \">Wonderful accomodation in a beautiful setting, the accomodation is clean, comfortable &amp; has everything you could need &amp; more. Giovanna was a wonderful host &amp; spent time showing us her range of wines which was really interesting. The breakfast was outstanding. We would definitely stay here again &amp; highly recommend it! (<a href=\"https:\/\/www.booking.com\/hotel\/it\/agriturismo-i-mischi.it.html#tab-reviews\">other review<\/a>)<\/p>\n<\/div>\n\t\t\t\t\t\t\t\t\n\t\t\t\t\t\t\t\t\t\t\t\t<div class=\"sc_testimonial_author\"><span class=\"sc_testimonial_author_name\">Sarah from Switzerland<\/span><\/div>\n\t\t\t\t\t\t\t<\/div>\n\t\t<\/div><div class=\"swiper-slide\" data-style=\"width:840px;\" style=\"width:840px;\">\t\t\t<div id=\"sc_testimonials_1232742127_3\" class=\"sc_testimonial_item\">\n\t\t\t\t<div class=\"sc_testimonial_avatar\"><img loading=\"lazy\" decoding=\"async\" class=\"wp-post-image\" width=\"75\" height=\"75\" alt=\"Excelent\" src=\"https:\/\/giovannatantini.it\/wp-content\/uploads\/2018\/04\/bandiera_georgiana-75x75.png\"><\/div>\n\t\t\t\t<div class=\"sc_testimonial_content\"><p>During our holiday in Italy it was the best stay. Giovanna was very kind and helpful, and this make our stay more comfortable. Everything was clean and the breakfast was fantastic. The location of property is good to explore surroundings by car. We'll definitely stay here again in our next trip to this region. (<a href=\"https:\/\/www.booking.com\/hotel\/it\/agriturismo-i-mischi.it.html#tab-reviews\">other review<\/a>)<\/p>\n<\/div>\n\t\t\t\t\t\t\t\t\n\t\t\t\t\t\t\t\t\t\t\t\t<div class=\"sc_testimonial_author\"><span class=\"sc_testimonial_author_name\">Vladimer from Georgia<\/span><\/div>\n\t\t\t\t\t\t\t<\/div>\n\t\t<\/div><div class=\"swiper-slide\" data-style=\"width:840px;\" style=\"width:840px;\">\t\t\t<div id=\"sc_testimonials_1232742127_4\" class=\"sc_testimonial_item\">\n\t\t\t\t<div class=\"sc_testimonial_avatar\"><img loading=\"lazy\" decoding=\"async\" class=\"wp-post-image\" width=\"75\" height=\"75\" alt=\"Ottimo per rilassarsi e vicino ai parchi divertimento\" src=\"https:\/\/giovannatantini.it\/wp-content\/uploads\/2015\/08\/bandiera-italia.jpg\"><\/div>\n\t\t\t\t<div class=\"sc_testimonial_content\"><p>Tutto perfetto, signora Giovanna gentilissima. Ottimo il vino lasciato sul tavolo ogni giorno da degustare e la bottiglia offerta dalla proprietaria. Zona tranquilla e isolata.. (<a href=\"https:\/\/www.booking.com\/hotel\/it\/agriturismo-i-mischi.it.html#tab-reviews\">other review<\/a>)<\/p>\n<\/div>\n\t\t\t\t\t\t\t\t\n\t\t\t\t\t\t\t\t\t\t\t\t<div class=\"sc_testimonial_author\"><span class=\"sc_testimonial_author_name\">Andreas from Italy<\/span><\/div>\n\t\t\t\t\t\t\t<\/div>\n\t\t<\/div><\/div><div class=\"sc_slider_controls_wrap\"><a class=\"sc_slider_prev\" href=\"#\"><\/a><a class=\"sc_slider_next\" href=\"#\"><\/a><\/div><div class=\"sc_slider_pagination_wrap\"><\/div><\/div>[\/vc_column][\/vc_row]<\/p>\n","protected":false},"excerpt":{"rendered":"<p>[vc_row full_width=&#8220;stretch_row&#8220; css=&#8220;.vc_custom_1444297304566{margin-top: -60px !important;background-color: #ffffff !important;}&#8220;][vc_column][vc_empty_space height=&#8220;50px&#8220;][vc_column_text css=&#8220;.vc_custom_1753943404577{padding-bottom: 20px !important;}&#8220;] UNSERE TOP-WEINE [\/vc_column_text][vc_btn title=&#8220;Weine entdecken und kaufen&#8220; style=&#8220;classic&#8220; shape=&#8220;square&#8220; color=&#8220;juicy-pink&#8220; size=&#8220;lg&#8220; align=&#8220;center&#8220; link=&#8220;url:https%3A%2F%2Fwirwinzer.de%2Fweinregionen%2Fitalien%2Fvenetien%2Fgiovanna-tantini|title:Wohnzimmer&#8220;][vc_row_inner][vc_column_inner width=&#8220;1\/2&#8243;][vc_empty_space height=&#8220;30px&#8220;][vc_hoverbox image=&#8220;4486&#8243; primary_title=&#8220;DOC WEINE&#8220; primary_align=&#8220;right&#8220; primary_title_font_container=&#8220;font_size:40px|color:%23edd504&#8243; primary_title_google_fonts=&#8220;font_family:Roboto%3A100%2C100italic%2C300%2C300italic%2Cregular%2Citalic%2C500%2C500italic%2C700%2C700italic%2C900%2C900italic|font_style:400%20regular%3A400%3Anormal&#8220; hover_title=&#8220;DOC WEINE&#8220; hover_title_font_container=&#8220;font_size:30PX|color:%23110000&#8243; hover_title_google_fonts=&#8220;font_family:Roboto%3A100%2C100italic%2C300%2C300italic%2Cregular%2Citalic%2C500%2C500italic%2C700%2C700italic%2C900%2C900italic|font_style:400%20regular%3A400%3Anormal&#8220; shape=&#8220;square&#8220; hover_btn_title=&#8220;Weiterlesen&#8220; hover_btn_shape=&#8220;square&#8220; hover_btn_color=&#8220;juicy-pink&#8220; use_custom_fonts_primary_title=&#8220;true&#8220; use_custom_fonts_hover_title=&#8220;true&#8220; hover_add_button=&#8220;true&#8220; primary_title_link=&#8220;url:https%3A%2F%2Fgiovannatantini.it%2Fde%2Fdoc-weine%2F|title:DOC%20Weine&#8220; hover_btn_link=&#8220;url:https%3A%2F%2Fgiovannatantini.it%2Fde%2Fdoc-weine%2F&#8220; hover_title_link=&#8220;url:https%3A%2F%2Fgiovannatantini.it%2Fde%2Fdoc-weine%2F|title:DOC%20Weine&#8220;]Giovanna Tantini produziert f\u00fcnf \u00a0Weine: Bardolino DOC, Chiaretto di Bardolino [&hellip;]<\/p>\n","protected":false},"author":16,"featured_media":0,"parent":0,"menu_order":0,"comment_status":"closed","ping_status":"closed","template":"","meta":{"footnotes":""},"class_list":["post-2028","page","type-page","status-publish","hentry"],"yoast_head":"<!-- This site is optimized with the Yoast SEO plugin v26.8 - https:\/\/yoast.com\/product\/yoast-seo-wordpress\/ -->\n<title>Weingut und Weinprobe am Gardasee - Giovanna Tantini<\/title>\n<meta name=\"description\" content=\"WunwWeingut und Weinprobe am Gardasee: Das Weingut Giovanna Tantinis befindet sich in Castelnuovo del Garda, wir produzieren Bardolino, Chiaretto, Custoza\" \/>\n<meta name=\"robots\" content=\"index, follow, max-snippet:-1, max-image-preview:large, max-video-preview:-1\" \/>\n<link rel=\"canonical\" href=\"https:\/\/giovannatantini.it\/de\/\" \/>\n<meta property=\"og:locale\" content=\"de_DE\" \/>\n<meta property=\"og:type\" content=\"article\" \/>\n<meta property=\"og:title\" content=\"Weingut und Weinprobe am Gardasee - Giovanna Tantini\" \/>\n<meta property=\"og:description\" content=\"WunwWeingut und Weinprobe am Gardasee: Das Weingut Giovanna Tantinis befindet sich in Castelnuovo del Garda, wir produzieren Bardolino, Chiaretto, Custoza\" \/>\n<meta property=\"og:url\" content=\"https:\/\/giovannatantini.it\/de\/\" \/>\n<meta property=\"og:site_name\" content=\"Azienda Agricola Giovanna Tantini\" \/>\n<meta property=\"article:modified_time\" content=\"2025-07-31T06:30:09+00:00\" \/>\n<meta name=\"twitter:card\" content=\"summary_large_image\" \/>\n<meta name=\"twitter:label1\" content=\"Gesch\u00e4tzte Lesezeit\" \/>\n\t<meta name=\"twitter:data1\" content=\"2\u00a0Minuten\" \/>\n<script type=\"application\/ld+json\" class=\"yoast-schema-graph\">{\"@context\":\"https:\/\/schema.org\",\"@graph\":[{\"@type\":\"WebPage\",\"@id\":\"https:\/\/giovannatantini.it\/de\/\",\"url\":\"https:\/\/giovannatantini.it\/de\/\",\"name\":\"Weingut und Weinprobe am Gardasee - Giovanna Tantini\",\"isPartOf\":{\"@id\":\"https:\/\/giovannatantini.it\/#website\"},\"datePublished\":\"2019-02-05T09:48:12+00:00\",\"dateModified\":\"2025-07-31T06:30:09+00:00\",\"description\":\"WunwWeingut und Weinprobe am Gardasee: Das Weingut Giovanna Tantinis befindet sich in Castelnuovo del Garda, wir produzieren Bardolino, Chiaretto, Custoza\",\"breadcrumb\":{\"@id\":\"https:\/\/giovannatantini.it\/de\/#breadcrumb\"},\"inLanguage\":\"de\",\"potentialAction\":[{\"@type\":\"ReadAction\",\"target\":[\"https:\/\/giovannatantini.it\/de\/\"]}]},{\"@type\":\"BreadcrumbList\",\"@id\":\"https:\/\/giovannatantini.it\/de\/#breadcrumb\",\"itemListElement\":[{\"@type\":\"ListItem\",\"position\":1,\"name\":\"Home\",\"item\":\"https:\/\/giovannatantini.it\/de\/\"},{\"@type\":\"ListItem\",\"position\":2,\"name\":\"Home\"}]},{\"@type\":\"WebSite\",\"@id\":\"https:\/\/giovannatantini.it\/#website\",\"url\":\"https:\/\/giovannatantini.it\/\",\"name\":\"Azienda Agricola Giovanna Tantini\",\"description\":\"Vini DOC e IGT - Agriturismo B&amp;B - Vendita\",\"potentialAction\":[{\"@type\":\"SearchAction\",\"target\":{\"@type\":\"EntryPoint\",\"urlTemplate\":\"https:\/\/giovannatantini.it\/?s={search_term_string}\"},\"query-input\":{\"@type\":\"PropertyValueSpecification\",\"valueRequired\":true,\"valueName\":\"search_term_string\"}}],\"inLanguage\":\"de\"}]}<\/script>\n<!-- \/ Yoast SEO plugin. -->","yoast_head_json":{"title":"Weingut und Weinprobe am Gardasee - Giovanna Tantini","description":"WunwWeingut und Weinprobe am Gardasee: Das Weingut Giovanna Tantinis befindet sich in Castelnuovo del Garda, wir produzieren Bardolino, Chiaretto, Custoza","robots":{"index":"index","follow":"follow","max-snippet":"max-snippet:-1","max-image-preview":"max-image-preview:large","max-video-preview":"max-video-preview:-1"},"canonical":"https:\/\/giovannatantini.it\/de\/","og_locale":"de_DE","og_type":"article","og_title":"Weingut und Weinprobe am Gardasee - Giovanna Tantini","og_description":"WunwWeingut und Weinprobe am Gardasee: Das Weingut Giovanna Tantinis befindet sich in Castelnuovo del Garda, wir produzieren Bardolino, Chiaretto, Custoza","og_url":"https:\/\/giovannatantini.it\/de\/","og_site_name":"Azienda Agricola Giovanna Tantini","article_modified_time":"2025-07-31T06:30:09+00:00","twitter_card":"summary_large_image","twitter_misc":{"Gesch\u00e4tzte Lesezeit":"2\u00a0Minuten"},"schema":{"@context":"https:\/\/schema.org","@graph":[{"@type":"WebPage","@id":"https:\/\/giovannatantini.it\/de\/","url":"https:\/\/giovannatantini.it\/de\/","name":"Weingut und Weinprobe am Gardasee - Giovanna Tantini","isPartOf":{"@id":"https:\/\/giovannatantini.it\/#website"},"datePublished":"2019-02-05T09:48:12+00:00","dateModified":"2025-07-31T06:30:09+00:00","description":"WunwWeingut und Weinprobe am Gardasee: Das Weingut Giovanna Tantinis befindet sich in Castelnuovo del Garda, wir produzieren Bardolino, Chiaretto, Custoza","breadcrumb":{"@id":"https:\/\/giovannatantini.it\/de\/#breadcrumb"},"inLanguage":"de","potentialAction":[{"@type":"ReadAction","target":["https:\/\/giovannatantini.it\/de\/"]}]},{"@type":"BreadcrumbList","@id":"https:\/\/giovannatantini.it\/de\/#breadcrumb","itemListElement":[{"@type":"ListItem","position":1,"name":"Home","item":"https:\/\/giovannatantini.it\/de\/"},{"@type":"ListItem","position":2,"name":"Home"}]},{"@type":"WebSite","@id":"https:\/\/giovannatantini.it\/#website","url":"https:\/\/giovannatantini.it\/","name":"Azienda Agricola Giovanna Tantini","description":"Vini DOC e IGT - Agriturismo B&amp;B - Vendita","potentialAction":[{"@type":"SearchAction","target":{"@type":"EntryPoint","urlTemplate":"https:\/\/giovannatantini.it\/?s={search_term_string}"},"query-input":{"@type":"PropertyValueSpecification","valueRequired":true,"valueName":"search_term_string"}}],"inLanguage":"de"}]}},"_links":{"self":[{"href":"https:\/\/giovannatantini.it\/de\/wp-json\/wp\/v2\/pages\/2028","targetHints":{"allow":["GET"]}}],"collection":[{"href":"https:\/\/giovannatantini.it\/de\/wp-json\/wp\/v2\/pages"}],"about":[{"href":"https:\/\/giovannatantini.it\/de\/wp-json\/wp\/v2\/types\/page"}],"author":[{"embeddable":true,"href":"https:\/\/giovannatantini.it\/de\/wp-json\/wp\/v2\/users\/16"}],"replies":[{"embeddable":true,"href":"https:\/\/giovannatantini.it\/de\/wp-json\/wp\/v2\/comments?post=2028"}],"version-history":[{"count":56,"href":"https:\/\/giovannatantini.it\/de\/wp-json\/wp\/v2\/pages\/2028\/revisions"}],"predecessor-version":[{"id":4700,"href":"https:\/\/giovannatantini.it\/de\/wp-json\/wp\/v2\/pages\/2028\/revisions\/4700"}],"wp:attachment":[{"href":"https:\/\/giovannatantini.it\/de\/wp-json\/wp\/v2\/media?parent=2028"}],"curies":[{"name":"wp","href":"https:\/\/api.w.org\/{rel}","templated":true}]}}