{"id":2026,"date":"2019-02-05T10:44:04","date_gmt":"2019-02-05T10:44:04","guid":{"rendered":"http:\/\/giovannatantini.it\/greta-i-g-t\/"},"modified":"2025-04-04T10:31:07","modified_gmt":"2025-04-04T09:31:07","slug":"greta-igt","status":"publish","type":"page","link":"https:\/\/giovannatantini.it\/de\/greta-igt\/","title":{"rendered":"Greta IGT"},"content":{"rendered":"<p>[vc_row][vc_column width=&#8220;1\/2&#8243;][vc_column_text css_animation=&#8220;none&#8220;]<\/p>\n<div class=\"page\" title=\"Page 20\">\n<div class=\"layoutArea\">\n<div class=\"column\">\n<h4>GRETA IGT<\/h4>\n<p>Greta IGT Wein, dessen erster Jahrgang auf 2008 zur\u00fcckgeht, ist der Tochter von Giovanna Tantini gewidmet. Er ist ein purer Corvina, mit dessen Anbau und Verarbeitung die Herausforderung angenommen wurde, auf dem unternehmenseigenen Boden ein einzigartiges Produkt zu schaffen. So einzigartig wie Greta selbst. Die Trauben werden im November geerntet; sie trocknen am Weinstock. Ertrag: 30 ql pro Hektar.<\/p>\n<\/div>\n<\/div>\n<\/div>\n<p>[\/vc_column_text][vc_empty_space height=&#8220;75px&#8220;][vc_single_image image=&#8220;1416&#8243; img_size=&#8220;large&#8220; alignment=&#8220;center&#8220; onclick=&#8220;link_image&#8220; css_animation=&#8220;fadeInUp&#8220;][vc_empty_space height=&#8220;75px&#8220;][\/vc_column][vc_column width=&#8220;1\/2&#8243;]<div class=\"sc_table\" style=\"width:100%;\"><\/p>\n<table border=\"0\" summary=\"Bardolino Chiaretto\" cellspacing=\"2\" cellpadding=\"10\">\n<tbody>\n<tr>\n<td align=\"right\">\n<div class=\"page\" title=\"Page 19\">\n<div class=\"layoutArea\">\n<div class=\"column\">\n<p>Rebsorten<\/p>\n<\/div>\n<\/div>\n<\/div>\n<\/td>\n<td>\n<div class=\"page\" title=\"Page 19\">\n<div class=\"layoutArea\">\n<div class=\"column\">\n<p>Corvina \u2013 am Weinstock getrocknet<\/p>\n<\/div>\n<\/div>\n<\/div>\n<\/td>\n<\/tr>\n<tr>\n<td align=\"right\" bgcolor=\"#EFEFEF\">\n<div class=\"page\" title=\"Page 19\">\n<div class=\"layoutArea\">\n<div class=\"column\">\n<p>Boden<\/p>\n<\/div>\n<\/div>\n<\/div>\n<\/td>\n<td bgcolor=\"#EFEFEF\">\n<div class=\"page\" title=\"Page 19\">\n<div class=\"layoutArea\">\n<div class=\"column\">\n<p>Eiszeitlicher Ursprung (Mor\u00e4nenboden), kieshaltiger, kalkhaltiger und Schwemmboden<\/p>\n<\/div>\n<\/div>\n<\/div>\n<\/td>\n<\/tr>\n<tr>\n<td align=\"right\">\n<div class=\"page\" title=\"Page 19\">\n<div class=\"layoutArea\">\n<div class=\"column\">\n<p>H\u00f6he<\/p>\n<\/div>\n<\/div>\n<\/div>\n<\/td>\n<td>\n<div class=\"page\" title=\"Page 19\">\n<div class=\"layoutArea\">\n<div class=\"column\">\n<p>100 m \u00fc.d.M.<\/p>\n<\/div>\n<\/div>\n<\/div>\n<\/td>\n<\/tr>\n<tr>\n<td align=\"right\" bgcolor=\"#EFEFEF\">\n<div class=\"page\" title=\"Page 19\">\n<div class=\"layoutArea\">\n<div class=\"column\">\n<div class=\"page\" title=\"Page 19\">\n<div class=\"layoutArea\">\n<div class=\"column\">\n<p>Erziehungs- methode<\/p>\n<\/div>\n<\/div>\n<\/div>\n<\/div>\n<\/div>\n<\/div>\n<\/td>\n<td bgcolor=\"#EFEFEF\"><span class=\"column\">Guyot<\/span><\/td>\n<\/tr>\n<tr>\n<td align=\"right\">\n<div class=\"page\" title=\"Page 19\">\n<div class=\"layoutArea\">\n<div class=\"column\">\n<p>Ausrichtung<\/p>\n<\/div>\n<\/div>\n<\/div>\n<\/td>\n<td>\n<div class=\"page\" title=\"Page 19\">\n<div class=\"layoutArea\">\n<div class=\"column\">\n<p>S\u00fcden<\/p>\n<\/div>\n<\/div>\n<\/div>\n<\/td>\n<\/tr>\n<tr>\n<td align=\"right\" bgcolor=\"#EFEFEF\">\n<div class=\"page\" title=\"Page 19\">\n<div class=\"layoutArea\">\n<div class=\"column\">\n<p>Hektarertrag<\/p>\n<\/div>\n<\/div>\n<\/div>\n<\/td>\n<td bgcolor=\"#EFEFEF\">30 ql\/ha<\/td>\n<\/tr>\n<tr>\n<td align=\"right\">\n<div class=\"page\" title=\"Page 19\">\n<div class=\"layoutArea\">\n<div class=\"column\">\n<p>Zeit der Lese<\/p>\n<\/div>\n<\/div>\n<\/div>\n<\/td>\n<td>\n<div class=\"page\" title=\"Page 19\">\n<div class=\"layoutArea\">\n<div class=\"column\">\n<p>Mitte November<\/p>\n<\/div>\n<\/div>\n<\/div>\n<\/td>\n<\/tr>\n<tr>\n<td align=\"right\" bgcolor=\"#EFEFEF\">\n<div class=\"page\" title=\"Page 19\">\n<div class=\"layoutArea\">\n<div class=\"column\">\n<p>Ernte<\/p>\n<\/div>\n<\/div>\n<\/div>\n<\/td>\n<td bgcolor=\"#EFEFEF\">\n<div class=\"page\" title=\"Page 19\">\n<div class=\"layoutArea\">\n<div class=\"column\">\n<p>Auswahl der Trauben mit der Hand<\/p>\n<\/div>\n<\/div>\n<\/div>\n<\/td>\n<\/tr>\n<tr>\n<td align=\"right\">\n<div class=\"page\" title=\"Page 19\">\n<div class=\"layoutArea\">\n<div class=\"column\">\n<p>Weinbereitung<\/p>\n<\/div>\n<\/div>\n<\/div>\n<\/td>\n<td>\n<div class=\"page\" title=\"Page 19\">\n<div class=\"layoutArea\">\n<div class=\"column\">\n<p>Nach einer kurz anhaltenden \u00dcberreife am Rebstock werden die Trauben bei perfekter phenolischer Reife mit der Hand ausgew\u00e4hlt und geerntet. Abbeeren, Zerdr\u00fccken, G\u00e4rung in Edelstahl bei kontrollierter Temperatur von 28 \u00b0C.<br \/>\nW\u00e4hrend der G\u00e4rung erfolgen D\u00e9lestages, um die Extraktion der Polyphenole zu f\u00f6rdern, gefolgt von der ca. zweiw\u00f6chigen Mazeration. Spontane malolaktische G\u00e4rung in Tonneaux aus franz\u00f6sischer Eiche, gebraucht oder regeneriert, damit die Frucht unversehrt bleibt.<\/p>\n<\/div>\n<\/div>\n<\/div>\n<\/td>\n<\/tr>\n<tr>\n<td align=\"right\" bgcolor=\"#EFEFEF\">\n<div class=\"page\" title=\"Page 19\">\n<div class=\"layoutArea\">\n<div class=\"column\">\n<p>Ausbau<\/p>\n<\/div>\n<\/div>\n<\/div>\n<\/td>\n<td bgcolor=\"#EFEFEF\">\n<div class=\"page\" title=\"Page 19\">\n<div class=\"layoutArea\">\n<div class=\"column\">\n<p>24 Monate in 5-Hektoliter-Tonneaux,\u00a010 Monate in der Flasche<\/p>\n<\/div>\n<\/div>\n<\/div>\n<\/td>\n<\/tr>\n<tr>\n<td align=\"right\">\n<div class=\"page\" title=\"Page 19\">\n<div class=\"layoutArea\">\n<div class=\"column\">\n<p>Verkostungs- merkmale<\/p>\n<\/div>\n<\/div>\n<\/div>\n<\/td>\n<td>\n<div class=\"page\" title=\"Page 19\">\n<div class=\"layoutArea\">\n<div class=\"column\">\n<p>Farbe: zartes Rubinrot mit leichten\u00a0granatfarbenen Reflexen<br \/>\nNase: Intensiv und komplex nach Kirschen und roten Fr\u00fcchten sowie wei\u00dfem Pfeffer<br \/>\nGaumen: Weit und anhaltend, gro\u00dfe Struktur mit seidigen, dichten Tanninen<\/p>\n<\/div>\n<\/div>\n<\/div>\n<\/td>\n<\/tr>\n<tr>\n<td align=\"right\" bgcolor=\"#EFEFEF\">\n<div class=\"page\" title=\"Page 19\">\n<div class=\"layoutArea\">\n<div class=\"column\">\n<p>Speiseempfehlung<\/p>\n<\/div>\n<\/div>\n<\/div>\n<\/td>\n<td bgcolor=\"#EFEFEF\">\n<div class=\"page\" title=\"Page 19\">\n<div class=\"layoutArea\">\n<div class=\"column\">\n<p>Reifer K\u00e4se, Lamm, Wild, Schokolade, Trockenfr\u00fcchte<\/p>\n<\/div>\n<\/div>\n<\/div>\n<\/td>\n<\/tr>\n<\/tbody>\n<\/table>\n<p><\/div>[\/vc_column][\/vc_row][vc_row][vc_column][\/vc_column][\/vc_row]<\/p>\n","protected":false},"excerpt":{"rendered":"<p>[vc_row][vc_column width=&#8220;1\/2&#8243;][vc_column_text css_animation=&#8220;none&#8220;] GRETA IGT Greta IGT Wein, dessen erster Jahrgang auf 2008 zur\u00fcckgeht, ist der Tochter von Giovanna Tantini gewidmet. Er ist ein purer Corvina, mit dessen Anbau und Verarbeitung die Herausforderung angenommen wurde, auf dem unternehmenseigenen Boden ein einzigartiges Produkt zu schaffen. So einzigartig wie Greta selbst. Die Trauben werden im November geerntet; [&hellip;]<\/p>\n","protected":false},"author":16,"featured_media":3117,"parent":0,"menu_order":0,"comment_status":"closed","ping_status":"closed","template":"","meta":{"footnotes":""},"class_list":["post-2026","page","type-page","status-publish","has-post-thumbnail","hentry"],"yoast_head":"<!-- This site is optimized with the Yoast SEO plugin v26.8 - https:\/\/yoast.com\/product\/yoast-seo-wordpress\/ -->\n<title>Greta IGT - Azienda Agricola Giovanna Tantini<\/title>\n<meta name=\"description\" content=\"Greta IGT Wein, dessen erster Jahrgang auf 2008 zur\u00fcckgeht, ist der Tochter von Giovanna Tantini gewidmet. Er ist ein purer Corvina,\" \/>\n<meta name=\"robots\" content=\"index, follow, max-snippet:-1, max-image-preview:large, max-video-preview:-1\" \/>\n<link rel=\"canonical\" href=\"https:\/\/giovannatantini.it\/de\/greta-igt\/\" \/>\n<meta property=\"og:locale\" content=\"de_DE\" \/>\n<meta property=\"og:type\" content=\"article\" \/>\n<meta property=\"og:title\" content=\"Greta IGT - Azienda Agricola Giovanna Tantini\" \/>\n<meta property=\"og:description\" content=\"Greta IGT Wein, dessen erster Jahrgang auf 2008 zur\u00fcckgeht, ist der Tochter von Giovanna Tantini gewidmet. Er ist ein purer Corvina,\" \/>\n<meta property=\"og:url\" content=\"https:\/\/giovannatantini.it\/de\/greta-igt\/\" \/>\n<meta property=\"og:site_name\" content=\"Azienda Agricola Giovanna Tantini\" \/>\n<meta property=\"article:modified_time\" content=\"2025-04-04T09:31:07+00:00\" \/>\n<meta property=\"og:image\" content=\"https:\/\/giovannatantini.it\/wp-content\/uploads\/2022\/02\/vineyards-tantini.jpg\" \/>\n\t<meta property=\"og:image:width\" content=\"900\" \/>\n\t<meta property=\"og:image:height\" content=\"450\" \/>\n\t<meta property=\"og:image:type\" content=\"image\/jpeg\" \/>\n<meta name=\"twitter:card\" content=\"summary_large_image\" \/>\n<meta name=\"twitter:label1\" content=\"Gesch\u00e4tzte Lesezeit\" \/>\n\t<meta name=\"twitter:data1\" content=\"2\u00a0Minuten\" \/>\n<script type=\"application\/ld+json\" class=\"yoast-schema-graph\">{\"@context\":\"https:\/\/schema.org\",\"@graph\":[{\"@type\":\"WebPage\",\"@id\":\"https:\/\/giovannatantini.it\/de\/greta-igt\/\",\"url\":\"https:\/\/giovannatantini.it\/de\/greta-igt\/\",\"name\":\"Greta IGT - Azienda Agricola Giovanna Tantini\",\"isPartOf\":{\"@id\":\"https:\/\/giovannatantini.it\/#website\"},\"primaryImageOfPage\":{\"@id\":\"https:\/\/giovannatantini.it\/de\/greta-igt\/#primaryimage\"},\"image\":{\"@id\":\"https:\/\/giovannatantini.it\/de\/greta-igt\/#primaryimage\"},\"thumbnailUrl\":\"https:\/\/giovannatantini.it\/wp-content\/uploads\/2022\/02\/vineyards-tantini.jpg\",\"datePublished\":\"2019-02-05T10:44:04+00:00\",\"dateModified\":\"2025-04-04T09:31:07+00:00\",\"description\":\"Greta IGT Wein, dessen erster Jahrgang auf 2008 zur\u00fcckgeht, ist der Tochter von Giovanna Tantini gewidmet. Er ist ein purer Corvina,\",\"breadcrumb\":{\"@id\":\"https:\/\/giovannatantini.it\/de\/greta-igt\/#breadcrumb\"},\"inLanguage\":\"de\",\"potentialAction\":[{\"@type\":\"ReadAction\",\"target\":[\"https:\/\/giovannatantini.it\/de\/greta-igt\/\"]}]},{\"@type\":\"ImageObject\",\"inLanguage\":\"de\",\"@id\":\"https:\/\/giovannatantini.it\/de\/greta-igt\/#primaryimage\",\"url\":\"https:\/\/giovannatantini.it\/wp-content\/uploads\/2022\/02\/vineyards-tantini.jpg\",\"contentUrl\":\"https:\/\/giovannatantini.it\/wp-content\/uploads\/2022\/02\/vineyards-tantini.jpg\",\"width\":900,\"height\":450,\"caption\":\"Greta IGT\"},{\"@type\":\"BreadcrumbList\",\"@id\":\"https:\/\/giovannatantini.it\/de\/greta-igt\/#breadcrumb\",\"itemListElement\":[{\"@type\":\"ListItem\",\"position\":1,\"name\":\"Home\",\"item\":\"https:\/\/giovannatantini.it\/de\/\"},{\"@type\":\"ListItem\",\"position\":2,\"name\":\"Greta IGT\"}]},{\"@type\":\"WebSite\",\"@id\":\"https:\/\/giovannatantini.it\/#website\",\"url\":\"https:\/\/giovannatantini.it\/\",\"name\":\"Azienda Agricola Giovanna Tantini\",\"description\":\"Vini DOC e IGT - Agriturismo B&amp;B - Vendita\",\"potentialAction\":[{\"@type\":\"SearchAction\",\"target\":{\"@type\":\"EntryPoint\",\"urlTemplate\":\"https:\/\/giovannatantini.it\/?s={search_term_string}\"},\"query-input\":{\"@type\":\"PropertyValueSpecification\",\"valueRequired\":true,\"valueName\":\"search_term_string\"}}],\"inLanguage\":\"de\"}]}<\/script>\n<!-- \/ Yoast SEO plugin. -->","yoast_head_json":{"title":"Greta IGT - Azienda Agricola Giovanna Tantini","description":"Greta IGT Wein, dessen erster Jahrgang auf 2008 zur\u00fcckgeht, ist der Tochter von Giovanna Tantini gewidmet. Er ist ein purer Corvina,","robots":{"index":"index","follow":"follow","max-snippet":"max-snippet:-1","max-image-preview":"max-image-preview:large","max-video-preview":"max-video-preview:-1"},"canonical":"https:\/\/giovannatantini.it\/de\/greta-igt\/","og_locale":"de_DE","og_type":"article","og_title":"Greta IGT - Azienda Agricola Giovanna Tantini","og_description":"Greta IGT Wein, dessen erster Jahrgang auf 2008 zur\u00fcckgeht, ist der Tochter von Giovanna Tantini gewidmet. Er ist ein purer Corvina,","og_url":"https:\/\/giovannatantini.it\/de\/greta-igt\/","og_site_name":"Azienda Agricola Giovanna Tantini","article_modified_time":"2025-04-04T09:31:07+00:00","og_image":[{"width":900,"height":450,"url":"https:\/\/giovannatantini.it\/wp-content\/uploads\/2022\/02\/vineyards-tantini.jpg","type":"image\/jpeg"}],"twitter_card":"summary_large_image","twitter_misc":{"Gesch\u00e4tzte Lesezeit":"2\u00a0Minuten"},"schema":{"@context":"https:\/\/schema.org","@graph":[{"@type":"WebPage","@id":"https:\/\/giovannatantini.it\/de\/greta-igt\/","url":"https:\/\/giovannatantini.it\/de\/greta-igt\/","name":"Greta IGT - Azienda Agricola Giovanna Tantini","isPartOf":{"@id":"https:\/\/giovannatantini.it\/#website"},"primaryImageOfPage":{"@id":"https:\/\/giovannatantini.it\/de\/greta-igt\/#primaryimage"},"image":{"@id":"https:\/\/giovannatantini.it\/de\/greta-igt\/#primaryimage"},"thumbnailUrl":"https:\/\/giovannatantini.it\/wp-content\/uploads\/2022\/02\/vineyards-tantini.jpg","datePublished":"2019-02-05T10:44:04+00:00","dateModified":"2025-04-04T09:31:07+00:00","description":"Greta IGT Wein, dessen erster Jahrgang auf 2008 zur\u00fcckgeht, ist der Tochter von Giovanna Tantini gewidmet. Er ist ein purer Corvina,","breadcrumb":{"@id":"https:\/\/giovannatantini.it\/de\/greta-igt\/#breadcrumb"},"inLanguage":"de","potentialAction":[{"@type":"ReadAction","target":["https:\/\/giovannatantini.it\/de\/greta-igt\/"]}]},{"@type":"ImageObject","inLanguage":"de","@id":"https:\/\/giovannatantini.it\/de\/greta-igt\/#primaryimage","url":"https:\/\/giovannatantini.it\/wp-content\/uploads\/2022\/02\/vineyards-tantini.jpg","contentUrl":"https:\/\/giovannatantini.it\/wp-content\/uploads\/2022\/02\/vineyards-tantini.jpg","width":900,"height":450,"caption":"Greta IGT"},{"@type":"BreadcrumbList","@id":"https:\/\/giovannatantini.it\/de\/greta-igt\/#breadcrumb","itemListElement":[{"@type":"ListItem","position":1,"name":"Home","item":"https:\/\/giovannatantini.it\/de\/"},{"@type":"ListItem","position":2,"name":"Greta IGT"}]},{"@type":"WebSite","@id":"https:\/\/giovannatantini.it\/#website","url":"https:\/\/giovannatantini.it\/","name":"Azienda Agricola Giovanna Tantini","description":"Vini DOC e IGT - Agriturismo B&amp;B - Vendita","potentialAction":[{"@type":"SearchAction","target":{"@type":"EntryPoint","urlTemplate":"https:\/\/giovannatantini.it\/?s={search_term_string}"},"query-input":{"@type":"PropertyValueSpecification","valueRequired":true,"valueName":"search_term_string"}}],"inLanguage":"de"}]}},"_links":{"self":[{"href":"https:\/\/giovannatantini.it\/de\/wp-json\/wp\/v2\/pages\/2026","targetHints":{"allow":["GET"]}}],"collection":[{"href":"https:\/\/giovannatantini.it\/de\/wp-json\/wp\/v2\/pages"}],"about":[{"href":"https:\/\/giovannatantini.it\/de\/wp-json\/wp\/v2\/types\/page"}],"author":[{"embeddable":true,"href":"https:\/\/giovannatantini.it\/de\/wp-json\/wp\/v2\/users\/16"}],"replies":[{"embeddable":true,"href":"https:\/\/giovannatantini.it\/de\/wp-json\/wp\/v2\/comments?post=2026"}],"version-history":[{"count":6,"href":"https:\/\/giovannatantini.it\/de\/wp-json\/wp\/v2\/pages\/2026\/revisions"}],"predecessor-version":[{"id":4605,"href":"https:\/\/giovannatantini.it\/de\/wp-json\/wp\/v2\/pages\/2026\/revisions\/4605"}],"wp:featuredmedia":[{"embeddable":true,"href":"https:\/\/giovannatantini.it\/de\/wp-json\/wp\/v2\/media\/3117"}],"wp:attachment":[{"href":"https:\/\/giovannatantini.it\/de\/wp-json\/wp\/v2\/media?parent=2026"}],"curies":[{"name":"wp","href":"https:\/\/api.w.org\/{rel}","templated":true}]}}