{"id":2022,"date":"2019-02-05T10:39:58","date_gmt":"2019-02-05T09:39:58","guid":{"rendered":"http:\/\/giovannatantini.it\/giovanna-tantinis-weine\/"},"modified":"2025-07-31T07:43:51","modified_gmt":"2025-07-31T06:43:51","slug":"giovanna-tantinis-weine","status":"publish","type":"page","link":"https:\/\/giovannatantini.it\/de\/giovanna-tantinis-weine\/","title":{"rendered":"Weine"},"content":{"rendered":"<p>[vc_row][vc_column width=&#8220;1\/2&#8243;][vc_column_text css_animation=&#8220;none&#8220;]<\/p>\n<div class=\"page\" title=\"Page 4\">\n<div class=\"layoutArea\">\n<div class=\"column\">\n<h4>REBSORTEN UND WEINE<\/h4>\n<p>Unsere Reben wachsen an Veroneser Pergola, was die wei\u00dfen Trauben (Garganega, Trebbianello und Chardonnay) anbelangt, und Guyot-Spalieren f\u00fcr die roten Trauben (Corvina Veronese, Rondinella, Cabernet und Merlot).<\/p>\n<p>Die von uns erzeugten Weine sind die Fr\u00fcchte einer sorgf\u00e4ltigen Arbeit im Weingarten, die ausschlie\u00dflich von unseren Angestellten ausgef\u00fchrt wird, welche auch alle Verarbeitungsphasen direkt betreuen.<\/p>\n<p>Auf dem Landgut Tantini werden f\u00fcnf DOC-Weine \u2013 Bardolino DOC, Chiaretto di Bardolino DOC,Custoza DOC, &#8222;Ma.gi.co&#8220; Garda Corvina DOC und &#8222;La Rocca&#8220; Bardolino DOC\u2013 sowie zwei Weine mit geographischer Ursprungsbezeichnung aus ganz speziellen Weing\u00e4rten erzeugt.<\/p>\n<\/div>\n<\/div>\n<\/div>\n<p>[\/vc_column_text][vc_empty_space height=&#8220;20px&#8220;][vc_btn title=&#8220;WEINE KAUFEN&#8220; shape=&#8220;square&#8220; color=&#8220;danger&#8220; size=&#8220;lg&#8220; align=&#8220;center&#8220; button_block=&#8220;true&#8220; link=&#8220;url:https%3A%2F%2Fgiovannatantini.it%2Fde%2Fgiovanna-tantinis-weine%2F|target:_blank&#8220;][\/vc_column][vc_column width=&#8220;1\/2&#8243;][vc_gallery interval=&#8220;3&#8243; images=&#8220;1740,1741&#8243; img_size=&#8220;full&#8220;][\/vc_column][\/vc_row][vc_row full_width=&#8220;stretch_row&#8220; css_animation=&#8220;fadeInUp&#8220; css=&#8220;.vc_custom_1518518750460{background-color: rgba(158,139,64,0.3) !important;*background-color: rgb(158,139,64) !important;}&#8220;][vc_column][vc_empty_space height=&#8220;50px&#8220;][vc_empty_space height=&#8220;50px&#8220;][\/vc_column][\/vc_row][vc_row][vc_column][vc_row_inner][vc_column_inner width=&#8220;1\/5&#8243;][vc_empty_space height=&#8220;50px&#8220;][vc_single_image image=&#8220;3709&#8243; img_size=&#8220;medium&#8220; alignment=&#8220;center&#8220; onclick=&#8220;custom_link&#8220; link=&#8220;https:\/\/giovannatantini.it\/de\/chiaretto-di-bardolino&#8220;][vc_empty_space height=&#8220;20px&#8220;][vc_column_text]<\/p>\n<h6 style=\"text-align: center;\">Chiaretto di Bardolino DOC<\/h6>\n<p>[\/vc_column_text][vc_empty_space height=&#8220;50px&#8220;][\/vc_column_inner][vc_column_inner width=&#8220;1\/5&#8243;][vc_empty_space height=&#8220;50px&#8220;][vc_single_image image=&#8220;1417&#8243; img_size=&#8220;medium&#8220; alignment=&#8220;center&#8220; onclick=&#8220;custom_link&#8220; link=&#8220;https:\/\/giovannatantini.it\/de\/bardolino-doc&#8220;][vc_empty_space height=&#8220;20px&#8220;][vc_column_text]<\/p>\n<h6 style=\"text-align: center;\">Bardolino DOC<\/h6>\n<p>[\/vc_column_text][vc_empty_space height=&#8220;50px&#8220;][\/vc_column_inner][vc_column_inner width=&#8220;1\/5&#8243;][vc_empty_space height=&#8220;55px&#8220;][vc_single_image image=&#8220;4440&#8243; img_size=&#8220;150&#215;290&#8243; alignment=&#8220;center&#8220; onclick=&#8220;custom_link&#8220; link=&#8220;https:\/\/giovannatantini.it\/de\/custoza-doc&#8220;][vc_empty_space height=&#8220;20px&#8220;][vc_column_text]<\/p>\n<h6 style=\"text-align: center;\">Custoza DOC<\/h6>\n<p>[\/vc_column_text][vc_empty_space height=&#8220;50px&#8220;][\/vc_column_inner][vc_column_inner width=&#8220;1\/5&#8243;][vc_empty_space height=&#8220;40px&#8220;][vc_single_image image=&#8220;4531&#8243; img_size=&#8220;160&#215;310&#8243; alignment=&#8220;center&#8220; onclick=&#8220;custom_link&#8220; link=&#8220;https:\/\/giovannatantini.it\/de\/ma-gi-co-garda-corvina-doc&#8220;][vc_empty_space height=&#8220;20px&#8220;][vc_column_text]<\/p>\n<h6 style=\"text-align: center;\">MA.GI.CO. Garda Corvina DOC<\/h6>\n<p>[\/vc_column_text][vc_empty_space height=&#8220;50px&#8220;][\/vc_column_inner][vc_column_inner width=&#8220;1\/5&#8243;][vc_empty_space height=&#8220;50px&#8220;][vc_single_image image=&#8220;3310&#8243; img_size=&#8220;medium&#8220; alignment=&#8220;center&#8220; onclick=&#8220;custom_link&#8220; link=&#8220;https:\/\/giovannatantini.it\/de\/la-rocca-bardolino-doc&#8220;][vc_empty_space height=&#8220;20px&#8220;][vc_column_text]<\/p>\n<h6 style=\"text-align: center;\">La Rocca Bardolino DOC<\/h6>\n<p>[\/vc_column_text][vc_empty_space height=&#8220;50px&#8220;][\/vc_column_inner][\/vc_row_inner][\/vc_column][\/vc_row][vc_row full_width=&#8220;stretch_row&#8220; css_animation=&#8220;fadeInUp&#8220; css=&#8220;.vc_custom_1518518750460{background-color: rgba(158,139,64,0.3) !important;*background-color: rgb(158,139,64) !important;}&#8220;][vc_column][vc_empty_space height=&#8220;50px&#8220;][vc_column_text]<\/p>\n<h4 style=\"text-align: center;\">DOC WEINE<\/h4>\n<p>[\/vc_column_text][vc_empty_space height=&#8220;50px&#8220;][\/vc_column][\/vc_row][vc_row][vc_column][vc_empty_space height=&#8220;100px&#8220;][\/vc_column][\/vc_row][vc_row full_width=&#8220;stretch_row&#8220; css=&#8220;.vc_custom_1518519350659{background-color: rgba(158,139,64,0.3) !important;*background-color: rgb(158,139,64) !important;}&#8220;][vc_column][vc_row_inner][vc_column_inner][vc_empty_space height=&#8220;50px&#8220;][vc_column_text]<\/p>\n<h4 style=\"text-align: center;\">IGT WEINE<\/h4>\n<p>[\/vc_column_text][vc_empty_space height=&#8220;50px&#8220;][\/vc_column_inner][\/vc_row_inner][\/vc_column][\/vc_row][vc_row][vc_column][vc_row_inner][vc_column_inner width=&#8220;1\/4&#8243;][\/vc_column_inner][vc_column_inner width=&#8220;1\/4&#8243;][vc_empty_space height=&#8220;50px&#8220;][vc_single_image image=&#8220;1416&#8243; img_size=&#8220;medium&#8220; alignment=&#8220;center&#8220; onclick=&#8220;custom_link&#8220; link=&#8220;https:\/\/giovannatantini.it\/de\/greta-igt&#8220;][vc_column_text]<\/p>\n<h6 style=\"text-align: center;\">Greta IGT<\/h6>\n<p>[\/vc_column_text][vc_empty_space height=&#8220;30px&#8220;][\/vc_column_inner][vc_column_inner width=&#8220;1\/4&#8243;][vc_empty_space height=&#8220;50px&#8220;][vc_single_image image=&#8220;1423&#8243; img_size=&#8220;medium&#8220; alignment=&#8220;center&#8220; onclick=&#8220;custom_link&#8220; link=&#8220;https:\/\/giovannatantini.it\/de\/ettore-igt&#8220;][vc_column_text]<\/p>\n<h6 style=\"text-align: center;\">Ettore IGT<\/h6>\n<p>[\/vc_column_text][vc_empty_space height=&#8220;30px&#8220;][\/vc_column_inner][vc_column_inner width=&#8220;1\/4&#8243;][\/vc_column_inner][\/vc_row_inner][\/vc_column][\/vc_row]<\/p>\n","protected":false},"excerpt":{"rendered":"<p>[vc_row][vc_column width=&#8220;1\/2&#8243;][vc_column_text css_animation=&#8220;none&#8220;] REBSORTEN UND WEINE Unsere Reben wachsen an Veroneser Pergola, was die wei\u00dfen Trauben (Garganega, Trebbianello und Chardonnay) anbelangt, und Guyot-Spalieren f\u00fcr die roten Trauben (Corvina Veronese, Rondinella, Cabernet und Merlot). Die von uns erzeugten Weine sind die Fr\u00fcchte einer sorgf\u00e4ltigen Arbeit im Weingarten, die ausschlie\u00dflich von unseren Angestellten ausgef\u00fchrt wird, welche auch [&hellip;]<\/p>\n","protected":false},"author":16,"featured_media":0,"parent":0,"menu_order":0,"comment_status":"closed","ping_status":"closed","template":"","meta":{"footnotes":""},"class_list":["post-2022","page","type-page","status-publish","hentry"],"yoast_head":"<!-- This site is optimized with the Yoast SEO plugin v26.8 - https:\/\/yoast.com\/product\/yoast-seo-wordpress\/ -->\n<title>Weine - Azienda Agricola Giovanna Tantini<\/title>\n<meta name=\"description\" content=\"Gardasee Weine Unsere Reben wachsen an Veroneser Pergola, was die wei\u00dfen Trauben (Garganega, Trebbianello und Chardonnay) anbelangt, und Guyot-Spalieren f\u00fcr die roten Trauben (Corvina Veronese, Rondinella, Cabernet und Merlot).\" \/>\n<meta name=\"robots\" content=\"index, follow, max-snippet:-1, max-image-preview:large, max-video-preview:-1\" \/>\n<link rel=\"canonical\" href=\"https:\/\/giovannatantini.it\/de\/giovanna-tantinis-weine\/\" \/>\n<meta property=\"og:locale\" content=\"de_DE\" \/>\n<meta property=\"og:type\" content=\"article\" \/>\n<meta property=\"og:title\" content=\"Weine - Azienda Agricola Giovanna Tantini\" \/>\n<meta property=\"og:description\" content=\"Gardasee Weine Unsere Reben wachsen an Veroneser Pergola, was die wei\u00dfen Trauben (Garganega, Trebbianello und Chardonnay) anbelangt, und Guyot-Spalieren f\u00fcr die roten Trauben (Corvina Veronese, Rondinella, Cabernet und Merlot).\" \/>\n<meta property=\"og:url\" content=\"https:\/\/giovannatantini.it\/de\/giovanna-tantinis-weine\/\" \/>\n<meta property=\"og:site_name\" content=\"Azienda Agricola Giovanna Tantini\" \/>\n<meta property=\"article:modified_time\" content=\"2025-07-31T06:43:51+00:00\" \/>\n<meta name=\"twitter:card\" content=\"summary_large_image\" \/>\n<meta name=\"twitter:label1\" content=\"Gesch\u00e4tzte Lesezeit\" \/>\n\t<meta name=\"twitter:data1\" content=\"2\u00a0Minuten\" \/>\n<script type=\"application\/ld+json\" class=\"yoast-schema-graph\">{\"@context\":\"https:\/\/schema.org\",\"@graph\":[{\"@type\":\"WebPage\",\"@id\":\"https:\/\/giovannatantini.it\/de\/giovanna-tantinis-weine\/\",\"url\":\"https:\/\/giovannatantini.it\/de\/giovanna-tantinis-weine\/\",\"name\":\"Weine - Azienda Agricola Giovanna Tantini\",\"isPartOf\":{\"@id\":\"https:\/\/giovannatantini.it\/#website\"},\"datePublished\":\"2019-02-05T09:39:58+00:00\",\"dateModified\":\"2025-07-31T06:43:51+00:00\",\"description\":\"Gardasee Weine Unsere Reben wachsen an Veroneser Pergola, was die wei\u00dfen Trauben (Garganega, Trebbianello und Chardonnay) anbelangt, und Guyot-Spalieren f\u00fcr die roten Trauben (Corvina Veronese, Rondinella, Cabernet und Merlot).\",\"breadcrumb\":{\"@id\":\"https:\/\/giovannatantini.it\/de\/giovanna-tantinis-weine\/#breadcrumb\"},\"inLanguage\":\"de\",\"potentialAction\":[{\"@type\":\"ReadAction\",\"target\":[\"https:\/\/giovannatantini.it\/de\/giovanna-tantinis-weine\/\"]}]},{\"@type\":\"BreadcrumbList\",\"@id\":\"https:\/\/giovannatantini.it\/de\/giovanna-tantinis-weine\/#breadcrumb\",\"itemListElement\":[{\"@type\":\"ListItem\",\"position\":1,\"name\":\"Home\",\"item\":\"https:\/\/giovannatantini.it\/de\/\"},{\"@type\":\"ListItem\",\"position\":2,\"name\":\"Weine\"}]},{\"@type\":\"WebSite\",\"@id\":\"https:\/\/giovannatantini.it\/#website\",\"url\":\"https:\/\/giovannatantini.it\/\",\"name\":\"Azienda Agricola Giovanna Tantini\",\"description\":\"Vini DOC e IGT - Agriturismo B&amp;B - Vendita\",\"potentialAction\":[{\"@type\":\"SearchAction\",\"target\":{\"@type\":\"EntryPoint\",\"urlTemplate\":\"https:\/\/giovannatantini.it\/?s={search_term_string}\"},\"query-input\":{\"@type\":\"PropertyValueSpecification\",\"valueRequired\":true,\"valueName\":\"search_term_string\"}}],\"inLanguage\":\"de\"}]}<\/script>\n<!-- \/ Yoast SEO plugin. -->","yoast_head_json":{"title":"Weine - Azienda Agricola Giovanna Tantini","description":"Gardasee Weine Unsere Reben wachsen an Veroneser Pergola, was die wei\u00dfen Trauben (Garganega, Trebbianello und Chardonnay) anbelangt, und Guyot-Spalieren f\u00fcr die roten Trauben (Corvina Veronese, Rondinella, Cabernet und Merlot).","robots":{"index":"index","follow":"follow","max-snippet":"max-snippet:-1","max-image-preview":"max-image-preview:large","max-video-preview":"max-video-preview:-1"},"canonical":"https:\/\/giovannatantini.it\/de\/giovanna-tantinis-weine\/","og_locale":"de_DE","og_type":"article","og_title":"Weine - Azienda Agricola Giovanna Tantini","og_description":"Gardasee Weine Unsere Reben wachsen an Veroneser Pergola, was die wei\u00dfen Trauben (Garganega, Trebbianello und Chardonnay) anbelangt, und Guyot-Spalieren f\u00fcr die roten Trauben (Corvina Veronese, Rondinella, Cabernet und Merlot).","og_url":"https:\/\/giovannatantini.it\/de\/giovanna-tantinis-weine\/","og_site_name":"Azienda Agricola Giovanna Tantini","article_modified_time":"2025-07-31T06:43:51+00:00","twitter_card":"summary_large_image","twitter_misc":{"Gesch\u00e4tzte Lesezeit":"2\u00a0Minuten"},"schema":{"@context":"https:\/\/schema.org","@graph":[{"@type":"WebPage","@id":"https:\/\/giovannatantini.it\/de\/giovanna-tantinis-weine\/","url":"https:\/\/giovannatantini.it\/de\/giovanna-tantinis-weine\/","name":"Weine - Azienda Agricola Giovanna Tantini","isPartOf":{"@id":"https:\/\/giovannatantini.it\/#website"},"datePublished":"2019-02-05T09:39:58+00:00","dateModified":"2025-07-31T06:43:51+00:00","description":"Gardasee Weine Unsere Reben wachsen an Veroneser Pergola, was die wei\u00dfen Trauben (Garganega, Trebbianello und Chardonnay) anbelangt, und Guyot-Spalieren f\u00fcr die roten Trauben (Corvina Veronese, Rondinella, Cabernet und Merlot).","breadcrumb":{"@id":"https:\/\/giovannatantini.it\/de\/giovanna-tantinis-weine\/#breadcrumb"},"inLanguage":"de","potentialAction":[{"@type":"ReadAction","target":["https:\/\/giovannatantini.it\/de\/giovanna-tantinis-weine\/"]}]},{"@type":"BreadcrumbList","@id":"https:\/\/giovannatantini.it\/de\/giovanna-tantinis-weine\/#breadcrumb","itemListElement":[{"@type":"ListItem","position":1,"name":"Home","item":"https:\/\/giovannatantini.it\/de\/"},{"@type":"ListItem","position":2,"name":"Weine"}]},{"@type":"WebSite","@id":"https:\/\/giovannatantini.it\/#website","url":"https:\/\/giovannatantini.it\/","name":"Azienda Agricola Giovanna Tantini","description":"Vini DOC e IGT - Agriturismo B&amp;B - Vendita","potentialAction":[{"@type":"SearchAction","target":{"@type":"EntryPoint","urlTemplate":"https:\/\/giovannatantini.it\/?s={search_term_string}"},"query-input":{"@type":"PropertyValueSpecification","valueRequired":true,"valueName":"search_term_string"}}],"inLanguage":"de"}]}},"_links":{"self":[{"href":"https:\/\/giovannatantini.it\/de\/wp-json\/wp\/v2\/pages\/2022","targetHints":{"allow":["GET"]}}],"collection":[{"href":"https:\/\/giovannatantini.it\/de\/wp-json\/wp\/v2\/pages"}],"about":[{"href":"https:\/\/giovannatantini.it\/de\/wp-json\/wp\/v2\/types\/page"}],"author":[{"embeddable":true,"href":"https:\/\/giovannatantini.it\/de\/wp-json\/wp\/v2\/users\/16"}],"replies":[{"embeddable":true,"href":"https:\/\/giovannatantini.it\/de\/wp-json\/wp\/v2\/comments?post=2022"}],"version-history":[{"count":34,"href":"https:\/\/giovannatantini.it\/de\/wp-json\/wp\/v2\/pages\/2022\/revisions"}],"predecessor-version":[{"id":4711,"href":"https:\/\/giovannatantini.it\/de\/wp-json\/wp\/v2\/pages\/2022\/revisions\/4711"}],"wp:attachment":[{"href":"https:\/\/giovannatantini.it\/de\/wp-json\/wp\/v2\/media?parent=2022"}],"curies":[{"name":"wp","href":"https:\/\/api.w.org\/{rel}","templated":true}]}}