{"id":2018,"date":"2019-02-05T10:33:59","date_gmt":"2019-02-05T10:33:59","guid":{"rendered":"http:\/\/giovannatantini.it\/ettore-i-g-t\/"},"modified":"2025-04-04T10:30:36","modified_gmt":"2025-04-04T09:30:36","slug":"ettore-igt","status":"publish","type":"page","link":"https:\/\/giovannatantini.it\/de\/ettore-igt\/","title":{"rendered":"Ettore IGT"},"content":{"rendered":"<p>[vc_row][vc_column width=&#8220;1\/2&#8243;][vc_column_text css_animation=&#8220;none&#8220;]<\/p>\n<div class=\"page\" title=\"Page 8\">\n<div class=\"layoutArea\">\n<div class=\"column\">\n<h4>ETTORE IGT<\/h4>\n<div class=\"page\" title=\"Page 10\">\n<div class=\"layoutArea\">\n<div class=\"column\">\n<div class=\"page\" title=\"Page 18\">\n<div class=\"layoutArea\">\n<div class=\"column\">\n<p>Ettore IGT, dessen erster Jahrgang auf 2003 zur\u00fcckgeht, ist dem Sohn von Giovanna Tantini gewidmet. Er ist eine Mischung aus Corvina Veronese und Merlot, deren Trauben in zwei spezi&amp;schen Weing\u00e4rten mit gro\u00dfem Potential wachsen. Dieser Wein ist Ausdruck der Kraft, welche die Trauben haben, wenn sie mit der passenden Methode zu Wein verarbeitet werden. Die Corvina-Trauben werden 20 Tage lang in 4-kg-Plateau-Kisten trocknen gelassen, w\u00e4hrend die Merlot-Trauben gleich nach der Lese verarbeitet werden.<\/p>\n<\/div>\n<\/div>\n<\/div>\n<\/div>\n<\/div>\n<\/div>\n<\/div>\n<\/div>\n<\/div>\n<p>[\/vc_column_text][vc_empty_space height=&#8220;75px&#8220;][vc_single_image image=&#8220;1423&#8243; img_size=&#8220;large&#8220; alignment=&#8220;center&#8220; onclick=&#8220;link_image&#8220; css_animation=&#8220;fadeInUp&#8220;][vc_empty_space height=&#8220;75px&#8220;][\/vc_column][vc_column width=&#8220;1\/2&#8243;]<div class=\"sc_table\" style=\"width:100%;\"><\/p>\n<table border=\"0\" summary=\"Bardolino Chiaretto\" cellspacing=\"2\" cellpadding=\"10\">\n<tbody>\n<tr>\n<td align=\"right\">\n<div class=\"page\" title=\"Page 17\">\n<div class=\"layoutArea\">\n<div class=\"column\">\n<p>Rebsorten<\/p>\n<\/div>\n<\/div>\n<\/div>\n<\/td>\n<td>Corvina, Merlot<\/td>\n<\/tr>\n<tr>\n<td align=\"right\" bgcolor=\"#EFEFEF\">Soil<\/td>\n<td bgcolor=\"#EFEFEF\">Glacial (morainal), gravelly, calcareous and alluvial<\/td>\n<\/tr>\n<tr>\n<td align=\"right\">\n<div class=\"page\" title=\"Page 17\">\n<div class=\"layoutArea\">\n<div class=\"column\">\n<p>Boden<\/p>\n<\/div>\n<\/div>\n<\/div>\n<\/td>\n<td>\n<div class=\"page\" title=\"Page 17\">\n<div class=\"layoutArea\">\n<div class=\"column\">\n<p>100 m \u00fc.d.M.<\/p>\n<\/div>\n<\/div>\n<\/div>\n<\/td>\n<\/tr>\n<tr>\n<td align=\"right\" bgcolor=\"#EFEFEF\">\n<div class=\"page\" title=\"Page 17\">\n<div class=\"layoutArea\">\n<div class=\"column\">\n<p>Erziehungs- methode<\/p>\n<\/div>\n<\/div>\n<\/div>\n<\/td>\n<td bgcolor=\"#EFEFEF\">Guyot<\/td>\n<\/tr>\n<tr>\n<td align=\"right\">\n<div class=\"page\" title=\"Page 17\">\n<div class=\"layoutArea\">\n<div class=\"column\">\n<p>Ausrichtung<\/p>\n<\/div>\n<\/div>\n<\/div>\n<\/td>\n<td>\n<div class=\"page\" title=\"Page 17\">\n<div class=\"layoutArea\">\n<div class=\"column\">\n<p>S\u00fcden<\/p>\n<\/div>\n<\/div>\n<\/div>\n<\/td>\n<\/tr>\n<tr>\n<td align=\"right\" bgcolor=\"#EFEFEF\">\n<div class=\"page\" title=\"Page 17\">\n<div class=\"layoutArea\">\n<div class=\"column\">\n<p>Hektarertrag<\/p>\n<\/div>\n<\/div>\n<\/div>\n<\/td>\n<td bgcolor=\"#EFEFEF\">60 ql\/ha<\/td>\n<\/tr>\n<tr>\n<td align=\"right\">\n<div class=\"page\" title=\"Page 17\">\n<div class=\"layoutArea\">\n<div class=\"column\">\n<p>Zeit der Lese<\/p>\n<\/div>\n<\/div>\n<\/div>\n<\/td>\n<td>\n<div class=\"page\" title=\"Page 17\">\n<div class=\"layoutArea\">\n<div class=\"column\">\n<p>Ende September\/Anfang Oktober<\/p>\n<\/div>\n<\/div>\n<\/div>\n<\/td>\n<\/tr>\n<tr>\n<td align=\"right\" bgcolor=\"#EFEFEF\">\n<div class=\"page\" title=\"Page 17\">\n<div class=\"layoutArea\">\n<div class=\"column\">\n<p>Ernte<\/p>\n<\/div>\n<\/div>\n<\/div>\n<\/td>\n<td bgcolor=\"#EFEFEF\">\n<div class=\"page\" title=\"Page 17\">\n<div class=\"layoutArea\">\n<div class=\"column\">\n<p>Mit der Hand aus ausgew\u00e4hlten Weing\u00e4rten in perforierte 4-kg-Kisten.<\/p>\n<\/div>\n<\/div>\n<\/div>\n<\/td>\n<\/tr>\n<tr>\n<td align=\"right\">\n<div class=\"page\" title=\"Page 17\">\n<div class=\"layoutArea\">\n<div class=\"column\">\n<p>Weinbereitung<\/p>\n<\/div>\n<\/div>\n<\/div>\n<\/td>\n<td>\n<div class=\"page\" title=\"Page 17\">\n<div class=\"layoutArea\">\n<div class=\"column\">\n<p>Trocknung der Corvina-Trauben 15-20 Tage lang bei einer Temperatur von 18 \u00b0C in der K\u00fchlzelle, um Frische und Aromen zu erhalten.\u00a0Abbeeren, Zerdr\u00fccken, Mazeration und G\u00e4rung in Edelstahl bei kontrollierter Temperatur von 28 \u00b0C, die f\u00fcr jede Sorte unterschiedlich ist.\u00a0W\u00e4hrend der Weinbereitungen finden D\u00e9lestages statt, um die Extraktion der Polyphenole zu f\u00f6rdern. Spontane malolaktische G\u00e4rung in franz\u00f6sischen Barriques.<\/p>\n<\/div>\n<\/div>\n<\/div>\n<\/td>\n<\/tr>\n<tr>\n<td align=\"right\" bgcolor=\"#EFEFEF\">\n<div class=\"page\" title=\"Page 17\">\n<div class=\"layoutArea\">\n<div class=\"column\">\n<p>Ausbau<\/p>\n<\/div>\n<\/div>\n<\/div>\n<\/td>\n<td bgcolor=\"#EFEFEF\">\n<div class=\"page\" title=\"Page 17\">\n<div class=\"layoutArea\">\n<div class=\"column\">\n<p>24 Monate in Barriques, 10 Monate in der Flasche<\/p>\n<\/div>\n<\/div>\n<\/div>\n<\/td>\n<\/tr>\n<tr>\n<td align=\"right\">\n<div class=\"page\" title=\"Page 17\">\n<div class=\"layoutArea\">\n<div class=\"column\">\n<p>Verkostungs- merkmale<\/p>\n<\/div>\n<\/div>\n<\/div>\n<\/td>\n<td>\n<div class=\"page\" title=\"Page 17\">\n<div class=\"layoutArea\">\n<div class=\"column\">\n<p>Farbe: intensives, tiefes Rubinrot mit violetten Reflexen<br \/>\nNase: kr\u00e4ftige und komplexe Noten von roten Fr\u00fcchten, balsamischen D\u00fcften und orientalischen Gew\u00fcrzen.<br \/>\nGaumen: kr\u00e4ftig, weit und anhaltend. Exzellente Struktur mit seidigen, milden Tanninen<\/p>\n<\/div>\n<\/div>\n<\/div>\n<\/td>\n<\/tr>\n<tr>\n<td align=\"right\" bgcolor=\"#EFEFEF\">\n<div class=\"page\" title=\"Page 17\">\n<div class=\"layoutArea\">\n<div class=\"column\">\n<p>Speiseempfehlung<\/p>\n<\/div>\n<\/div>\n<\/div>\n<\/td>\n<td bgcolor=\"#EFEFEF\">\n<div class=\"page\" title=\"Page 17\">\n<div class=\"layoutArea\">\n<div class=\"column\">\n<p>Gegrilltes rotes Fleisch, Aufl\u00e4ufe, Wild.<\/p>\n<\/div>\n<\/div>\n<\/div>\n<\/td>\n<\/tr>\n<\/tbody>\n<\/table>\n<p><\/div>[\/vc_column][\/vc_row][vc_row][vc_column][\/vc_column][\/vc_row]<\/p>\n","protected":false},"excerpt":{"rendered":"<p>[vc_row][vc_column width=&#8220;1\/2&#8243;][vc_column_text css_animation=&#8220;none&#8220;] ETTORE IGT Ettore IGT, dessen erster Jahrgang auf 2003 zur\u00fcckgeht, ist dem Sohn von Giovanna Tantini gewidmet. Er ist eine Mischung aus Corvina Veronese und Merlot, deren Trauben in zwei spezi&amp;schen Weing\u00e4rten mit gro\u00dfem Potential wachsen. Dieser Wein ist Ausdruck der Kraft, welche die Trauben haben, wenn sie mit der passenden Methode [&hellip;]<\/p>\n","protected":false},"author":16,"featured_media":3126,"parent":0,"menu_order":0,"comment_status":"closed","ping_status":"closed","template":"","meta":{"footnotes":""},"class_list":["post-2018","page","type-page","status-publish","has-post-thumbnail","hentry"],"yoast_head":"<!-- This site is optimized with the Yoast SEO plugin v26.8 - https:\/\/yoast.com\/product\/yoast-seo-wordpress\/ -->\n<title>Ettore IGT - Azienda Agricola Giovanna Tantini<\/title>\n<meta name=\"description\" content=\"Ettore IGT, ein vollmundiger Rotwein, dessen erster Jahrgang auf das Jahr 2003 zur\u00fcckgeht, ist dem Sohn von Giovanna Tantini gewidmet\" \/>\n<meta name=\"robots\" content=\"index, follow, max-snippet:-1, max-image-preview:large, max-video-preview:-1\" \/>\n<link rel=\"canonical\" href=\"https:\/\/giovannatantini.it\/de\/ettore-igt\/\" \/>\n<meta property=\"og:locale\" content=\"de_DE\" \/>\n<meta property=\"og:type\" content=\"article\" \/>\n<meta property=\"og:title\" content=\"Ettore IGT - Azienda Agricola Giovanna Tantini\" \/>\n<meta property=\"og:description\" content=\"Ettore IGT, ein vollmundiger Rotwein, dessen erster Jahrgang auf das Jahr 2003 zur\u00fcckgeht, ist dem Sohn von Giovanna Tantini gewidmet\" \/>\n<meta property=\"og:url\" content=\"https:\/\/giovannatantini.it\/de\/ettore-igt\/\" \/>\n<meta property=\"og:site_name\" content=\"Azienda Agricola Giovanna Tantini\" \/>\n<meta property=\"article:modified_time\" content=\"2025-04-04T09:30:36+00:00\" \/>\n<meta property=\"og:image\" content=\"https:\/\/giovannatantini.it\/wp-content\/uploads\/2022\/02\/vineyards-giovanna-tantini-1.jpg\" \/>\n\t<meta property=\"og:image:width\" content=\"900\" \/>\n\t<meta property=\"og:image:height\" content=\"600\" \/>\n\t<meta property=\"og:image:type\" content=\"image\/jpeg\" \/>\n<meta name=\"twitter:card\" content=\"summary_large_image\" \/>\n<meta name=\"twitter:label1\" content=\"Gesch\u00e4tzte Lesezeit\" \/>\n\t<meta name=\"twitter:data1\" content=\"2\u00a0Minuten\" \/>\n<script type=\"application\/ld+json\" class=\"yoast-schema-graph\">{\"@context\":\"https:\/\/schema.org\",\"@graph\":[{\"@type\":\"WebPage\",\"@id\":\"https:\/\/giovannatantini.it\/de\/ettore-igt\/\",\"url\":\"https:\/\/giovannatantini.it\/de\/ettore-igt\/\",\"name\":\"Ettore IGT - Azienda Agricola Giovanna Tantini\",\"isPartOf\":{\"@id\":\"https:\/\/giovannatantini.it\/#website\"},\"primaryImageOfPage\":{\"@id\":\"https:\/\/giovannatantini.it\/de\/ettore-igt\/#primaryimage\"},\"image\":{\"@id\":\"https:\/\/giovannatantini.it\/de\/ettore-igt\/#primaryimage\"},\"thumbnailUrl\":\"https:\/\/giovannatantini.it\/wp-content\/uploads\/2022\/02\/vineyards-giovanna-tantini-1.jpg\",\"datePublished\":\"2019-02-05T10:33:59+00:00\",\"dateModified\":\"2025-04-04T09:30:36+00:00\",\"description\":\"Ettore IGT, ein vollmundiger Rotwein, dessen erster Jahrgang auf das Jahr 2003 zur\u00fcckgeht, ist dem Sohn von Giovanna Tantini gewidmet\",\"breadcrumb\":{\"@id\":\"https:\/\/giovannatantini.it\/de\/ettore-igt\/#breadcrumb\"},\"inLanguage\":\"de\",\"potentialAction\":[{\"@type\":\"ReadAction\",\"target\":[\"https:\/\/giovannatantini.it\/de\/ettore-igt\/\"]}]},{\"@type\":\"ImageObject\",\"inLanguage\":\"de\",\"@id\":\"https:\/\/giovannatantini.it\/de\/ettore-igt\/#primaryimage\",\"url\":\"https:\/\/giovannatantini.it\/wp-content\/uploads\/2022\/02\/vineyards-giovanna-tantini-1.jpg\",\"contentUrl\":\"https:\/\/giovannatantini.it\/wp-content\/uploads\/2022\/02\/vineyards-giovanna-tantini-1.jpg\",\"width\":900,\"height\":600,\"caption\":\"Ettore IGT\"},{\"@type\":\"BreadcrumbList\",\"@id\":\"https:\/\/giovannatantini.it\/de\/ettore-igt\/#breadcrumb\",\"itemListElement\":[{\"@type\":\"ListItem\",\"position\":1,\"name\":\"Home\",\"item\":\"https:\/\/giovannatantini.it\/de\/\"},{\"@type\":\"ListItem\",\"position\":2,\"name\":\"Ettore IGT\"}]},{\"@type\":\"WebSite\",\"@id\":\"https:\/\/giovannatantini.it\/#website\",\"url\":\"https:\/\/giovannatantini.it\/\",\"name\":\"Azienda Agricola Giovanna Tantini\",\"description\":\"Vini DOC e IGT - Agriturismo B&amp;B - Vendita\",\"potentialAction\":[{\"@type\":\"SearchAction\",\"target\":{\"@type\":\"EntryPoint\",\"urlTemplate\":\"https:\/\/giovannatantini.it\/?s={search_term_string}\"},\"query-input\":{\"@type\":\"PropertyValueSpecification\",\"valueRequired\":true,\"valueName\":\"search_term_string\"}}],\"inLanguage\":\"de\"}]}<\/script>\n<!-- \/ Yoast SEO plugin. -->","yoast_head_json":{"title":"Ettore IGT - Azienda Agricola Giovanna Tantini","description":"Ettore IGT, ein vollmundiger Rotwein, dessen erster Jahrgang auf das Jahr 2003 zur\u00fcckgeht, ist dem Sohn von Giovanna Tantini gewidmet","robots":{"index":"index","follow":"follow","max-snippet":"max-snippet:-1","max-image-preview":"max-image-preview:large","max-video-preview":"max-video-preview:-1"},"canonical":"https:\/\/giovannatantini.it\/de\/ettore-igt\/","og_locale":"de_DE","og_type":"article","og_title":"Ettore IGT - Azienda Agricola Giovanna Tantini","og_description":"Ettore IGT, ein vollmundiger Rotwein, dessen erster Jahrgang auf das Jahr 2003 zur\u00fcckgeht, ist dem Sohn von Giovanna Tantini gewidmet","og_url":"https:\/\/giovannatantini.it\/de\/ettore-igt\/","og_site_name":"Azienda Agricola Giovanna Tantini","article_modified_time":"2025-04-04T09:30:36+00:00","og_image":[{"width":900,"height":600,"url":"https:\/\/giovannatantini.it\/wp-content\/uploads\/2022\/02\/vineyards-giovanna-tantini-1.jpg","type":"image\/jpeg"}],"twitter_card":"summary_large_image","twitter_misc":{"Gesch\u00e4tzte Lesezeit":"2\u00a0Minuten"},"schema":{"@context":"https:\/\/schema.org","@graph":[{"@type":"WebPage","@id":"https:\/\/giovannatantini.it\/de\/ettore-igt\/","url":"https:\/\/giovannatantini.it\/de\/ettore-igt\/","name":"Ettore IGT - Azienda Agricola Giovanna Tantini","isPartOf":{"@id":"https:\/\/giovannatantini.it\/#website"},"primaryImageOfPage":{"@id":"https:\/\/giovannatantini.it\/de\/ettore-igt\/#primaryimage"},"image":{"@id":"https:\/\/giovannatantini.it\/de\/ettore-igt\/#primaryimage"},"thumbnailUrl":"https:\/\/giovannatantini.it\/wp-content\/uploads\/2022\/02\/vineyards-giovanna-tantini-1.jpg","datePublished":"2019-02-05T10:33:59+00:00","dateModified":"2025-04-04T09:30:36+00:00","description":"Ettore IGT, ein vollmundiger Rotwein, dessen erster Jahrgang auf das Jahr 2003 zur\u00fcckgeht, ist dem Sohn von Giovanna Tantini gewidmet","breadcrumb":{"@id":"https:\/\/giovannatantini.it\/de\/ettore-igt\/#breadcrumb"},"inLanguage":"de","potentialAction":[{"@type":"ReadAction","target":["https:\/\/giovannatantini.it\/de\/ettore-igt\/"]}]},{"@type":"ImageObject","inLanguage":"de","@id":"https:\/\/giovannatantini.it\/de\/ettore-igt\/#primaryimage","url":"https:\/\/giovannatantini.it\/wp-content\/uploads\/2022\/02\/vineyards-giovanna-tantini-1.jpg","contentUrl":"https:\/\/giovannatantini.it\/wp-content\/uploads\/2022\/02\/vineyards-giovanna-tantini-1.jpg","width":900,"height":600,"caption":"Ettore IGT"},{"@type":"BreadcrumbList","@id":"https:\/\/giovannatantini.it\/de\/ettore-igt\/#breadcrumb","itemListElement":[{"@type":"ListItem","position":1,"name":"Home","item":"https:\/\/giovannatantini.it\/de\/"},{"@type":"ListItem","position":2,"name":"Ettore IGT"}]},{"@type":"WebSite","@id":"https:\/\/giovannatantini.it\/#website","url":"https:\/\/giovannatantini.it\/","name":"Azienda Agricola Giovanna Tantini","description":"Vini DOC e IGT - Agriturismo B&amp;B - Vendita","potentialAction":[{"@type":"SearchAction","target":{"@type":"EntryPoint","urlTemplate":"https:\/\/giovannatantini.it\/?s={search_term_string}"},"query-input":{"@type":"PropertyValueSpecification","valueRequired":true,"valueName":"search_term_string"}}],"inLanguage":"de"}]}},"_links":{"self":[{"href":"https:\/\/giovannatantini.it\/de\/wp-json\/wp\/v2\/pages\/2018","targetHints":{"allow":["GET"]}}],"collection":[{"href":"https:\/\/giovannatantini.it\/de\/wp-json\/wp\/v2\/pages"}],"about":[{"href":"https:\/\/giovannatantini.it\/de\/wp-json\/wp\/v2\/types\/page"}],"author":[{"embeddable":true,"href":"https:\/\/giovannatantini.it\/de\/wp-json\/wp\/v2\/users\/16"}],"replies":[{"embeddable":true,"href":"https:\/\/giovannatantini.it\/de\/wp-json\/wp\/v2\/comments?post=2018"}],"version-history":[{"count":6,"href":"https:\/\/giovannatantini.it\/de\/wp-json\/wp\/v2\/pages\/2018\/revisions"}],"predecessor-version":[{"id":4604,"href":"https:\/\/giovannatantini.it\/de\/wp-json\/wp\/v2\/pages\/2018\/revisions\/4604"}],"wp:featuredmedia":[{"embeddable":true,"href":"https:\/\/giovannatantini.it\/de\/wp-json\/wp\/v2\/media\/3126"}],"wp:attachment":[{"href":"https:\/\/giovannatantini.it\/de\/wp-json\/wp\/v2\/media?parent=2018"}],"curies":[{"name":"wp","href":"https:\/\/api.w.org\/{rel}","templated":true}]}}