{"id":2014,"date":"2019-02-05T10:32:29","date_gmt":"2019-02-05T10:32:29","guid":{"rendered":"http:\/\/giovannatantini.it\/custoza-d-o-c\/"},"modified":"2025-04-04T10:30:15","modified_gmt":"2025-04-04T09:30:15","slug":"custoza-doc","status":"publish","type":"page","link":"https:\/\/giovannatantini.it\/de\/custoza-doc\/","title":{"rendered":"Custoza DOC"},"content":{"rendered":"<p>[vc_row][vc_column width=&#8220;1\/2&#8243;][vc_column_text css_animation=&#8220;none&#8220;]<\/p>\n<div class=\"page\" title=\"Page 8\">\n<div class=\"layoutArea\">\n<div class=\"column\">\n<div class=\"page\" title=\"Page 12\">\n<div class=\"layoutArea\">\n<div class=\"column\">\n<h4>CUSTOZA DOC<\/h4>\n<p>Custoza DOC er wurde 2013 in die Produktion des Unternehmens aufgenommen, angesichts der Tatsache, dass das Unternehmen wei\u00dfe Trauben in signi&amp;kanter Qualit\u00e4t und Quantit\u00e4t besitzt. Eine weitere Herausforderung, die einen DOC-Wein mit ausgepr\u00e4gter, aus den Eigenschaften verschiedener Trauben resultierender Komplexit\u00e4t hervorgebracht hat, der am Markt einen seinem Potential entsprechenden Platz verdient.<\/p>\n<\/div>\n<\/div>\n<\/div>\n<\/div>\n<\/div>\n<\/div>\n<p>[\/vc_column_text][vc_empty_space height=&#8220;75px&#8220;][vc_single_image image=&#8220;4457&#8243; img_size=&#8220;large&#8220; alignment=&#8220;center&#8220; onclick=&#8220;link_image&#8220; css_animation=&#8220;fadeInUp&#8220;][vc_empty_space height=&#8220;75px&#8220;][\/vc_column][vc_column width=&#8220;1\/2&#8243;]<div class=\"sc_table\" style=\"width:100%;\"><\/p>\n<table border=\"0\" summary=\"Bardolino Chiaretto\" cellspacing=\"2\" cellpadding=\"10\">\n<tbody>\n<tr>\n<td align=\"right\">\n<div class=\"page\" title=\"Page 11\">\n<div class=\"layoutArea\">\n<div class=\"column\">\n<p>Rebsorten<\/p>\n<\/div>\n<\/div>\n<\/div>\n<\/td>\n<td>\n<div class=\"page\" title=\"Page 12\">\n<div class=\"layoutArea\">\n<div class=\"column\">\n<p>Garganega, Trebbianello, Trebbiano Toscano, Chardonnay<\/p>\n<\/div>\n<\/div>\n<\/div>\n<\/td>\n<\/tr>\n<tr>\n<td align=\"right\" bgcolor=\"#EFEFEF\">\n<div class=\"page\" title=\"Page 11\">\n<div class=\"layoutArea\">\n<div class=\"column\">\n<p>Boden<\/p>\n<\/div>\n<\/div>\n<\/div>\n<\/td>\n<td bgcolor=\"#EFEFEF\">\n<div class=\"page\" title=\"Page 11\">\n<div class=\"layoutArea\">\n<div class=\"column\">\n<p>Eiszeitlicher Ursprung (Mor\u00e4nenboden), kieshaltiger, kalkhaltiger und Schwemmboden<\/p>\n<\/div>\n<\/div>\n<\/div>\n<\/td>\n<\/tr>\n<tr>\n<td align=\"right\">\n<div class=\"page\" title=\"Page 11\">\n<div class=\"layoutArea\">\n<div class=\"column\">\n<p>H\u00f6he<\/p>\n<\/div>\n<\/div>\n<\/div>\n<\/td>\n<td>\n<div class=\"page\" title=\"Page 9\">\n<div class=\"layoutArea\">\n<div class=\"column\">\n<p>100 m \u00fc.d.M.<\/p>\n<\/div>\n<\/div>\n<\/div>\n<\/td>\n<\/tr>\n<tr>\n<td align=\"right\" bgcolor=\"#EFEFEF\">\n<div class=\"page\" title=\"Page 11\">\n<div class=\"layoutArea\">\n<div class=\"column\">\n<p>Erziehungsmethode<\/p>\n<\/div>\n<\/div>\n<\/div>\n<\/td>\n<td bgcolor=\"#EFEFEF\">\n<div class=\"page\" title=\"Page 12\">\n<div class=\"layoutArea\">\n<div class=\"column\">\n<p>Pergola Trentina<\/p>\n<\/div>\n<\/div>\n<\/div>\n<\/td>\n<\/tr>\n<tr>\n<td align=\"right\">\n<div class=\"page\" title=\"Page 11\">\n<div class=\"layoutArea\">\n<div class=\"column\">\n<p>Ausrichtung<\/p>\n<\/div>\n<\/div>\n<\/div>\n<\/td>\n<td>\n<div class=\"page\" title=\"Page 11\">\n<div class=\"layoutArea\">\n<div class=\"column\">\n<p>S\u00fcden<\/p>\n<\/div>\n<\/div>\n<\/div>\n<\/td>\n<\/tr>\n<tr>\n<td align=\"right\" bgcolor=\"#EFEFEF\">\n<div class=\"page\" title=\"Page 11\">\n<div class=\"layoutArea\">\n<div class=\"column\">\n<p>Hektarertrag<\/p>\n<\/div>\n<\/div>\n<\/div>\n<\/td>\n<td bgcolor=\"#EFEFEF\">100 ql\/ha<\/td>\n<\/tr>\n<tr>\n<td align=\"right\">\n<div class=\"page\" title=\"Page 11\">\n<div class=\"layoutArea\">\n<div class=\"column\">\n<p>Arbeiten im Weinberg<\/p>\n<\/div>\n<\/div>\n<\/div>\n<\/td>\n<td>\n<div class=\"page\" title=\"Page 10\">\n<div class=\"layoutArea\">\n<div class=\"column\">\n<div class=\"page\" title=\"Page 12\">\n<div class=\"layoutArea\">\n<div class=\"column\">\n<div class=\"page\" title=\"Page 11\">\n<div class=\"layoutArea\">\n<div class=\"column\">\n<p>Viel Aufmerksamkeit gilt der Pflege der Pflanzen in den Monaten vor Beginn des Farbumschlags. Einsch\u00e4tzung der Ertr\u00e4ge kurz vor der Lese. Auswahl des Weingartens und der Trauben unter Ber\u00fccksichtigung der Reifungsparameter<\/p>\n<\/div>\n<\/div>\n<\/div>\n<\/div>\n<\/div>\n<\/div>\n<\/div>\n<\/div>\n<\/div>\n<\/td>\n<\/tr>\n<tr>\n<td align=\"right\" bgcolor=\"#EFEFEF\">\n<div class=\"page\" title=\"Page 11\">\n<div class=\"layoutArea\">\n<div class=\"column\">\n<p>Zeit der Lese<\/p>\n<\/div>\n<\/div>\n<\/div>\n<\/td>\n<td bgcolor=\"#EFEFEF\">\n<div class=\"page\" title=\"Page 10\">\n<div class=\"layoutArea\">\n<div class=\"column\">\n<div class=\"page\" title=\"Page 12\">\n<div class=\"layoutArea\">\n<div class=\"column\">\n<div class=\"page\" title=\"Page 11\">\n<div class=\"layoutArea\">\n<div class=\"column\">\n<p>Ende September\/Anfang Oktober, erste Wahl<\/p>\n<\/div>\n<\/div>\n<\/div>\n<\/div>\n<\/div>\n<\/div>\n<\/div>\n<\/div>\n<\/div>\n<\/td>\n<\/tr>\n<tr>\n<td align=\"right\">\n<div class=\"page\" title=\"Page 11\">\n<div class=\"layoutArea\">\n<div class=\"column\">\n<p>Ernte<\/p>\n<\/div>\n<\/div>\n<\/div>\n<\/td>\n<td>\n<div class=\"page\" title=\"Page 10\">\n<div class=\"layoutArea\">\n<div class=\"column\">\n<div class=\"page\" title=\"Page 12\">\n<div class=\"layoutArea\">\n<div class=\"column\">\n<div class=\"page\" title=\"Page 11\">\n<div class=\"layoutArea\">\n<div class=\"column\">\n<p>Mit der Hand, in Stiegen<\/p>\n<\/div>\n<\/div>\n<\/div>\n<\/div>\n<\/div>\n<\/div>\n<\/div>\n<\/div>\n<\/div>\n<\/td>\n<\/tr>\n<tr>\n<td align=\"right\" bgcolor=\"#EFEFEF\">\n<div class=\"page\" title=\"Page 11\">\n<div class=\"layoutArea\">\n<div class=\"column\">\n<p>Weinbereitung<\/p>\n<\/div>\n<\/div>\n<\/div>\n<\/td>\n<td bgcolor=\"#EFEFEF\">\n<div class=\"page\" title=\"Page 10\">\n<div class=\"layoutArea\">\n<div class=\"column\">\n<div class=\"page\" title=\"Page 12\">\n<div class=\"layoutArea\">\n<div class=\"column\">\n<div class=\"page\" title=\"Page 11\">\n<div class=\"layoutArea\">\n<div class=\"column\">\n<p>F\u00fcr jede Rebsorte separat erfolgt die Ernte und\u00a0die sanfte Pressung des Pressguts, an die sich die statische Kl\u00e4rung des Mosts bei 8\u00b0C anschlie\u00dft. Alkoholische G\u00e4rung bei einer kontrollierten Tem- peratur von 16-18\u00b0C f\u00fcr 15 Tage. Zusammenstellung der Weine aus den einzelnen Rebsorten in Einhal- tung der Prozentanteile gem\u00e4\u00df Herstellungsregeln.<\/p>\n<\/div>\n<\/div>\n<\/div>\n<\/div>\n<\/div>\n<\/div>\n<\/div>\n<\/div>\n<\/div>\n<\/td>\n<\/tr>\n<tr>\n<td align=\"right\">\n<div class=\"page\" title=\"Page 11\">\n<div class=\"layoutArea\">\n<div class=\"column\">\n<p>Ausbau<\/p>\n<\/div>\n<\/div>\n<\/div>\n<\/td>\n<td>\n<div class=\"page\" title=\"Page 10\">\n<div class=\"layoutArea\">\n<div class=\"column\">\n<div class=\"page\" title=\"Page 12\">\n<div class=\"layoutArea\">\n<div class=\"column\">\n<div class=\"page\" title=\"Page 11\">\n<div class=\"layoutArea\">\n<div class=\"column\">\n<p>Surlies bei 8 \u00b0C, Ausbau 6 Monate in Edelstahltanks, 2 Monate in der Flasche<\/p>\n<\/div>\n<\/div>\n<\/div>\n<\/div>\n<\/div>\n<\/div>\n<\/div>\n<\/div>\n<\/div>\n<\/td>\n<\/tr>\n<tr>\n<td align=\"right\" bgcolor=\"#EFEFEF\">\n<div class=\"page\" title=\"Page 11\">\n<div class=\"layoutArea\">\n<div class=\"column\">\n<p>Verkostungs- merkmale<\/p>\n<\/div>\n<\/div>\n<\/div>\n<\/td>\n<td bgcolor=\"#EFEFEF\">\n<div class=\"page\" title=\"Page 10\">\n<div class=\"layoutArea\">\n<div class=\"column\">\n<div class=\"page\" title=\"Page 12\">\n<div class=\"layoutArea\">\n<div class=\"column\">\n<div class=\"page\" title=\"Page 11\">\n<div class=\"layoutArea\">\n<div class=\"column\">\n<p>Farbe: zartes, leuchtendes Strohgelb<br \/>\nNase: fruchtige Noten, vorwiegend von Banane und gr\u00fcnem Apfel<br \/>\nGaumen: voll, gutes Volumen und ein frischer, vollmundiger Abgang<\/p>\n<\/div>\n<\/div>\n<\/div>\n<\/div>\n<\/div>\n<\/div>\n<\/div>\n<\/div>\n<\/div>\n<\/td>\n<\/tr>\n<tr>\n<td align=\"right\">\n<div class=\"page\" title=\"Page 11\">\n<div class=\"layoutArea\">\n<div class=\"column\">\n<p>Speiseempfehlung<\/p>\n<\/div>\n<\/div>\n<\/div>\n<\/td>\n<td>\n<div class=\"page\" title=\"Page 10\">\n<div class=\"layoutArea\">\n<div class=\"column\">\n<div class=\"page\" title=\"Page 12\">\n<div class=\"layoutArea\">\n<div class=\"column\">\n<div class=\"page\" title=\"Page 11\">\n<div class=\"layoutArea\">\n<div class=\"column\">\n<p>Vorspeisen, Salami, Tortellini, Pasta, Fisch, Gem\u00fcse und Gefl\u00fcgel<\/p>\n<\/div>\n<\/div>\n<\/div>\n<\/div>\n<\/div>\n<\/div>\n<\/div>\n<\/div>\n<\/div>\n<\/td>\n<\/tr>\n<\/tbody>\n<\/table>\n<p><\/div>[\/vc_column][\/vc_row][vc_row][vc_column][\/vc_column][\/vc_row]<\/p>\n","protected":false},"excerpt":{"rendered":"<p>[vc_row][vc_column width=&#8220;1\/2&#8243;][vc_column_text css_animation=&#8220;none&#8220;] CUSTOZA DOC Custoza DOC er wurde 2013 in die Produktion des Unternehmens aufgenommen, angesichts der Tatsache, dass das Unternehmen wei\u00dfe Trauben in signi&amp;kanter Qualit\u00e4t und Quantit\u00e4t besitzt. Eine weitere Herausforderung, die einen DOC-Wein mit ausgepr\u00e4gter, aus den Eigenschaften verschiedener Trauben resultierender Komplexit\u00e4t hervorgebracht hat, der am Markt einen seinem Potential entsprechenden Platz [&hellip;]<\/p>\n","protected":false},"author":16,"featured_media":2297,"parent":0,"menu_order":0,"comment_status":"closed","ping_status":"closed","template":"","meta":{"footnotes":""},"class_list":["post-2014","page","type-page","status-publish","has-post-thumbnail","hentry"],"yoast_head":"<!-- This site is optimized with the Yoast SEO plugin v26.8 - https:\/\/yoast.com\/product\/yoast-seo-wordpress\/ -->\n<title>Custoza DOC - Azienda Agricola Giovanna Tantini<\/title>\n<meta name=\"description\" content=\"Custoza DOC er wurde 2013 in die Produktion des Unternehmens aufgenommen, angesichts der Tatsache, dass das Unternehmen wei\u00dfe Trauben\" \/>\n<meta name=\"robots\" content=\"index, follow, max-snippet:-1, max-image-preview:large, max-video-preview:-1\" \/>\n<link rel=\"canonical\" href=\"https:\/\/giovannatantini.it\/de\/custoza-doc\/\" \/>\n<meta property=\"og:locale\" content=\"de_DE\" \/>\n<meta property=\"og:type\" content=\"article\" \/>\n<meta property=\"og:title\" content=\"Custoza DOC - Azienda Agricola Giovanna Tantini\" \/>\n<meta property=\"og:description\" content=\"Custoza DOC er wurde 2013 in die Produktion des Unternehmens aufgenommen, angesichts der Tatsache, dass das Unternehmen wei\u00dfe Trauben\" \/>\n<meta property=\"og:url\" content=\"https:\/\/giovannatantini.it\/de\/custoza-doc\/\" \/>\n<meta property=\"og:site_name\" content=\"Azienda Agricola Giovanna Tantini\" \/>\n<meta property=\"article:modified_time\" content=\"2025-04-04T09:30:15+00:00\" \/>\n<meta property=\"og:image\" content=\"https:\/\/giovannatantini.it\/wp-content\/uploads\/2018\/05\/4.1.jpg\" \/>\n\t<meta property=\"og:image:width\" content=\"666\" \/>\n\t<meta property=\"og:image:height\" content=\"425\" \/>\n\t<meta property=\"og:image:type\" content=\"image\/jpeg\" \/>\n<meta name=\"twitter:card\" content=\"summary_large_image\" \/>\n<meta name=\"twitter:label1\" content=\"Gesch\u00e4tzte Lesezeit\" \/>\n\t<meta name=\"twitter:data1\" content=\"2\u00a0Minuten\" \/>\n<script type=\"application\/ld+json\" class=\"yoast-schema-graph\">{\"@context\":\"https:\/\/schema.org\",\"@graph\":[{\"@type\":\"WebPage\",\"@id\":\"https:\/\/giovannatantini.it\/de\/custoza-doc\/\",\"url\":\"https:\/\/giovannatantini.it\/de\/custoza-doc\/\",\"name\":\"Custoza DOC - Azienda Agricola Giovanna Tantini\",\"isPartOf\":{\"@id\":\"https:\/\/giovannatantini.it\/#website\"},\"primaryImageOfPage\":{\"@id\":\"https:\/\/giovannatantini.it\/de\/custoza-doc\/#primaryimage\"},\"image\":{\"@id\":\"https:\/\/giovannatantini.it\/de\/custoza-doc\/#primaryimage\"},\"thumbnailUrl\":\"https:\/\/giovannatantini.it\/wp-content\/uploads\/2018\/05\/4.1.jpg\",\"datePublished\":\"2019-02-05T10:32:29+00:00\",\"dateModified\":\"2025-04-04T09:30:15+00:00\",\"description\":\"Custoza DOC er wurde 2013 in die Produktion des Unternehmens aufgenommen, angesichts der Tatsache, dass das Unternehmen wei\u00dfe Trauben\",\"breadcrumb\":{\"@id\":\"https:\/\/giovannatantini.it\/de\/custoza-doc\/#breadcrumb\"},\"inLanguage\":\"de\",\"potentialAction\":[{\"@type\":\"ReadAction\",\"target\":[\"https:\/\/giovannatantini.it\/de\/custoza-doc\/\"]}]},{\"@type\":\"ImageObject\",\"inLanguage\":\"de\",\"@id\":\"https:\/\/giovannatantini.it\/de\/custoza-doc\/#primaryimage\",\"url\":\"https:\/\/giovannatantini.it\/wp-content\/uploads\/2018\/05\/4.1.jpg\",\"contentUrl\":\"https:\/\/giovannatantini.it\/wp-content\/uploads\/2018\/05\/4.1.jpg\",\"width\":666,\"height\":425,\"caption\":\"Custoza DOC\"},{\"@type\":\"BreadcrumbList\",\"@id\":\"https:\/\/giovannatantini.it\/de\/custoza-doc\/#breadcrumb\",\"itemListElement\":[{\"@type\":\"ListItem\",\"position\":1,\"name\":\"Home\",\"item\":\"https:\/\/giovannatantini.it\/de\/\"},{\"@type\":\"ListItem\",\"position\":2,\"name\":\"Custoza DOC\"}]},{\"@type\":\"WebSite\",\"@id\":\"https:\/\/giovannatantini.it\/#website\",\"url\":\"https:\/\/giovannatantini.it\/\",\"name\":\"Azienda Agricola Giovanna Tantini\",\"description\":\"Vini DOC e IGT - Agriturismo B&amp;B - Vendita\",\"potentialAction\":[{\"@type\":\"SearchAction\",\"target\":{\"@type\":\"EntryPoint\",\"urlTemplate\":\"https:\/\/giovannatantini.it\/?s={search_term_string}\"},\"query-input\":{\"@type\":\"PropertyValueSpecification\",\"valueRequired\":true,\"valueName\":\"search_term_string\"}}],\"inLanguage\":\"de\"}]}<\/script>\n<!-- \/ Yoast SEO plugin. -->","yoast_head_json":{"title":"Custoza DOC - Azienda Agricola Giovanna Tantini","description":"Custoza DOC er wurde 2013 in die Produktion des Unternehmens aufgenommen, angesichts der Tatsache, dass das Unternehmen wei\u00dfe Trauben","robots":{"index":"index","follow":"follow","max-snippet":"max-snippet:-1","max-image-preview":"max-image-preview:large","max-video-preview":"max-video-preview:-1"},"canonical":"https:\/\/giovannatantini.it\/de\/custoza-doc\/","og_locale":"de_DE","og_type":"article","og_title":"Custoza DOC - Azienda Agricola Giovanna Tantini","og_description":"Custoza DOC er wurde 2013 in die Produktion des Unternehmens aufgenommen, angesichts der Tatsache, dass das Unternehmen wei\u00dfe Trauben","og_url":"https:\/\/giovannatantini.it\/de\/custoza-doc\/","og_site_name":"Azienda Agricola Giovanna Tantini","article_modified_time":"2025-04-04T09:30:15+00:00","og_image":[{"width":666,"height":425,"url":"https:\/\/giovannatantini.it\/wp-content\/uploads\/2018\/05\/4.1.jpg","type":"image\/jpeg"}],"twitter_card":"summary_large_image","twitter_misc":{"Gesch\u00e4tzte Lesezeit":"2\u00a0Minuten"},"schema":{"@context":"https:\/\/schema.org","@graph":[{"@type":"WebPage","@id":"https:\/\/giovannatantini.it\/de\/custoza-doc\/","url":"https:\/\/giovannatantini.it\/de\/custoza-doc\/","name":"Custoza DOC - Azienda Agricola Giovanna Tantini","isPartOf":{"@id":"https:\/\/giovannatantini.it\/#website"},"primaryImageOfPage":{"@id":"https:\/\/giovannatantini.it\/de\/custoza-doc\/#primaryimage"},"image":{"@id":"https:\/\/giovannatantini.it\/de\/custoza-doc\/#primaryimage"},"thumbnailUrl":"https:\/\/giovannatantini.it\/wp-content\/uploads\/2018\/05\/4.1.jpg","datePublished":"2019-02-05T10:32:29+00:00","dateModified":"2025-04-04T09:30:15+00:00","description":"Custoza DOC er wurde 2013 in die Produktion des Unternehmens aufgenommen, angesichts der Tatsache, dass das Unternehmen wei\u00dfe Trauben","breadcrumb":{"@id":"https:\/\/giovannatantini.it\/de\/custoza-doc\/#breadcrumb"},"inLanguage":"de","potentialAction":[{"@type":"ReadAction","target":["https:\/\/giovannatantini.it\/de\/custoza-doc\/"]}]},{"@type":"ImageObject","inLanguage":"de","@id":"https:\/\/giovannatantini.it\/de\/custoza-doc\/#primaryimage","url":"https:\/\/giovannatantini.it\/wp-content\/uploads\/2018\/05\/4.1.jpg","contentUrl":"https:\/\/giovannatantini.it\/wp-content\/uploads\/2018\/05\/4.1.jpg","width":666,"height":425,"caption":"Custoza DOC"},{"@type":"BreadcrumbList","@id":"https:\/\/giovannatantini.it\/de\/custoza-doc\/#breadcrumb","itemListElement":[{"@type":"ListItem","position":1,"name":"Home","item":"https:\/\/giovannatantini.it\/de\/"},{"@type":"ListItem","position":2,"name":"Custoza DOC"}]},{"@type":"WebSite","@id":"https:\/\/giovannatantini.it\/#website","url":"https:\/\/giovannatantini.it\/","name":"Azienda Agricola Giovanna Tantini","description":"Vini DOC e IGT - Agriturismo B&amp;B - Vendita","potentialAction":[{"@type":"SearchAction","target":{"@type":"EntryPoint","urlTemplate":"https:\/\/giovannatantini.it\/?s={search_term_string}"},"query-input":{"@type":"PropertyValueSpecification","valueRequired":true,"valueName":"search_term_string"}}],"inLanguage":"de"}]}},"_links":{"self":[{"href":"https:\/\/giovannatantini.it\/de\/wp-json\/wp\/v2\/pages\/2014","targetHints":{"allow":["GET"]}}],"collection":[{"href":"https:\/\/giovannatantini.it\/de\/wp-json\/wp\/v2\/pages"}],"about":[{"href":"https:\/\/giovannatantini.it\/de\/wp-json\/wp\/v2\/types\/page"}],"author":[{"embeddable":true,"href":"https:\/\/giovannatantini.it\/de\/wp-json\/wp\/v2\/users\/16"}],"replies":[{"embeddable":true,"href":"https:\/\/giovannatantini.it\/de\/wp-json\/wp\/v2\/comments?post=2014"}],"version-history":[{"count":8,"href":"https:\/\/giovannatantini.it\/de\/wp-json\/wp\/v2\/pages\/2014\/revisions"}],"predecessor-version":[{"id":4603,"href":"https:\/\/giovannatantini.it\/de\/wp-json\/wp\/v2\/pages\/2014\/revisions\/4603"}],"wp:featuredmedia":[{"embeddable":true,"href":"https:\/\/giovannatantini.it\/de\/wp-json\/wp\/v2\/media\/2297"}],"wp:attachment":[{"href":"https:\/\/giovannatantini.it\/de\/wp-json\/wp\/v2\/media?parent=2014"}],"curies":[{"name":"wp","href":"https:\/\/api.w.org\/{rel}","templated":true}]}}